{"id":23262,"date":"2013-08-23T07:54:38","date_gmt":"2013-08-23T07:54:38","guid":{"rendered":"https:\/\/shop.metal-badge.ch\/?product=barometre-altimetre-zd-2068-multi-fonctions-digitales-6-en-1"},"modified":"2023-10-25T23:17:25","modified_gmt":"2023-10-25T21:17:25","slug":"barometre-altimetre-zd-2068-multi-fonctions-digitales-6-en-1","status":"publish","type":"product","link":"https:\/\/metal-badge.ch\/fr\/product\/23262\/barometre-altimetre-zd-2068-multi-fonctions-digitales-6-en-1\/","title":{"rendered":"Barom\u00e8tre altim\u00e8tre ZD-2068 Multi-fonctions digitales 6 en 1"},"content":{"rendered":"<p>Cet appareil petit et maniable est l\u2019accompagnant id\u00e9al pour les activit\u00e9s outdoor, le sport, la randonn\u00e9e, etc\u2026Cet appareil multifonctions comprend six fonctions \u2013 altim\u00e8tre digital, barom\u00e8tre, thermom\u00e8tre, boussole, pr\u00e9visions m\u00e9t\u00e9orologiques ainsi que les donn\u00e9es temporelles. Toutes ces fonctions sont affich\u00e9es sur l\u2019\u00e9cran LCD avec une lumi\u00e8re vive LED verte clair. Cet appareil est tr\u00e8s facile d\u2019utilisation et commode \u00e0 porter. L\u2019appareil est \u00e9quip\u00e9 d\u2019un cordon avec raccord d\u2019alimentation. Inclut un mode d\u2019emploi en anglais.<\/p>\n<p><b>Donn\u00e9es techniques:<\/b><br \/>\nCouleur: jaune \/ gris<br \/>\nBatterie : 1x batterie lithium CR 2032 jointe \u00e0 la livraison<br \/>\nDimensions : Longueur : 90mm Largeur : 50mm Hauteur : 16mm<br \/>\n4 touches de fonction simples d\u2019utilisation<br \/>\nMode d\u2019emploi fourni<\/p>\n<p><b>Informations sur les fonctionnalit\u00e9s:<\/b><\/p>\n<p><b>Altim\u00e8tre:<\/b><br \/>\n-700 \u00e0 +9000m (-2296 \u00e0 29500 pieds). R\u00e9solution de la distance \u00e0 1 m\u00e8tre ou 3 pieds<br \/>\n256 dessins<br \/>\nR\u00e9glage de l\u2019\u00e9cart<\/p>\n<p><b>Barom\u00e8tre:<\/b><br \/>\n350mbar 1100mbar \/ R\u00e9solution 0,1mbar<\/p>\n<p><b>Boussole:<br \/>\n<\/b>Quatre modes d\u2019affichage possibles<br \/>\nHaute pr\u00e9cision : \u00b12 degr\u00e9s<br \/>\nAffichage du mode \u00e0 16 rep\u00e8res<br \/>\nR\u00e9glage de la d\u00e9viation de l\u2019aiguille<\/p>\n<p><b>Thermom\u00e8tre: <\/b><br \/>\nThermom\u00e8tre -5 \u00e0 +50 (en Fahrenheit ou Celsius, s\u00e9lectionnable au choix)<\/p>\n<p><b>Pr\u00e9visions m\u00e9t\u00e9orologiques:<\/b><br \/>\nLes pr\u00e9visions m\u00e9t\u00e9o sur les 12 \u00e0 24 prochaines heures<br \/>\nQuatre statuts m\u00e9t\u00e9o reconnaissables par un symbole indiquant les conditions m\u00e9t\u00e9orologiques.<b><br \/>\n<\/b><\/p>\n<p><b>Donn\u00e9es temporelles:<\/b><br \/>\nTemps avec les heures, les minutes ainsi que les 24h.<br \/>\nMode \u00e9conomie d\u2019energie (manuel)<br \/>\nR\u00e9tro\u00e9clairage LED vert de 3 secondes<\/p>\n","protected":false},"excerpt":{"rendered":"<p>Cet appareil petit et maniable est l\u2019accompagnant id\u00e9al pour les activit\u00e9s outdoor, le sport, la randonn\u00e9e, etc\u2026Cet appareil multifonctions comprend six fonctions \u2013 altim\u00e8tre digital, barom\u00e8tre, thermom\u00e8tre, boussole, pr\u00e9visions m\u00e9t\u00e9orologiques ainsi que les donn\u00e9es temporelles. Toutes ces fonctions sont affich\u00e9es sur l\u2019\u00e9cran LCD avec une lumi\u00e8re vive LED verte clair. Cet appareil est tr\u00e8s facile [&hellip;]<\/p>\n","protected":false},"featured_media":92613,"comment_status":"open","ping_status":"closed","template":"","meta":{"inline_featured_image":false},"product_brand":[],"product_cat":[1347,1698],"product_tag":[1769,1773],"class_list":{"0":"post-23262","1":"product","2":"type-product","3":"status-publish","4":"has-post-thumbnail","6":"product_cat-accessoires-militaires-de-chasse","7":"product_cat-boussoles","8":"product_tag-army-survival-fr","9":"product_tag-chasse-peche","11":"first","12":"instock","13":"taxable","14":"shipping-taxable","15":"purchasable","16":"product-type-simple"},"_links":{"self":[{"href":"https:\/\/metal-badge.ch\/fr\/wp-json\/wp\/v2\/product\/23262","targetHints":{"allow":["GET"]}}],"collection":[{"href":"https:\/\/metal-badge.ch\/fr\/wp-json\/wp\/v2\/product"}],"about":[{"href":"https:\/\/metal-badge.ch\/fr\/wp-json\/wp\/v2\/types\/product"}],"replies":[{"embeddable":true,"href":"https:\/\/metal-badge.ch\/fr\/wp-json\/wp\/v2\/comments?post=23262"}],"wp:featuredmedia":[{"embeddable":true,"href":"https:\/\/metal-badge.ch\/fr\/wp-json\/wp\/v2\/media\/92613"}],"wp:attachment":[{"href":"https:\/\/metal-badge.ch\/fr\/wp-json\/wp\/v2\/media?parent=23262"}],"wp:term":[{"taxonomy":"product_brand","embeddable":true,"href":"https:\/\/metal-badge.ch\/fr\/wp-json\/wp\/v2\/product_brand?post=23262"},{"taxonomy":"product_cat","embeddable":true,"href":"https:\/\/metal-badge.ch\/fr\/wp-json\/wp\/v2\/product_cat?post=23262"},{"taxonomy":"product_tag","embeddable":true,"href":"https:\/\/metal-badge.ch\/fr\/wp-json\/wp\/v2\/product_tag?post=23262"}],"curies":[{"name":"wp","href":"https:\/\/api.w.org\/{rel}","templated":true}]}}