{"id":23251,"date":"2013-08-23T07:31:51","date_gmt":"2013-08-23T07:31:51","guid":{"rendered":"https:\/\/shop.metal-badge.ch\/?product=bouchons-de-protection-auditive-coniques"},"modified":"2013-08-23T07:33:24","modified_gmt":"2013-08-23T07:33:24","slug":"bouchons-de-protection-auditive-coniques","status":"publish","type":"product","link":"https:\/\/metal-badge.ch\/fr\/product\/23251\/bouchons-de-protection-auditive-coniques\/","title":{"rendered":"Bouchons de protection auditive coniques"},"content":{"rendered":"<p><b>Faites plaisir \u00e0 votre ou\u00efe, enfin le silence !<\/b><\/p>\n<p><img decoding=\"async\" src=\"https:\/\/metal-badge.ch\/wp-content\/uploads\/content\/ohrstoepsel_2nd.jpg\" align=\"right\" width=\"200px\" alt=\"\"><\/p>\n<p><b>Bouchons auditifs<\/b> pour usage intensif de toute sorte, pour les concerts, les nuisances urbaines, les a\u00e9roports, les op\u00e9rations militaires et polici\u00e8res, ou encore \u00e0 domicile lors de la tonte de la pelouse ou contre les bruits de ronflement, vous acqu\u00e9rez un silence durable.<br \/>\nLes bouchons de protection auditive 3M sont tr\u00e8s appr\u00e9ci\u00e9s pour les t\u00e2ches bruyantes, amortissant fortement les hautes fr\u00e9quences et aussi agissant de mani\u00e8re tr\u00e8s efficace sur les basses fr\u00e9quences. Le niveau de fr\u00e9quence le plus \u00e9lev\u00e9 de la voix (2 kHz) est plus mod\u00e9r\u00e9ment att\u00e9nu\u00e9 que le bruit basses fr\u00e9quences de sorte que la compr\u00e9hension du langage soit maintenue.<br \/>\nLes bouchons de protection auditive 3M sont bon march\u00e9, hygi\u00e9niques et ont une valeur d\u2019att\u00e9nuation sonore \u00e9tonnamment \u00e9lev\u00e9e.<br \/>\nFaites tourner simplement les bouchons entre vos doigts. Il s\u2019agit de bouchons mous en polyur\u00e9thane.<br \/>\nPuis ins\u00e9rez les boutons dans les conduits auditifs. Apr\u00e8s quelques secondes les bouchons se gonflent et s\u2019adaptent individuellement au conduit auditif. <\/p>\n<p>Couleur orange, amortissement sonore de 30 d\u00e9cibels, mati\u00e8re polyur\u00e9thane, emballage Polybag 2 pi\u00e8ces, marque 3M<\/p>\n<p>Prix:<br \/>\npar paquet \/ paire : 2,- Francs suisses<br \/>\nPaquet de 10 \/ 20 pi\u00e8ces = 10,- Francs suisses<br \/>\nPaquet de 50 \/ 100 pi\u00e8ces = 40,- Francs suisses<br \/>\nPaquet de 500 \/ 1000 pi\u00e8ces = 300,- Francs suisses<br \/>\nPaquet de 1000 \/ 2000 pi\u00e8ces = 500,- Francs suisses<\/p>\n<p>En cas de volumes de commande sup\u00e9rieurs \u00e0 1000 unit\u00e9s, veuillez nous \u00e9crire pour d\u00e9terminer le montant de Votre remise.<\/p>\n","protected":false},"excerpt":{"rendered":"<p>Faites plaisir \u00e0 votre ou\u00efe, enfin le silence ! Bouchons auditifs pour usage intensif de toute sorte, pour les concerts, les nuisances urbaines, les a\u00e9roports, les op\u00e9rations militaires et polici\u00e8res, ou encore \u00e0 domicile lors de la tonte de la pelouse ou contre les bruits de ronflement, vous acqu\u00e9rez un silence durable. Les bouchons de [&hellip;]<\/p>\n","protected":false},"featured_media":55834,"comment_status":"open","ping_status":"closed","template":"","meta":{"inline_featured_image":false},"product_brand":[],"product_cat":[1347,1702],"product_tag":[1769,1777,1773,1781,1765],"class_list":{"0":"post-23251","1":"product","2":"type-product","3":"status-publish","4":"has-post-thumbnail","6":"product_cat-accessoires-militaires-de-chasse","7":"product_cat-protection-auditive-bouchons-doreille","8":"product_tag-army-survival-fr","9":"product_tag-camping-voyage","10":"product_tag-chasse-peche","11":"product_tag-police-securite","12":"product_tag-sport-outdoor-fr","14":"first","15":"instock","16":"taxable","17":"shipping-taxable","18":"purchasable","19":"product-type-simple"},"_links":{"self":[{"href":"https:\/\/metal-badge.ch\/fr\/wp-json\/wp\/v2\/product\/23251","targetHints":{"allow":["GET"]}}],"collection":[{"href":"https:\/\/metal-badge.ch\/fr\/wp-json\/wp\/v2\/product"}],"about":[{"href":"https:\/\/metal-badge.ch\/fr\/wp-json\/wp\/v2\/types\/product"}],"replies":[{"embeddable":true,"href":"https:\/\/metal-badge.ch\/fr\/wp-json\/wp\/v2\/comments?post=23251"}],"wp:featuredmedia":[{"embeddable":true,"href":"https:\/\/metal-badge.ch\/fr\/wp-json\/wp\/v2\/media\/55834"}],"wp:attachment":[{"href":"https:\/\/metal-badge.ch\/fr\/wp-json\/wp\/v2\/media?parent=23251"}],"wp:term":[{"taxonomy":"product_brand","embeddable":true,"href":"https:\/\/metal-badge.ch\/fr\/wp-json\/wp\/v2\/product_brand?post=23251"},{"taxonomy":"product_cat","embeddable":true,"href":"https:\/\/metal-badge.ch\/fr\/wp-json\/wp\/v2\/product_cat?post=23251"},{"taxonomy":"product_tag","embeddable":true,"href":"https:\/\/metal-badge.ch\/fr\/wp-json\/wp\/v2\/product_tag?post=23251"}],"curies":[{"name":"wp","href":"https:\/\/api.w.org\/{rel}","templated":true}]}}