{"id":23244,"date":"2013-08-23T06:32:23","date_gmt":"2013-08-23T06:32:23","guid":{"rendered":"https:\/\/shop.metal-badge.ch\/?product=bouchons-de-protection-auditive-3m"},"modified":"2020-11-06T16:04:48","modified_gmt":"2020-11-06T15:04:48","slug":"bouchons-de-protection-auditive-3m","status":"publish","type":"product","link":"https:\/\/metal-badge.ch\/fr\/product\/23244\/bouchons-de-protection-auditive-3m\/","title":{"rendered":"Bouchons de protection auditive 3M"},"content":{"rendered":"<p>Avec cordon<br \/>\nCes bouchons auditifs de grande qualit\u00e9 de la marque 3M sont pr\u00e9dispos\u00e9s aussi bien aux usages rapides qu\u2019aux utilisations plus longues. Domaines d\u2019application : b\u00e2timent, a\u00e9roport, concerts, machines-outils, m\u00e9tallurgie, atelier, exploitation foresti\u00e8re, horticulture, hobby, etc\u2026Les bouchons auditives rattach\u00e9s par un cordon sont faciles \u00e0 utiliser et agr\u00e9ables \u00e0 porter. Les bouchons de silicone mous offrent un plus grand confort et assurent un amortissement du bruit jusqu\u2019\u00e0 30 d\u00e9cibels. Ils se caract\u00e9risent par une r\u00e9alisation de haute qualit\u00e9 et une longue dur\u00e9e de vie. Les bouchons peuvent \u00eatre lav\u00e9s et utilisables maintes fois.<\/p>\n<p>Couleur : bouchons jaunes \/ cordon vinyl bleu<br \/>\nLongueur du cordon vinyl : 60cm<\/p>\n<p>Prix:<br \/>\nA l\u2019unit\u00e9 = 1,20 Francs suisses<br \/>\nA la dizaine = 10,- Francs suisses<br \/>\nPar paquets de 50 = 40,- Francs suisses<br \/>\nPar paquets de 500 = 300,- Francs suisses<br \/>\nPar paquets de 1000 = 500,- Francs suisses<\/p>\n<p>En cas de volumes de commande sup\u00e9rieurs \u00e0 1000 unit\u00e9s, veuillez nous \u00e9crire pour d\u00e9terminer le montant de votre remise.<\/p>\n","protected":false},"excerpt":{"rendered":"<p>Avec cordon Ces bouchons auditifs de grande qualit\u00e9 de la marque 3M sont pr\u00e9dispos\u00e9s aussi bien aux usages rapides qu\u2019aux utilisations plus longues. Domaines d\u2019application : b\u00e2timent, a\u00e9roport, concerts, machines-outils, m\u00e9tallurgie, atelier, exploitation foresti\u00e8re, horticulture, hobby, etc\u2026Les bouchons auditives rattach\u00e9s par un cordon sont faciles \u00e0 utiliser et agr\u00e9ables \u00e0 porter. Les bouchons de silicone [&hellip;]<\/p>\n","protected":false},"featured_media":74686,"comment_status":"open","ping_status":"closed","template":"","meta":{"inline_featured_image":false},"product_brand":[],"product_cat":[1347,1702],"product_tag":[1769,1777,1773,1781,1765],"class_list":{"0":"post-23244","1":"product","2":"type-product","3":"status-publish","4":"has-post-thumbnail","6":"product_cat-accessoires-militaires-de-chasse","7":"product_cat-protection-auditive-bouchons-doreille","8":"product_tag-army-survival-fr","9":"product_tag-camping-voyage","10":"product_tag-chasse-peche","11":"product_tag-police-securite","12":"product_tag-sport-outdoor-fr","14":"first","15":"instock","16":"taxable","17":"shipping-taxable","18":"purchasable","19":"product-type-simple"},"_links":{"self":[{"href":"https:\/\/metal-badge.ch\/fr\/wp-json\/wp\/v2\/product\/23244","targetHints":{"allow":["GET"]}}],"collection":[{"href":"https:\/\/metal-badge.ch\/fr\/wp-json\/wp\/v2\/product"}],"about":[{"href":"https:\/\/metal-badge.ch\/fr\/wp-json\/wp\/v2\/types\/product"}],"replies":[{"embeddable":true,"href":"https:\/\/metal-badge.ch\/fr\/wp-json\/wp\/v2\/comments?post=23244"}],"wp:featuredmedia":[{"embeddable":true,"href":"https:\/\/metal-badge.ch\/fr\/wp-json\/wp\/v2\/media\/74686"}],"wp:attachment":[{"href":"https:\/\/metal-badge.ch\/fr\/wp-json\/wp\/v2\/media?parent=23244"}],"wp:term":[{"taxonomy":"product_brand","embeddable":true,"href":"https:\/\/metal-badge.ch\/fr\/wp-json\/wp\/v2\/product_brand?post=23244"},{"taxonomy":"product_cat","embeddable":true,"href":"https:\/\/metal-badge.ch\/fr\/wp-json\/wp\/v2\/product_cat?post=23244"},{"taxonomy":"product_tag","embeddable":true,"href":"https:\/\/metal-badge.ch\/fr\/wp-json\/wp\/v2\/product_tag?post=23244"}],"curies":[{"name":"wp","href":"https:\/\/api.w.org\/{rel}","templated":true}]}}