{"id":23238,"date":"2013-08-22T17:13:45","date_gmt":"2013-08-22T17:13:45","guid":{"rendered":"https:\/\/shop.metal-badge.ch\/?product=boussole-multifonctions-10-en-1"},"modified":"2020-08-01T23:50:37","modified_gmt":"2020-08-01T23:50:37","slug":"boussole-multifonctions-10-en-1","status":"publish","type":"product","link":"https:\/\/metal-badge.ch\/fr\/product\/23238\/boussole-multifonctions-10-en-1\/","title":{"rendered":"Boussole multifonctions 10 en 1"},"content":{"rendered":"<p>Cette boussole multifonctions avec \u00e9quipement de survie poss\u00e8de tout ce dont on a besoin pour s\u2019orienter. Boussole, thermom\u00e8tre, hygrom\u00e8tre pour mesurer l\u2019humidit\u00e9, r\u00e9flecteur pour signaliser, niveau \u00e0 bulle, pierre \u00e0 briquet pour d\u00e9marrer un feu, sifflet, r\u00e8gle, loupe, et dans l\u2019obscurit\u00e9 vous pouvez lire une carte gr\u00e2ce \u00e0 une lumi\u00e8re LED. N\u2019oubliez pas cette boussole \u00e0 tout faire dans votre prochaine vir\u00e9e en camping!<\/p>\n<p>Poids : 60gr<br \/>\nLargeur : 4cm<br \/>\nLongueur : 7cm referm\u00e9e<br \/>\nLongueur ouverte : 14cm<br \/>\nEpaisseur: 2,5cm referm\u00e9e<br \/>\nEpaisseur ouverte : 1,3cm<br \/>\nCouleur : vert olive<br \/>\nAvec une dragonne au poignet \/ sangle noire <br \/>\n1x pile plate ronde CR 1220 livr\u00e9e dans l\u2019emballage<\/p>\n","protected":false},"excerpt":{"rendered":"<p>Cette boussole multifonctions avec \u00e9quipement de survie poss\u00e8de tout ce dont on a besoin pour s\u2019orienter. Boussole, thermom\u00e8tre, hygrom\u00e8tre pour mesurer l\u2019humidit\u00e9, r\u00e9flecteur pour signaliser, niveau \u00e0 bulle, pierre \u00e0 briquet pour d\u00e9marrer un feu, sifflet, r\u00e8gle, loupe, et dans l\u2019obscurit\u00e9 vous pouvez lire une carte gr\u00e2ce \u00e0 une lumi\u00e8re LED. N\u2019oubliez pas cette boussole [&hellip;]<\/p>\n","protected":false},"featured_media":92615,"comment_status":"open","ping_status":"closed","template":"","meta":{"inline_featured_image":false},"product_brand":[],"product_cat":[1347,1698],"product_tag":[1769,1777,1773,1765],"class_list":{"0":"post-23238","1":"product","2":"type-product","3":"status-publish","4":"has-post-thumbnail","6":"product_cat-accessoires-militaires-de-chasse","7":"product_cat-boussoles","8":"product_tag-army-survival-fr","9":"product_tag-camping-voyage","10":"product_tag-chasse-peche","11":"product_tag-sport-outdoor-fr","13":"first","14":"instock","15":"taxable","16":"shipping-taxable","17":"purchasable","18":"product-type-simple"},"_links":{"self":[{"href":"https:\/\/metal-badge.ch\/fr\/wp-json\/wp\/v2\/product\/23238","targetHints":{"allow":["GET"]}}],"collection":[{"href":"https:\/\/metal-badge.ch\/fr\/wp-json\/wp\/v2\/product"}],"about":[{"href":"https:\/\/metal-badge.ch\/fr\/wp-json\/wp\/v2\/types\/product"}],"replies":[{"embeddable":true,"href":"https:\/\/metal-badge.ch\/fr\/wp-json\/wp\/v2\/comments?post=23238"}],"wp:featuredmedia":[{"embeddable":true,"href":"https:\/\/metal-badge.ch\/fr\/wp-json\/wp\/v2\/media\/92615"}],"wp:attachment":[{"href":"https:\/\/metal-badge.ch\/fr\/wp-json\/wp\/v2\/media?parent=23238"}],"wp:term":[{"taxonomy":"product_brand","embeddable":true,"href":"https:\/\/metal-badge.ch\/fr\/wp-json\/wp\/v2\/product_brand?post=23238"},{"taxonomy":"product_cat","embeddable":true,"href":"https:\/\/metal-badge.ch\/fr\/wp-json\/wp\/v2\/product_cat?post=23238"},{"taxonomy":"product_tag","embeddable":true,"href":"https:\/\/metal-badge.ch\/fr\/wp-json\/wp\/v2\/product_tag?post=23238"}],"curies":[{"name":"wp","href":"https:\/\/api.w.org\/{rel}","templated":true}]}}