{"id":23210,"date":"2013-08-15T00:27:37","date_gmt":"2013-08-15T00:27:37","guid":{"rendered":"https:\/\/shop.metal-badge.ch\/?product=menottes-a-charnieres"},"modified":"2013-10-23T08:47:01","modified_gmt":"2013-10-23T08:47:01","slug":"menottes-a-charnieres","status":"publish","type":"product","link":"https:\/\/metal-badge.ch\/fr\/product\/23210\/menottes-a-charnieres\/","title":{"rendered":"Menottes \u00e0 charni\u00e8res"},"content":{"rendered":"<p>\n\tMenottes \u00e0 maillons avec verrouillage de s\u00e9curit\u00e9 en acier carbur\u00e9. Finition au nickel avec une application argent\u00e9e. La grosseur<br \/>\n\test r\u00e9glable. Ces menottes sont livr\u00e9s avec deux clefs et une pochette nylon avec un passant de ceinture.\n<\/p>\n<p>\n\tPoids: 300gr<br \/>\n\t<br \/>\n\tMat\u00e9riaux: acier<br \/>\n\t<br \/>\n\tGrosseur: cr\u00e9maill\u00e8re r\u00e9glable<br \/>\n\t<br \/>\n\tCouleur: argent brilliant<br \/>\n\t<br \/>\n\t2 x clefs<br \/>\n\t<br \/>\n\tPochette nylon noire<\/p>\n","protected":false},"excerpt":{"rendered":"<p>Menottes \u00e0 maillons avec verrouillage de s\u00e9curit\u00e9 en acier carbur\u00e9. Finition au nickel avec une application argent\u00e9e. La grosseur est r\u00e9glable. Ces menottes sont livr\u00e9s avec deux clefs et une pochette nylon avec un passant de ceinture. Poids: 300gr Mat\u00e9riaux: acier Grosseur: cr\u00e9maill\u00e8re r\u00e9glable Couleur: argent brilliant 2 x clefs Pochette nylon noire<\/p>\n","protected":false},"featured_media":92619,"comment_status":"open","ping_status":"closed","template":"","meta":{"inline_featured_image":false},"product_brand":[],"product_cat":[1463],"product_tag":[1781],"class_list":{"0":"post-23210","1":"product","2":"type-product","3":"status-publish","4":"has-post-thumbnail","6":"product_cat-menottes-bracelets-de-cheville-zak-tool","7":"product_tag-police-securite","9":"first","10":"instock","11":"taxable","12":"shipping-taxable","13":"purchasable","14":"product-type-simple"},"_links":{"self":[{"href":"https:\/\/metal-badge.ch\/fr\/wp-json\/wp\/v2\/product\/23210","targetHints":{"allow":["GET"]}}],"collection":[{"href":"https:\/\/metal-badge.ch\/fr\/wp-json\/wp\/v2\/product"}],"about":[{"href":"https:\/\/metal-badge.ch\/fr\/wp-json\/wp\/v2\/types\/product"}],"replies":[{"embeddable":true,"href":"https:\/\/metal-badge.ch\/fr\/wp-json\/wp\/v2\/comments?post=23210"}],"wp:featuredmedia":[{"embeddable":true,"href":"https:\/\/metal-badge.ch\/fr\/wp-json\/wp\/v2\/media\/92619"}],"wp:attachment":[{"href":"https:\/\/metal-badge.ch\/fr\/wp-json\/wp\/v2\/media?parent=23210"}],"wp:term":[{"taxonomy":"product_brand","embeddable":true,"href":"https:\/\/metal-badge.ch\/fr\/wp-json\/wp\/v2\/product_brand?post=23210"},{"taxonomy":"product_cat","embeddable":true,"href":"https:\/\/metal-badge.ch\/fr\/wp-json\/wp\/v2\/product_cat?post=23210"},{"taxonomy":"product_tag","embeddable":true,"href":"https:\/\/metal-badge.ch\/fr\/wp-json\/wp\/v2\/product_tag?post=23210"}],"curies":[{"name":"wp","href":"https:\/\/api.w.org\/{rel}","templated":true}]}}