{"id":23199,"date":"2013-08-15T00:10:02","date_gmt":"2013-08-15T00:10:02","guid":{"rendered":"https:\/\/shop.metal-badge.ch\/?product=trousse-de-premier-secours-s"},"modified":"2015-02-05T15:05:50","modified_gmt":"2015-02-05T15:05:50","slug":"trousse-de-premier-secours-s","status":"publish","type":"product","link":"https:\/\/metal-badge.ch\/fr\/product\/23199\/trousse-de-premier-secours-s\/","title":{"rendered":"Trousse de premier secours &#8211; S"},"content":{"rendered":"<p>\n\tTrousse de secours fonctionnelle \u00ab\u00a0trousse de premier secours\u00a0\u00bb\n<\/p>\n<p>\n\tCette trousse de premier secours maniable et compacte ne devrait pas manquer \u00e0 vos bagages ni \u00e0 votre domicile.\n<\/p>\n<p>\n\tEquipement int\u00e9rieur : six volets individuels larges de 11cm chacun. Ces compartiments pr\u00e9vus pour divers m\u00e9dicaments et bandages sont<br \/>\n\ttr\u00e8s \u00e9lastiques \/ souples. Quatre autres compartiments larges d&rsquo;environ 6cm se trouvent dans l&rsquo;autre c\u00f4t\u00e9 de la mallette. De plus cette<br \/>\n\ttrousse de secours est \u00e9quip\u00e9e d&rsquo;un volet avec fermeture \u00e9clair pour les documents et le mat\u00e9riel additionnel. Gr\u00e2ce \u00e0 quatre<br \/>\n\tbandes \u00e9lastiques, vous avez la possibilit\u00e9 d&rsquo;attacher d&rsquo;autres ustensiles. La fermeture \u00e9clair int\u00e9grale facilite l&rsquo;acc\u00e8s au<br \/>\n\tcontenu de la mallette.\n<\/p>\n<p>\n\tMat\u00e9riaux : nylon 420D r\u00e9sistant et hydrofuge<br \/>\n\t<br \/>\n\tPoids sans contenu : 400gr<br \/>\n\t<br \/>\n\tCouleur : Jaune<br \/>\n\t<br \/>\n\tDimensions : Longueur 25cm \/ Largeur 34cm \/ Profondeur 10cm\n<\/p>\n<p>\n\tDans le coffret livr\u00e9, vous trouverez \u00e9galement :<br \/>\n\t<br \/>\n\t1 x ciseaux<br \/>\n\t<br \/>\n\t1 x thermom\u00e8tre<br \/>\n\t<br \/>\n\t1 x grande pincette<br \/>\n\t<br \/>\n\t6 x grands gazes<br \/>\n\t<br \/>\n\tMasque<br \/>\n\t<br \/>\n\tCoton-tiges<br \/>\n\t<br \/>\n\tCouverture chauffante<br \/>\n\t<br \/>\n\tGants en caoutchouc<br \/>\n\t<br \/>\n\tSparadraps<br \/>\n\t<br \/>\n\tDivers bandages<br \/>\n\t<br \/>\n\t1 x lampe de diagnostic PENLIGHT haute qualit\u00e9 et stable. Finition en m\u00e9tal argent\u00e9.<\/p>\n","protected":false},"excerpt":{"rendered":"<p>Trousse de secours fonctionnelle \u00ab\u00a0trousse de premier secours\u00a0\u00bb Cette trousse de premier secours maniable et compacte ne devrait pas manquer \u00e0 vos bagages ni \u00e0 votre domicile. Equipement int\u00e9rieur : six volets individuels larges de 11cm chacun. Ces compartiments pr\u00e9vus pour divers m\u00e9dicaments et bandages sont tr\u00e8s \u00e9lastiques \/ souples. Quatre autres compartiments larges d&rsquo;environ [&hellip;]<\/p>\n","protected":false},"featured_media":92621,"comment_status":"open","ping_status":"closed","template":"","meta":{"inline_featured_image":false},"product_brand":[],"product_cat":[1059,1946,1650,1815],"product_tag":[1777,1773,1785,1765],"class_list":{"0":"post-23199","1":"product","2":"type-product","3":"status-publish","4":"has-post-thumbnail","6":"product_cat-sacs","7":"product_cat-organisations-lumiere-bleue-securite","8":"product_cat-sacs-dintervention","9":"product_cat-sacs-de-transport-de-voyage","10":"product_tag-camping-voyage","11":"product_tag-chasse-peche","12":"product_tag-premiers-secours-sauvetage","13":"product_tag-sport-outdoor-fr","15":"first","16":"instock","17":"taxable","18":"shipping-taxable","19":"purchasable","20":"product-type-simple"},"_links":{"self":[{"href":"https:\/\/metal-badge.ch\/fr\/wp-json\/wp\/v2\/product\/23199","targetHints":{"allow":["GET"]}}],"collection":[{"href":"https:\/\/metal-badge.ch\/fr\/wp-json\/wp\/v2\/product"}],"about":[{"href":"https:\/\/metal-badge.ch\/fr\/wp-json\/wp\/v2\/types\/product"}],"replies":[{"embeddable":true,"href":"https:\/\/metal-badge.ch\/fr\/wp-json\/wp\/v2\/comments?post=23199"}],"wp:featuredmedia":[{"embeddable":true,"href":"https:\/\/metal-badge.ch\/fr\/wp-json\/wp\/v2\/media\/92621"}],"wp:attachment":[{"href":"https:\/\/metal-badge.ch\/fr\/wp-json\/wp\/v2\/media?parent=23199"}],"wp:term":[{"taxonomy":"product_brand","embeddable":true,"href":"https:\/\/metal-badge.ch\/fr\/wp-json\/wp\/v2\/product_brand?post=23199"},{"taxonomy":"product_cat","embeddable":true,"href":"https:\/\/metal-badge.ch\/fr\/wp-json\/wp\/v2\/product_cat?post=23199"},{"taxonomy":"product_tag","embeddable":true,"href":"https:\/\/metal-badge.ch\/fr\/wp-json\/wp\/v2\/product_tag?post=23199"}],"curies":[{"name":"wp","href":"https:\/\/api.w.org\/{rel}","templated":true}]}}