{"id":23188,"date":"2013-08-14T23:15:39","date_gmt":"2013-08-14T23:15:39","guid":{"rendered":"https:\/\/shop.metal-badge.ch\/?product=valise-de-premier-secours"},"modified":"2015-02-05T15:05:48","modified_gmt":"2015-02-05T15:05:48","slug":"valise-de-premier-secours","status":"publish","type":"product","link":"https:\/\/metal-badge.ch\/fr\/product\/23188\/valise-de-premier-secours\/","title":{"rendered":"Valise de premier secours"},"content":{"rendered":"<p>\n\tMalette de secours fonctionnelle \u00ab\u00a0valise de premier secours\u00a0\u00bb\n<\/p>\n<p>\n\tCette valise de premier secours professionnelle maniable et compacte ne devrait pas manquer \u00e0 vos op\u00e9rations de sauvetage.<br \/>\n\tA l&rsquo;int\u00e9rieur : 5x boites individuelles amovibles en PVC et Nylon toutes dot\u00e9es d&rsquo;une fermeture \u00e9clair. Ces boites int\u00e9rieures sont<br \/>\n\tmaintenues au fond de la mallette par une bardane et peuvent \u00eatre ais\u00e9ment enlev\u00e9es et \u00e0 nouveau replac\u00e9es. A l&rsquo;int\u00e9rieur, un<br \/>\n\tvolet a \u00e9t\u00e9 pr\u00e9vu avec 12 x bandes \u00e9lastiques pour y loger diverses bouteilles, m\u00e9dicaments etc\u2026 ainsi que 4x bandes<br \/>\n\t\u00e9lastiques pour des outils.<br \/>\n\tLa pochette frontale ext\u00e9rieure, laquelle abrite deux compartiments avec fermeture \u00e9clair, offre de l&rsquo;espace en plus pour divers petits<br \/>\n\t\u00e9quipements.<\/p>\n<p>\tCette valise pour les pros est \u00e9quip\u00e9e d&rsquo;une sangle amovible ainsi que d&rsquo;une poign\u00e9e.\n<\/p>\n<p>\n\tMat\u00e9riaux : nylon 420D r\u00e9sistant et hydrofuge<br \/>\n\tPoids sans contenu : 1,5kg<br \/>\n\tCouleur : Jaune<br \/>\n\tDimensions : Longueur 36cm \/ Largeur 35cm \/ Profondeur 17cm<br \/>\n\tPoche ext\u00e9rieure : Longueur 27cm \/ Largeur 33cm \/ Profondeur 8cm\n<\/p>\n<p>\n\tDans le coffret livr\u00e9, vous trouverez \u00e9galement :<\/p>\n<p>\n\t1 x ciseaux<br \/>\n\t1 x thermom\u00e8tre<br \/>\n\t1 x grande pincette<br \/>\n\t6 x grands gazes<br \/>\n\tMasque<br \/>\n\tCoton-tiges<br \/>\n\tGants en caoutchouc<br \/>\n\tSparadraps<br \/>\n\tDivers bandages<br \/>\n\t1 x lampe de diagnostic PENLIGHT haute qualit\u00e9 et stable. Finition en m\u00e9tal argent\u00e9.<br \/>\n\t2 x \u00e9clisses universelles \u00e0 goupille au format standard 100x11cm<br \/>\n\tSert \u00e0 la mise en rail et \u00e0 l&rsquo;immobilisation des fractures et blessures sportives comme par exemple l&rsquo;\u00e9tirement des ligaments aux bras et<br \/>\n\taux jambes\n<\/p>\n<p>\n\tLa couche de mati\u00e8re souple peut en cas de n\u00e9cessit\u00e9 \u00eatre pr\u00e9form\u00e9e et \u00eatre adapt\u00e9e aux membres du corps, ou encore<br \/>\n\t\u00eatre d\u00e9coup\u00e9e selon les dimensions souhait\u00e9es. Transparent \u00e0 la radiographie.<\/p>\n","protected":false},"excerpt":{"rendered":"<p>Malette de secours fonctionnelle \u00ab\u00a0valise de premier secours\u00a0\u00bb Cette valise de premier secours professionnelle maniable et compacte ne devrait pas manquer \u00e0 vos op\u00e9rations de sauvetage. A l&rsquo;int\u00e9rieur : 5x boites individuelles amovibles en PVC et Nylon toutes dot\u00e9es d&rsquo;une fermeture \u00e9clair. Ces boites int\u00e9rieures sont maintenues au fond de la mallette par une bardane [&hellip;]<\/p>\n","protected":false},"featured_media":92623,"comment_status":"open","ping_status":"closed","template":"","meta":{"inline_featured_image":false},"product_brand":[],"product_cat":[1059,1946,1650,1815],"product_tag":[1777,1773,1785,1765],"class_list":{"0":"post-23188","1":"product","2":"type-product","3":"status-publish","4":"has-post-thumbnail","6":"product_cat-sacs","7":"product_cat-organisations-lumiere-bleue-securite","8":"product_cat-sacs-dintervention","9":"product_cat-sacs-de-transport-de-voyage","10":"product_tag-camping-voyage","11":"product_tag-chasse-peche","12":"product_tag-premiers-secours-sauvetage","13":"product_tag-sport-outdoor-fr","15":"first","16":"instock","17":"taxable","18":"shipping-taxable","19":"purchasable","20":"product-type-simple"},"_links":{"self":[{"href":"https:\/\/metal-badge.ch\/fr\/wp-json\/wp\/v2\/product\/23188","targetHints":{"allow":["GET"]}}],"collection":[{"href":"https:\/\/metal-badge.ch\/fr\/wp-json\/wp\/v2\/product"}],"about":[{"href":"https:\/\/metal-badge.ch\/fr\/wp-json\/wp\/v2\/types\/product"}],"replies":[{"embeddable":true,"href":"https:\/\/metal-badge.ch\/fr\/wp-json\/wp\/v2\/comments?post=23188"}],"wp:featuredmedia":[{"embeddable":true,"href":"https:\/\/metal-badge.ch\/fr\/wp-json\/wp\/v2\/media\/92623"}],"wp:attachment":[{"href":"https:\/\/metal-badge.ch\/fr\/wp-json\/wp\/v2\/media?parent=23188"}],"wp:term":[{"taxonomy":"product_brand","embeddable":true,"href":"https:\/\/metal-badge.ch\/fr\/wp-json\/wp\/v2\/product_brand?post=23188"},{"taxonomy":"product_cat","embeddable":true,"href":"https:\/\/metal-badge.ch\/fr\/wp-json\/wp\/v2\/product_cat?post=23188"},{"taxonomy":"product_tag","embeddable":true,"href":"https:\/\/metal-badge.ch\/fr\/wp-json\/wp\/v2\/product_tag?post=23188"}],"curies":[{"name":"wp","href":"https:\/\/api.w.org\/{rel}","templated":true}]}}