{"id":23166,"date":"2013-07-23T10:53:15","date_gmt":"2013-07-23T10:53:15","guid":{"rendered":"https:\/\/shop.metal-badge.ch\/?product=badge-holder-multiple"},"modified":"2020-12-28T05:09:45","modified_gmt":"2020-12-28T04:09:45","slug":"badge-holder-multiple-2","status":"publish","type":"product","link":"https:\/\/metal-badge.ch\/fr\/product\/23166\/badge-holder-multiple-2\/","title":{"rendered":"Badge Holder multiple"},"content":{"rendered":"<p>Ce support en \u00ab mati\u00e8re plastique PMMA \u00bb transparent \/ noir propose trois diff\u00e9rents types de port : suspendu \u00e0 sa cha\u00eene, accroch\u00e9 \u00e0 une ceinture, \u00e0 une chemise ou \u00e0 la poche d&rsquo;un pantalon.<\/p>\n<p>Le pr\u00e9sentoir de table suppl\u00e9mentaire est \u00e9galement inclus dans le prix pour que le support en plastique avec un support puisse servir de d\u00e9coration de table.<\/p>\n<p>Le pr\u00e9sentoir de table est livr\u00e9 dans un petit sac de protection noir.<br \/>\nUne jolie bo\u00eete-cadeau est \u00e9galement incluse dans la livraison, ainsi qu&rsquo;un pr\u00e9sentoir de table dans un petit sac de protection noir.<\/p>\n<p>Sp\u00e9cifications du support en acrylique :<br \/>\nComposition : Plastique PMMA<br \/>\nCouleur : transparent\/noir<br \/>\nHauteur : 11,5 cm<br \/>\nLargeur : 7,3 cm<\/p>\n<p>Sp\u00e9cifications de la bo\u00eete-cadeau :<br \/>\nComposition : Plastique PS<br \/>\nLargeur : 9,5 cm<br \/>\nLongueur : 12,5 cm<\/p>\n<p>Nombre d&rsquo;\u00e9criteaux or\/argent avec le Multiple Holder transparent : 1<br \/>\nNombre d&rsquo;\u00e9criteaux or\/argen avec le Multiple Holder noir : 2<\/p>\n<p>Gravures d&rsquo;\u00e9criteaux or\/argent avec le Multiple Holder transparent : 1 ligne avec 17 signes maximum<br \/>\nGravures d&rsquo;\u00e9criteaux or\/argent avec le Multiple Holder noir : chaque ligne avec maximum 17 signes<br \/>\nPolice\/Couleur de la gravure : noir<br \/>\nPolices : Arial\/Verdana\/Times<\/p>\n","protected":false},"excerpt":{"rendered":"<p>Ce support en \u00ab mati\u00e8re plastique PMMA \u00bb transparent \/ noir propose trois diff\u00e9rents types de port : suspendu \u00e0 sa cha\u00eene, accroch\u00e9 \u00e0 une ceinture, \u00e0 une chemise ou \u00e0 la poche d&rsquo;un pantalon. Le pr\u00e9sentoir de table suppl\u00e9mentaire est \u00e9galement inclus dans le prix pour que le support en plastique avec un support [&hellip;]<\/p>\n","protected":false},"featured_media":23158,"comment_status":"open","ping_status":"closed","template":"","meta":{"inline_featured_image":false},"product_brand":[],"product_cat":[1087,919,1079,907,1489],"product_tag":[],"class_list":{"0":"post-23166","1":"product","2":"type-product","3":"status-publish","4":"has-post-thumbnail","6":"product_cat-badges-nominatifs","7":"product_cat-bois-place-of-honour","8":"product_cat-chevalets-de-table","9":"product_cat-etuis-en-cuir-sans-badge","10":"product_cat-metal-badge-fr","12":"first","13":"instock","14":"taxable","15":"shipping-taxable","16":"purchasable","17":"product-type-simple"},"_links":{"self":[{"href":"https:\/\/metal-badge.ch\/fr\/wp-json\/wp\/v2\/product\/23166","targetHints":{"allow":["GET"]}}],"collection":[{"href":"https:\/\/metal-badge.ch\/fr\/wp-json\/wp\/v2\/product"}],"about":[{"href":"https:\/\/metal-badge.ch\/fr\/wp-json\/wp\/v2\/types\/product"}],"replies":[{"embeddable":true,"href":"https:\/\/metal-badge.ch\/fr\/wp-json\/wp\/v2\/comments?post=23166"}],"wp:featuredmedia":[{"embeddable":true,"href":"https:\/\/metal-badge.ch\/fr\/wp-json\/wp\/v2\/media\/23158"}],"wp:attachment":[{"href":"https:\/\/metal-badge.ch\/fr\/wp-json\/wp\/v2\/media?parent=23166"}],"wp:term":[{"taxonomy":"product_brand","embeddable":true,"href":"https:\/\/metal-badge.ch\/fr\/wp-json\/wp\/v2\/product_brand?post=23166"},{"taxonomy":"product_cat","embeddable":true,"href":"https:\/\/metal-badge.ch\/fr\/wp-json\/wp\/v2\/product_cat?post=23166"},{"taxonomy":"product_tag","embeddable":true,"href":"https:\/\/metal-badge.ch\/fr\/wp-json\/wp\/v2\/product_tag?post=23166"}],"curies":[{"name":"wp","href":"https:\/\/api.w.org\/{rel}","templated":true}]}}