{"id":23110,"date":"2013-07-19T08:24:19","date_gmt":"2013-07-19T08:24:19","guid":{"rendered":"https:\/\/shop.metal-badge.ch\/?product=timezone-orange"},"modified":"2014-10-01T15:51:08","modified_gmt":"2014-10-01T15:51:08","slug":"timezone-orange","status":"publish","type":"product","link":"https:\/\/metal-badge.ch\/fr\/product\/23110\/timezone-orange\/","title":{"rendered":"Timezone Orange"},"content":{"rendered":"<p>Timezone montre sportive et robuste en exceptionnel rapport qualit\u00e9-prix, de la qualit\u00e9 pour un prix raisonnable.<\/p>\n<p>Lunette tournante unidirectionnelle avec flancs prot\u00e9g\u00e9s, couronne prot\u00e9g\u00e9e, verre (plat) min\u00e9ral anti-rayures, dos en acier viss\u00e9, glace en verre min\u00e9ral tremp\u00e9 sur les deux cot\u00e9s.<\/p>\n<table>\n<tr>\n<td style=\"font-size: 12px;\">\nCarrure en acier inoxydable 316 L<br \/>\nHauteur de la carrure: 10 mm<br \/>\nDiam\u00e8tre de la carrure: 47 mm x 58mm<br \/>\nCadran de couleur: orange \/ noir<br \/>\nBracelet: en silicone orange avec boucle<br \/>\nMesures du bracelet : 24 mm<br \/>\nBatterie: SR621SW<br \/>\nDur\u00e9e de la batterie selon le fabricant 2 ans<br \/>\nPression d&rsquo;\u00e9preuve: 10 ATM 100 m \/ 330 pieds\n<\/td>\n<td style=\"font-size: 12px;\">\nEtanche jusqu\u2019\u00e0 ca. 50 m et appropri\u00e9 pour nager<br \/>\nGlace en verre min\u00e9ral tremp\u00e9<br \/>\nPoids: 132 gr. <br \/>\nHorlogier: Japan Miyota JS05 Chronograph<br \/>\nCouronne: en acier inoxydable 316L<br \/>\nLunette tournante avec \u00e9chelle \u00e0 60 min<br \/>\nFonction: heure, minute, seconde, date, chronom\u00e8tre<br \/>\nNom de la collection: Metal Badge<br \/>\nMarque: Time Zone\n<\/td>\n<\/tr>\n<\/table>\n<p> Garantie 1 an<\/p>\n<p>Montre livr\u00e9e dans une belle bo\u00eete cadeau.<\/p>\n","protected":false},"excerpt":{"rendered":"<p>Timezone montre sportive et robuste en exceptionnel rapport qualit\u00e9-prix, de la qualit\u00e9 pour un prix raisonnable. Lunette tournante unidirectionnelle avec flancs prot\u00e9g\u00e9s, couronne prot\u00e9g\u00e9e, verre (plat) min\u00e9ral anti-rayures, dos en acier viss\u00e9, glace en verre min\u00e9ral tremp\u00e9 sur les deux cot\u00e9s. Carrure en acier inoxydable 316 L Hauteur de la carrure: 10 mm Diam\u00e8tre de [&hellip;]<\/p>\n","protected":false},"featured_media":92633,"comment_status":"open","ping_status":"closed","template":"","meta":{"inline_featured_image":false},"product_brand":[],"product_cat":[1347,2299,967],"product_tag":[1769,1800,1773,1765],"class_list":{"0":"post-23110","1":"product","2":"type-product","3":"status-publish","4":"has-post-thumbnail","6":"product_cat-accessoires-militaires-de-chasse","7":"product_cat-casio-fr","8":"product_cat-montres","9":"product_tag-army-survival-fr","10":"product_tag-casio-fr","11":"product_tag-chasse-peche","12":"product_tag-sport-outdoor-fr","14":"first","15":"instock","16":"taxable","17":"shipping-taxable","18":"purchasable","19":"product-type-simple"},"_links":{"self":[{"href":"https:\/\/metal-badge.ch\/fr\/wp-json\/wp\/v2\/product\/23110","targetHints":{"allow":["GET"]}}],"collection":[{"href":"https:\/\/metal-badge.ch\/fr\/wp-json\/wp\/v2\/product"}],"about":[{"href":"https:\/\/metal-badge.ch\/fr\/wp-json\/wp\/v2\/types\/product"}],"replies":[{"embeddable":true,"href":"https:\/\/metal-badge.ch\/fr\/wp-json\/wp\/v2\/comments?post=23110"}],"wp:featuredmedia":[{"embeddable":true,"href":"https:\/\/metal-badge.ch\/fr\/wp-json\/wp\/v2\/media\/92633"}],"wp:attachment":[{"href":"https:\/\/metal-badge.ch\/fr\/wp-json\/wp\/v2\/media?parent=23110"}],"wp:term":[{"taxonomy":"product_brand","embeddable":true,"href":"https:\/\/metal-badge.ch\/fr\/wp-json\/wp\/v2\/product_brand?post=23110"},{"taxonomy":"product_cat","embeddable":true,"href":"https:\/\/metal-badge.ch\/fr\/wp-json\/wp\/v2\/product_cat?post=23110"},{"taxonomy":"product_tag","embeddable":true,"href":"https:\/\/metal-badge.ch\/fr\/wp-json\/wp\/v2\/product_tag?post=23110"}],"curies":[{"name":"wp","href":"https:\/\/api.w.org\/{rel}","templated":true}]}}