{"id":22920,"date":"2013-05-19T16:02:50","date_gmt":"2013-05-19T16:02:50","guid":{"rendered":"https:\/\/shop.metal-badge.ch\/?product=etui-police-recto-verso-argent-avec-porte-stylo-latra-elastique"},"modified":"2024-01-04T04:40:48","modified_gmt":"2024-01-04T03:40:48","slug":"etui-police-polizei-double-face-argent-avec-porte-stylo","status":"publish","type":"product","link":"https:\/\/metal-badge.ch\/fr\/product\/22920\/etui-police-polizei-double-face-argent-avec-porte-stylo\/","title":{"rendered":"Etui POLICE \/ POLIZEI, double face, argent avec porte-stylo"},"content":{"rendered":"<ul>\n<li>Mallette POLICE avec cha\u00eene de cou, \u00e9tiquet\u00e9e des deux c\u00f4t\u00e9s (POLICE\/POLIZEI) avec porte-carte d&rsquo;identit\u00e9 pour deux cartes d&rsquo;identit\u00e9.<\/li>\n<li>Couleur de la police argent.<\/li>\n<li>Le plus absolu de cet \u00e9tui est le porte-stylo \u00e9lastique sur le c\u00f4t\u00e9.<\/li>\n<li>Taille \/ dimensions : largeur 8,5 cm \/ hauteur 11,0 cm<\/li>\n<\/ul>\n<p><span style=\"color: #ff0000;\"><strong>Attention : Nous accordons une remise de 20 % pour les achats et les commandes de 100 pi\u00e8ces ou plus.<\/strong><\/span><\/p>\n","protected":false},"excerpt":{"rendered":"<ul>\n<li>Mallette POLICE avec cha\u00eene de cou, \u00e9tiquet\u00e9e des deux c\u00f4t\u00e9s (POLICE\/POLIZEI) avec porte-carte d&rsquo;identit\u00e9 pour deux cartes d&rsquo;identit\u00e9.<\/li>\n<li>Couleur de la police argent.<\/li>\n<li>Le plus absolu de cet \u00e9tui est le porte-stylo \u00e9lastique sur le c\u00f4t\u00e9.<\/li>\n<li>Taille \/ dimensions : largeur 8,5 cm \/ hauteur 11,0 cm<\/li>\n<\/ul>\n<p><span style=\"color: #ff0000;\"><strong>Attention : Nous accordons une remise de 20 % pour les achats et les commandes de 100 pi\u00e8ces ou plus.<\/strong><\/span><\/p>\n","protected":false},"featured_media":92699,"comment_status":"open","ping_status":"closed","template":"","meta":{"inline_featured_image":false},"product_brand":[],"product_cat":[947,887,907,1946],"product_tag":[1773,1781],"class_list":{"0":"post-22920","1":"product","2":"type-product","3":"status-publish","4":"has-post-thumbnail","6":"product_cat-portemonnaies-etuis-en-cuir","7":"product_cat-accessoires","8":"product_cat-etuis-en-cuir-sans-badge","9":"product_cat-organisations-lumiere-bleue-securite","10":"product_tag-chasse-peche","11":"product_tag-police-securite","13":"first","14":"instock","15":"taxable","16":"shipping-taxable","17":"purchasable","18":"product-type-simple"},"_links":{"self":[{"href":"https:\/\/metal-badge.ch\/fr\/wp-json\/wp\/v2\/product\/22920","targetHints":{"allow":["GET"]}}],"collection":[{"href":"https:\/\/metal-badge.ch\/fr\/wp-json\/wp\/v2\/product"}],"about":[{"href":"https:\/\/metal-badge.ch\/fr\/wp-json\/wp\/v2\/types\/product"}],"replies":[{"embeddable":true,"href":"https:\/\/metal-badge.ch\/fr\/wp-json\/wp\/v2\/comments?post=22920"}],"wp:featuredmedia":[{"embeddable":true,"href":"https:\/\/metal-badge.ch\/fr\/wp-json\/wp\/v2\/media\/92699"}],"wp:attachment":[{"href":"https:\/\/metal-badge.ch\/fr\/wp-json\/wp\/v2\/media?parent=22920"}],"wp:term":[{"taxonomy":"product_brand","embeddable":true,"href":"https:\/\/metal-badge.ch\/fr\/wp-json\/wp\/v2\/product_brand?post=22920"},{"taxonomy":"product_cat","embeddable":true,"href":"https:\/\/metal-badge.ch\/fr\/wp-json\/wp\/v2\/product_cat?post=22920"},{"taxonomy":"product_tag","embeddable":true,"href":"https:\/\/metal-badge.ch\/fr\/wp-json\/wp\/v2\/product_tag?post=22920"}],"curies":[{"name":"wp","href":"https:\/\/api.w.org\/{rel}","templated":true}]}}