{"id":22912,"date":"2013-05-19T15:36:07","date_gmt":"2013-05-19T15:36:07","guid":{"rendered":"https:\/\/shop.metal-badge.ch\/?product=lanyard-security-avec-ou-sans-etui-a-carte"},"modified":"2020-12-22T16:53:15","modified_gmt":"2020-12-22T15:53:15","slug":"lanyard-security-avec-ou-sans-etui-a-carte","status":"publish","type":"product","link":"https:\/\/metal-badge.ch\/fr\/product\/22912\/lanyard-security-avec-ou-sans-etui-a-carte\/","title":{"rendered":"Lanyard SECURITY avec ou sans \u00e9tui \u00e0 carte"},"content":{"rendered":"<p>Lanyard avec inscription (SECURITY). Couleur du cordon noir, \u00e9criture blanche.  Ecriture fluorescent (brille dans le noir). Fabriqu\u00e9 en polyester. Largeur 2.5 cm. Avec fermeture rapide noire, mousqueton ovale et porte-cl\u00e9s.<\/p>\n","protected":false},"excerpt":{"rendered":"<p>Lanyard avec inscription (SECURITY). Couleur du cordon noir, \u00e9criture blanche. Ecriture fluorescent (brille dans le noir). Fabriqu\u00e9 en polyester. Largeur 2.5 cm. Avec fermeture rapide noire, mousqueton ovale et porte-cl\u00e9s.<\/p>\n","protected":false},"featured_media":22907,"comment_status":"open","ping_status":"closed","template":"","meta":{"inline_featured_image":false},"product_brand":[],"product_cat":[887],"product_tag":[],"class_list":{"0":"post-22912","1":"product","2":"type-product","3":"status-publish","4":"has-post-thumbnail","6":"product_cat-accessoires","8":"first","9":"instock","10":"taxable","11":"shipping-taxable","12":"purchasable","13":"product-type-simple"},"_links":{"self":[{"href":"https:\/\/metal-badge.ch\/fr\/wp-json\/wp\/v2\/product\/22912","targetHints":{"allow":["GET"]}}],"collection":[{"href":"https:\/\/metal-badge.ch\/fr\/wp-json\/wp\/v2\/product"}],"about":[{"href":"https:\/\/metal-badge.ch\/fr\/wp-json\/wp\/v2\/types\/product"}],"replies":[{"embeddable":true,"href":"https:\/\/metal-badge.ch\/fr\/wp-json\/wp\/v2\/comments?post=22912"}],"wp:featuredmedia":[{"embeddable":true,"href":"https:\/\/metal-badge.ch\/fr\/wp-json\/wp\/v2\/media\/22907"}],"wp:attachment":[{"href":"https:\/\/metal-badge.ch\/fr\/wp-json\/wp\/v2\/media?parent=22912"}],"wp:term":[{"taxonomy":"product_brand","embeddable":true,"href":"https:\/\/metal-badge.ch\/fr\/wp-json\/wp\/v2\/product_brand?post=22912"},{"taxonomy":"product_cat","embeddable":true,"href":"https:\/\/metal-badge.ch\/fr\/wp-json\/wp\/v2\/product_cat?post=22912"},{"taxonomy":"product_tag","embeddable":true,"href":"https:\/\/metal-badge.ch\/fr\/wp-json\/wp\/v2\/product_tag?post=22912"}],"curies":[{"name":"wp","href":"https:\/\/api.w.org\/{rel}","templated":true}]}}