{"id":22904,"date":"2013-05-19T15:28:36","date_gmt":"2013-05-19T15:28:36","guid":{"rendered":"https:\/\/shop.metal-badge.ch\/?product=etui-pour-telephone-portable-de-metal-badge-en-neoprene"},"modified":"2023-01-10T04:24:19","modified_gmt":"2023-01-10T03:24:19","slug":"etui-pour-telephone-portable-de-metal-badge-en-neoprene","status":"publish","type":"product","link":"https:\/\/metal-badge.ch\/fr\/product\/22904\/etui-pour-telephone-portable-de-metal-badge-en-neoprene\/","title":{"rendered":"Etui pour t\u00e9l\u00e9phone portable de Metal-Badge en N\u00e9opr\u00e8ne"},"content":{"rendered":"<p>En n\u00e9opr\u00e8ne r\u00e9sistant au choc, imperm\u00e9able et ind\u00e9formable, mais extensible et avec point d\u2019attache pour ceinture. <br \/>\nLa protection optimale pour l\u2019\u00e9cran et le ch\u00e2ssis. <br \/>\nTr\u00e8s maniable et de port confortable. Le couvercle est muni d\u2019un bouton \u00e0 pression magn\u00e9tique. Le passant ceinture peut \u00eatre ferm\u00e9 d\u2019une poign\u00e9e avec du velcro et le bouton suppl\u00e9mentaire de s\u00e9curit\u00e9. <br \/>\nC\u2019est la protection id\u00e9ale pour votre t\u00e9l\u00e9phone lors d\u2019activit\u00e9s de pleine nature.<br \/>\nSupport suppl\u00e9mentaire en PVC pour fixation de l\u2019\u00e9tui au v\u00e9lo, sac \u00e0 dos, etc. <\/p>\n<p>Dimensions : hauteur 9 cm \/ largeur 5 cm. <br \/>\nN\u00e9opr\u00e8ne l\u00e9g\u00e8rement extensible.<\/p>\n","protected":false},"excerpt":{"rendered":"<p>En n\u00e9opr\u00e8ne r\u00e9sistant au choc, imperm\u00e9able et ind\u00e9formable, mais extensible et avec point d\u2019attache pour ceinture. La protection optimale pour l\u2019\u00e9cran et le ch\u00e2ssis. Tr\u00e8s maniable et de port confortable. Le couvercle est muni d\u2019un bouton \u00e0 pression magn\u00e9tique. Le passant ceinture peut \u00eatre ferm\u00e9 d\u2019une poign\u00e9e avec du velcro et le bouton suppl\u00e9mentaire de [&hellip;]<\/p>\n","protected":false},"featured_media":92701,"comment_status":"open","ping_status":"closed","template":"","meta":{"inline_featured_image":false},"product_brand":[],"product_cat":[1035,887],"product_tag":[],"class_list":{"0":"post-22904","1":"product","2":"type-product","3":"status-publish","4":"has-post-thumbnail","6":"product_cat-couteaux-machettes","7":"product_cat-accessoires","9":"first","10":"instock","11":"taxable","12":"shipping-taxable","13":"purchasable","14":"product-type-simple"},"_links":{"self":[{"href":"https:\/\/metal-badge.ch\/fr\/wp-json\/wp\/v2\/product\/22904","targetHints":{"allow":["GET"]}}],"collection":[{"href":"https:\/\/metal-badge.ch\/fr\/wp-json\/wp\/v2\/product"}],"about":[{"href":"https:\/\/metal-badge.ch\/fr\/wp-json\/wp\/v2\/types\/product"}],"replies":[{"embeddable":true,"href":"https:\/\/metal-badge.ch\/fr\/wp-json\/wp\/v2\/comments?post=22904"}],"wp:featuredmedia":[{"embeddable":true,"href":"https:\/\/metal-badge.ch\/fr\/wp-json\/wp\/v2\/media\/92701"}],"wp:attachment":[{"href":"https:\/\/metal-badge.ch\/fr\/wp-json\/wp\/v2\/media?parent=22904"}],"wp:term":[{"taxonomy":"product_brand","embeddable":true,"href":"https:\/\/metal-badge.ch\/fr\/wp-json\/wp\/v2\/product_brand?post=22904"},{"taxonomy":"product_cat","embeddable":true,"href":"https:\/\/metal-badge.ch\/fr\/wp-json\/wp\/v2\/product_cat?post=22904"},{"taxonomy":"product_tag","embeddable":true,"href":"https:\/\/metal-badge.ch\/fr\/wp-json\/wp\/v2\/product_tag?post=22904"}],"curies":[{"name":"wp","href":"https:\/\/api.w.org\/{rel}","templated":true}]}}