{"id":22837,"date":"2013-05-17T14:19:39","date_gmt":"2013-05-17T14:19:39","guid":{"rendered":"https:\/\/shop.metal-badge.ch\/?product=badge-nominatif-0054b"},"modified":"2020-11-08T15:44:20","modified_gmt":"2020-11-08T14:44:20","slug":"badge-nominatif-0054b","status":"publish","type":"product","link":"https:\/\/metal-badge.ch\/fr\/product\/22837\/badge-nominatif-0054b\/","title":{"rendered":"Badge nominatif 0054b"},"content":{"rendered":"<p>Profil: plat<br \/>\nBordures orn\u00e9es<br \/>\nCouleur: argent brillant \/ dor\u00e9 brillant<br \/>\nDimensions : 65 x 25 mm<br \/>\nMat\u00e9riel: cuivre<br \/>\nPoids : env. 25 gr.<br \/>\nFixation : \u00e9pingle de nourrice ou aimant<br \/>\n<span class=\"anfrage\">Sur demande, nous r\u00e9alisons \u00e9galement l\u2019inscription, impression et logo. <\/span><br \/>\n<a class=\"fancybox-iframe button\" title=\"Info sur l'impression et logo\" href=\"https:\/\/metal-badge.ch\/wp-content\/themes\/shopkeeper-child\/iFrame\/Datenaufbereitung_fr.php\" id=\"iFrameButton1\" >Info sur l&rsquo;impression et logo<\/a><br \/>\n<a class=\"fancybox-iframe button\" href=\"https:\/\/metal-badge.ch\/wp-content\/themes\/shopkeeper-child\/iFrame\/Uebersicht_fr.pdf\" title=\"Aper\u00e7u plaques nominatives\" id=\"iFrameButton2\">Aper\u00e7u plaques nominatives<\/a><br \/>\n<br class=\"clear\" \/><\/p>\n","protected":false},"excerpt":{"rendered":"<p>Profil: plat Bordures orn\u00e9es Couleur: argent brillant \/ dor\u00e9 brillant Dimensions : 65 x 25 mm Mat\u00e9riel: cuivre Poids : env. 25 gr. Fixation : \u00e9pingle de nourrice ou aimant Sur demande, nous r\u00e9alisons \u00e9galement l\u2019inscription, impression et logo. Info sur l&rsquo;impression et logo Aper\u00e7u plaques nominatives<\/p>\n","protected":false},"featured_media":22831,"comment_status":"open","ping_status":"closed","template":"","meta":{"inline_featured_image":false},"product_brand":[],"product_cat":[1087],"product_tag":[],"class_list":{"0":"post-22837","1":"product","2":"type-product","3":"status-publish","4":"has-post-thumbnail","6":"product_cat-badges-nominatifs","8":"first","9":"instock","10":"taxable","11":"shipping-taxable","12":"purchasable","13":"product-type-simple"},"_links":{"self":[{"href":"https:\/\/metal-badge.ch\/fr\/wp-json\/wp\/v2\/product\/22837","targetHints":{"allow":["GET"]}}],"collection":[{"href":"https:\/\/metal-badge.ch\/fr\/wp-json\/wp\/v2\/product"}],"about":[{"href":"https:\/\/metal-badge.ch\/fr\/wp-json\/wp\/v2\/types\/product"}],"replies":[{"embeddable":true,"href":"https:\/\/metal-badge.ch\/fr\/wp-json\/wp\/v2\/comments?post=22837"}],"wp:featuredmedia":[{"embeddable":true,"href":"https:\/\/metal-badge.ch\/fr\/wp-json\/wp\/v2\/media\/22831"}],"wp:attachment":[{"href":"https:\/\/metal-badge.ch\/fr\/wp-json\/wp\/v2\/media?parent=22837"}],"wp:term":[{"taxonomy":"product_brand","embeddable":true,"href":"https:\/\/metal-badge.ch\/fr\/wp-json\/wp\/v2\/product_brand?post=22837"},{"taxonomy":"product_cat","embeddable":true,"href":"https:\/\/metal-badge.ch\/fr\/wp-json\/wp\/v2\/product_cat?post=22837"},{"taxonomy":"product_tag","embeddable":true,"href":"https:\/\/metal-badge.ch\/fr\/wp-json\/wp\/v2\/product_tag?post=22837"}],"curies":[{"name":"wp","href":"https:\/\/api.w.org\/{rel}","templated":true}]}}