{"id":22529,"date":"2013-05-15T21:40:14","date_gmt":"2013-05-15T21:40:14","guid":{"rendered":"https:\/\/shop.metal-badge.ch\/?product=adaptateur-de-prise-de-voyage-evo"},"modified":"2013-05-26T09:59:14","modified_gmt":"2013-05-26T09:59:14","slug":"adaptateur-de-prise-de-voyage-evo","status":"publish","type":"product","link":"https:\/\/metal-badge.ch\/fr\/product\/22529\/adaptateur-de-prise-de-voyage-evo\/","title":{"rendered":"Adaptateur de prise de voyage &#8211; Evo"},"content":{"rendered":"<p>Utilisation facile en plus de 150 pays. <br \/>Avec sa forme compacte et pratique cet adaptateur mondial peut \u00eatre utilis\u00e9 avec tous les appareils \u00e0 2 p\u00f4les sans terre en plus de 150 pays. Fusible T10A int\u00e9gr\u00e9.  L\u2019adaptateur mondial inclut aussi deux prises USB pour les mobiles, I-Pads etc. Ainsi vous avez deux syst\u00e8mes en un seul connecteur et pouvez connecter jusqu&rsquo;\u00e0 deux p\u00e9riph\u00e9riques USB simultan\u00e9ment. Cet adaptateur a une performance excellente de 2,1 amp\u00e8res. Tension d&rsquo;entr\u00e9e de 100 V \u00e0 250 V. Sortie USB 5V \/ 1000 mA. Cet adaptateur est disponible dans la couleur blanche. <\/p>\n<p>Dimensions ext\u00e9rieures: longueur 70 mm largeur 50 mm hauteur 60 mm.<\/p>\n","protected":false},"excerpt":{"rendered":"<p>Utilisation facile en plus de 150 pays. Avec sa forme compacte et pratique cet adaptateur mondial peut \u00eatre utilis\u00e9 avec tous les appareils \u00e0 2 p\u00f4les sans terre en plus de 150 pays. Fusible T10A int\u00e9gr\u00e9. L\u2019adaptateur mondial inclut aussi deux prises USB pour les mobiles, I-Pads etc. Ainsi vous avez deux syst\u00e8mes en un [&hellip;]<\/p>\n","protected":false},"featured_media":92715,"comment_status":"open","ping_status":"closed","template":"","meta":{"inline_featured_image":false},"product_brand":[],"product_cat":[1435],"product_tag":[1777,1773],"class_list":{"0":"post-22529","1":"product","2":"type-product","3":"status-publish","4":"has-post-thumbnail","6":"product_cat-camping-voyage","7":"product_tag-camping-voyage","8":"product_tag-chasse-peche","10":"first","11":"instock","12":"taxable","13":"shipping-taxable","14":"purchasable","15":"product-type-simple"},"_links":{"self":[{"href":"https:\/\/metal-badge.ch\/fr\/wp-json\/wp\/v2\/product\/22529","targetHints":{"allow":["GET"]}}],"collection":[{"href":"https:\/\/metal-badge.ch\/fr\/wp-json\/wp\/v2\/product"}],"about":[{"href":"https:\/\/metal-badge.ch\/fr\/wp-json\/wp\/v2\/types\/product"}],"replies":[{"embeddable":true,"href":"https:\/\/metal-badge.ch\/fr\/wp-json\/wp\/v2\/comments?post=22529"}],"wp:featuredmedia":[{"embeddable":true,"href":"https:\/\/metal-badge.ch\/fr\/wp-json\/wp\/v2\/media\/92715"}],"wp:attachment":[{"href":"https:\/\/metal-badge.ch\/fr\/wp-json\/wp\/v2\/media?parent=22529"}],"wp:term":[{"taxonomy":"product_brand","embeddable":true,"href":"https:\/\/metal-badge.ch\/fr\/wp-json\/wp\/v2\/product_brand?post=22529"},{"taxonomy":"product_cat","embeddable":true,"href":"https:\/\/metal-badge.ch\/fr\/wp-json\/wp\/v2\/product_cat?post=22529"},{"taxonomy":"product_tag","embeddable":true,"href":"https:\/\/metal-badge.ch\/fr\/wp-json\/wp\/v2\/product_tag?post=22529"}],"curies":[{"name":"wp","href":"https:\/\/api.w.org\/{rel}","templated":true}]}}