{"id":22501,"date":"2013-05-15T16:01:30","date_gmt":"2013-05-15T16:01:30","guid":{"rendered":"https:\/\/shop.metal-badge.ch\/?product=badge-nominatif-0028"},"modified":"2020-11-08T19:35:04","modified_gmt":"2020-11-08T18:35:04","slug":"badge-nominatif-0028","status":"publish","type":"product","link":"https:\/\/metal-badge.ch\/fr\/product\/22501\/badge-nominatif-0028\/","title":{"rendered":"Badge nominatif 0028"},"content":{"rendered":"<p>Profil: l\u00e9g\u00e8rement arqu\u00e9<br \/> <br \/>\nCouleur: argent mat \/ dor\u00e9 mat<br \/> <br \/>\nDimensions : 75 x 20 mm<br \/> <br \/>\nDistance entre les pins 35 mm standard, ou \u00ab\u00a0\u00e0 la demande du client\u00a0\u00bb<br \/> <br \/>\nMat\u00e9riel: aluminium<br \/> <br \/>\n<span class=\"anfrage\">Sur demande, nous r\u00e9alisons \u00e9galement l\u2019inscription, impression et logo. <\/span><br \/>\n<a class=\"fancybox-iframe button\" title=\"Info sur l'impression et logo\" href=\"https:\/\/metal-badge.ch\/wp-content\/themes\/shopkeeper-child\/iFrame\/Datenaufbereitung_fr.php\" id=\"iFrameButton1\" >Info sur l&rsquo;impression et logo<\/a><br \/>\n<a class=\"fancybox-iframe button\" href=\"https:\/\/metal-badge.ch\/wp-content\/themes\/shopkeeper-child\/iFrame\/Uebersicht_fr.pdf\" title=\"Aper\u00e7u plaques nominatives\" id=\"iFrameButton2\">Aper\u00e7u plaques nominatives<\/a><br \/>\n<br class=\"clear\" \/><\/p>\n","protected":false},"excerpt":{"rendered":"<p>Profil: l\u00e9g\u00e8rement arqu\u00e9 Couleur: argent mat \/ dor\u00e9 mat Dimensions : 75 x 20 mm Distance entre les pins 35 mm standard, ou \u00ab\u00a0\u00e0 la demande du client\u00a0\u00bb Mat\u00e9riel: aluminium Sur demande, nous r\u00e9alisons \u00e9galement l\u2019inscription, impression et logo. Info sur l&rsquo;impression et logo Aper\u00e7u plaques nominatives<\/p>\n","protected":false},"featured_media":75221,"comment_status":"open","ping_status":"closed","template":"","meta":{"inline_featured_image":false},"product_brand":[],"product_cat":[1087],"product_tag":[],"class_list":{"0":"post-22501","1":"product","2":"type-product","3":"status-publish","4":"has-post-thumbnail","6":"product_cat-badges-nominatifs","8":"first","9":"instock","10":"taxable","11":"shipping-taxable","12":"purchasable","13":"product-type-simple"},"_links":{"self":[{"href":"https:\/\/metal-badge.ch\/fr\/wp-json\/wp\/v2\/product\/22501","targetHints":{"allow":["GET"]}}],"collection":[{"href":"https:\/\/metal-badge.ch\/fr\/wp-json\/wp\/v2\/product"}],"about":[{"href":"https:\/\/metal-badge.ch\/fr\/wp-json\/wp\/v2\/types\/product"}],"replies":[{"embeddable":true,"href":"https:\/\/metal-badge.ch\/fr\/wp-json\/wp\/v2\/comments?post=22501"}],"wp:featuredmedia":[{"embeddable":true,"href":"https:\/\/metal-badge.ch\/fr\/wp-json\/wp\/v2\/media\/75221"}],"wp:attachment":[{"href":"https:\/\/metal-badge.ch\/fr\/wp-json\/wp\/v2\/media?parent=22501"}],"wp:term":[{"taxonomy":"product_brand","embeddable":true,"href":"https:\/\/metal-badge.ch\/fr\/wp-json\/wp\/v2\/product_brand?post=22501"},{"taxonomy":"product_cat","embeddable":true,"href":"https:\/\/metal-badge.ch\/fr\/wp-json\/wp\/v2\/product_cat?post=22501"},{"taxonomy":"product_tag","embeddable":true,"href":"https:\/\/metal-badge.ch\/fr\/wp-json\/wp\/v2\/product_tag?post=22501"}],"curies":[{"name":"wp","href":"https:\/\/api.w.org\/{rel}","templated":true}]}}