{"id":22482,"date":"2013-05-14T17:54:22","date_gmt":"2013-05-14T17:54:22","guid":{"rendered":"https:\/\/shop.metal-badge.ch\/?product=badge-nominatif-0026"},"modified":"2020-11-08T19:39:08","modified_gmt":"2020-11-08T18:39:08","slug":"badge-nominatif-0026","status":"publish","type":"product","link":"https:\/\/metal-badge.ch\/fr\/product\/22482\/badge-nominatif-0026\/","title":{"rendered":"Badge nominatif 0026"},"content":{"rendered":"<p>Profil: forme l\u00e9g\u00e8rement incurv\u00e9e<br \/>\nCouleur: argent mat<br \/>\nDimensions : 67 x 23 mm<br \/>\nMat\u00e9riel: plastique ABS<br \/>\nMat\u00e9riel front : insert frontal en aluminium<br \/>\nPoids : env. 16 gr.<br \/> <br \/>\nFixation : aimant<br \/>\n<span class=\"anfrage\">Sur demande, nous r\u00e9alisons \u00e9galement l\u2019inscription, impression et logo. <\/span><br \/>\n<a class=\"fancybox-iframe button\" title=\"Info sur l'impression et logo\" href=\"https:\/\/metal-badge.ch\/wp-content\/themes\/shopkeeper-child\/iFrame\/Datenaufbereitung_fr.php\" id=\"iFrameButton1\" >Info sur l&rsquo;impression et logo<\/a><br \/>\n<a class=\"fancybox-iframe button\" href=\"https:\/\/metal-badge.ch\/wp-content\/themes\/shopkeeper-child\/iFrame\/Uebersicht_fr.pdf\" title=\"Aper\u00e7u plaques nominatives\" id=\"iFrameButton2\">Aper\u00e7u plaques nominatives<\/a><br \/>\n<br class=\"clear\" \/><\/p>\n","protected":false},"excerpt":{"rendered":"<p>Profil: forme l\u00e9g\u00e8rement incurv\u00e9e Couleur: argent mat Dimensions : 67 x 23 mm Mat\u00e9riel: plastique ABS Mat\u00e9riel front : insert frontal en aluminium Poids : env. 16 gr. Fixation : aimant Sur demande, nous r\u00e9alisons \u00e9galement l\u2019inscription, impression et logo. Info sur l&rsquo;impression et logo Aper\u00e7u plaques nominatives<\/p>\n","protected":false},"featured_media":75233,"comment_status":"open","ping_status":"closed","template":"","meta":{"inline_featured_image":false},"product_brand":[],"product_cat":[1087],"product_tag":[],"class_list":{"0":"post-22482","1":"product","2":"type-product","3":"status-publish","4":"has-post-thumbnail","6":"product_cat-badges-nominatifs","8":"first","9":"instock","10":"taxable","11":"shipping-taxable","12":"purchasable","13":"product-type-simple"},"_links":{"self":[{"href":"https:\/\/metal-badge.ch\/fr\/wp-json\/wp\/v2\/product\/22482","targetHints":{"allow":["GET"]}}],"collection":[{"href":"https:\/\/metal-badge.ch\/fr\/wp-json\/wp\/v2\/product"}],"about":[{"href":"https:\/\/metal-badge.ch\/fr\/wp-json\/wp\/v2\/types\/product"}],"replies":[{"embeddable":true,"href":"https:\/\/metal-badge.ch\/fr\/wp-json\/wp\/v2\/comments?post=22482"}],"wp:featuredmedia":[{"embeddable":true,"href":"https:\/\/metal-badge.ch\/fr\/wp-json\/wp\/v2\/media\/75233"}],"wp:attachment":[{"href":"https:\/\/metal-badge.ch\/fr\/wp-json\/wp\/v2\/media?parent=22482"}],"wp:term":[{"taxonomy":"product_brand","embeddable":true,"href":"https:\/\/metal-badge.ch\/fr\/wp-json\/wp\/v2\/product_brand?post=22482"},{"taxonomy":"product_cat","embeddable":true,"href":"https:\/\/metal-badge.ch\/fr\/wp-json\/wp\/v2\/product_cat?post=22482"},{"taxonomy":"product_tag","embeddable":true,"href":"https:\/\/metal-badge.ch\/fr\/wp-json\/wp\/v2\/product_tag?post=22482"}],"curies":[{"name":"wp","href":"https:\/\/api.w.org\/{rel}","templated":true}]}}