{"id":22474,"date":"2013-05-14T17:24:39","date_gmt":"2013-05-14T17:24:39","guid":{"rendered":"https:\/\/shop.metal-badge.ch\/?product=badge-nominatif-0025"},"modified":"2020-11-08T19:41:17","modified_gmt":"2020-11-08T18:41:17","slug":"badge-nominatif-0025","status":"publish","type":"product","link":"https:\/\/metal-badge.ch\/fr\/product\/22474\/badge-nominatif-0025\/","title":{"rendered":"Badge nominatif 0025"},"content":{"rendered":"<p>Couleurs: argent \/ dor\u00e9 \/ noir<br \/>\nDimensions : 70 x 20 mm, disponible aussi : 60 x 25 mm<br \/>\nProfondeur : 3 mm polycarbonate r\u00e9sistant<br \/>\nMat\u00e9riel: plastique avec couverture frontale en aluminium<br \/>\nPoids : env. 12 gr.<br \/>\nFixation : aimant ou clip<br \/>\n<span class=\"anfrage\">Sur demande, nous r\u00e9alisons \u00e9galement l\u2019inscription, impression et logo. <\/span><br \/>\n<a class=\"fancybox-iframe button\" title=\"Info sur l'impression et logo\" href=\"https:\/\/metal-badge.ch\/wp-content\/themes\/shopkeeper-child\/iFrame\/Datenaufbereitung_fr.php\" id=\"iFrameButton1\" >Info sur l&rsquo;impression et logo<\/a><br \/>\n<a class=\"fancybox-iframe button\" href=\"https:\/\/metal-badge.ch\/wp-content\/themes\/shopkeeper-child\/iFrame\/Uebersicht_fr.pdf\" title=\"Aper\u00e7u plaques nominatives\" id=\"iFrameButton2\">Aper\u00e7u plaques nominatives<\/a><br \/>\n<br class=\"clear\" \/><\/p>\n","protected":false},"excerpt":{"rendered":"<p>Couleurs: argent \/ dor\u00e9 \/ noir Dimensions : 70 x 20 mm, disponible aussi : 60 x 25 mm Profondeur : 3 mm polycarbonate r\u00e9sistant Mat\u00e9riel: plastique avec couverture frontale en aluminium Poids : env. 12 gr. Fixation : aimant ou clip Sur demande, nous r\u00e9alisons \u00e9galement l\u2019inscription, impression et logo. Info sur l&rsquo;impression et [&hellip;]<\/p>\n","protected":false},"featured_media":75239,"comment_status":"open","ping_status":"closed","template":"","meta":{"inline_featured_image":false},"product_brand":[],"product_cat":[1087],"product_tag":[],"class_list":{"0":"post-22474","1":"product","2":"type-product","3":"status-publish","4":"has-post-thumbnail","6":"product_cat-badges-nominatifs","8":"first","9":"instock","10":"taxable","11":"shipping-taxable","12":"purchasable","13":"product-type-simple"},"_links":{"self":[{"href":"https:\/\/metal-badge.ch\/fr\/wp-json\/wp\/v2\/product\/22474","targetHints":{"allow":["GET"]}}],"collection":[{"href":"https:\/\/metal-badge.ch\/fr\/wp-json\/wp\/v2\/product"}],"about":[{"href":"https:\/\/metal-badge.ch\/fr\/wp-json\/wp\/v2\/types\/product"}],"replies":[{"embeddable":true,"href":"https:\/\/metal-badge.ch\/fr\/wp-json\/wp\/v2\/comments?post=22474"}],"wp:featuredmedia":[{"embeddable":true,"href":"https:\/\/metal-badge.ch\/fr\/wp-json\/wp\/v2\/media\/75239"}],"wp:attachment":[{"href":"https:\/\/metal-badge.ch\/fr\/wp-json\/wp\/v2\/media?parent=22474"}],"wp:term":[{"taxonomy":"product_brand","embeddable":true,"href":"https:\/\/metal-badge.ch\/fr\/wp-json\/wp\/v2\/product_brand?post=22474"},{"taxonomy":"product_cat","embeddable":true,"href":"https:\/\/metal-badge.ch\/fr\/wp-json\/wp\/v2\/product_cat?post=22474"},{"taxonomy":"product_tag","embeddable":true,"href":"https:\/\/metal-badge.ch\/fr\/wp-json\/wp\/v2\/product_tag?post=22474"}],"curies":[{"name":"wp","href":"https:\/\/api.w.org\/{rel}","templated":true}]}}