{"id":22464,"date":"2013-05-14T17:03:14","date_gmt":"2013-05-14T17:03:14","guid":{"rendered":"https:\/\/shop.metal-badge.ch\/?product=badge-nominatif-0024"},"modified":"2020-11-08T19:43:19","modified_gmt":"2020-11-08T18:43:19","slug":"badge-nominatif-0024","status":"publish","type":"product","link":"https:\/\/metal-badge.ch\/fr\/product\/22464\/badge-nominatif-0024\/","title":{"rendered":"Badge nominatif 0024"},"content":{"rendered":"<p>Profil: plat<br \/>\nCouleur: blanc<br \/>\nDimensions : 60 x 18 mm, disponible aussi : 65 x 18 mm<br \/>\nProfondeur : 3mm polycarbonate r\u00e9sistant<br \/>\nMat\u00e9riel: plastique<br \/>\nPoids : env. 16 gr.<br \/>\nFixation : aimant<br \/>\n<span class=\"anfrage\">Sur demande, nous r\u00e9alisons \u00e9galement l\u2019inscription, impression et logo. <\/span><br \/>\n<a class=\"fancybox-iframe button\" title=\"Info sur l'impression et logo\" href=\"https:\/\/metal-badge.ch\/wp-content\/themes\/shopkeeper-child\/iFrame\/Datenaufbereitung_fr.php\" id=\"iFrameButton1\" >Info sur l&rsquo;impression et logo<\/a><br \/>\n<a class=\"fancybox-iframe button\" href=\"https:\/\/metal-badge.ch\/wp-content\/themes\/shopkeeper-child\/iFrame\/Uebersicht_fr.pdf\" title=\"Aper\u00e7u plaques nominatives\" id=\"iFrameButton2\">Aper\u00e7u plaques nominatives<\/a><br \/>\n<br class=\"clear\" \/><\/p>\n","protected":false},"excerpt":{"rendered":"<p>Profil: plat Couleur: blanc Dimensions : 60 x 18 mm, disponible aussi : 65 x 18 mm Profondeur : 3mm polycarbonate r\u00e9sistant Mat\u00e9riel: plastique Poids : env. 16 gr. Fixation : aimant Sur demande, nous r\u00e9alisons \u00e9galement l\u2019inscription, impression et logo. Info sur l&rsquo;impression et logo Aper\u00e7u plaques nominatives<\/p>\n","protected":false},"featured_media":75245,"comment_status":"open","ping_status":"closed","template":"","meta":{"inline_featured_image":false},"product_brand":[],"product_cat":[1087],"product_tag":[],"class_list":{"0":"post-22464","1":"product","2":"type-product","3":"status-publish","4":"has-post-thumbnail","6":"product_cat-badges-nominatifs","8":"first","9":"instock","10":"taxable","11":"shipping-taxable","12":"purchasable","13":"product-type-simple"},"_links":{"self":[{"href":"https:\/\/metal-badge.ch\/fr\/wp-json\/wp\/v2\/product\/22464","targetHints":{"allow":["GET"]}}],"collection":[{"href":"https:\/\/metal-badge.ch\/fr\/wp-json\/wp\/v2\/product"}],"about":[{"href":"https:\/\/metal-badge.ch\/fr\/wp-json\/wp\/v2\/types\/product"}],"replies":[{"embeddable":true,"href":"https:\/\/metal-badge.ch\/fr\/wp-json\/wp\/v2\/comments?post=22464"}],"wp:featuredmedia":[{"embeddable":true,"href":"https:\/\/metal-badge.ch\/fr\/wp-json\/wp\/v2\/media\/75245"}],"wp:attachment":[{"href":"https:\/\/metal-badge.ch\/fr\/wp-json\/wp\/v2\/media?parent=22464"}],"wp:term":[{"taxonomy":"product_brand","embeddable":true,"href":"https:\/\/metal-badge.ch\/fr\/wp-json\/wp\/v2\/product_brand?post=22464"},{"taxonomy":"product_cat","embeddable":true,"href":"https:\/\/metal-badge.ch\/fr\/wp-json\/wp\/v2\/product_cat?post=22464"},{"taxonomy":"product_tag","embeddable":true,"href":"https:\/\/metal-badge.ch\/fr\/wp-json\/wp\/v2\/product_tag?post=22464"}],"curies":[{"name":"wp","href":"https:\/\/api.w.org\/{rel}","templated":true}]}}