{"id":22437,"date":"2013-05-14T15:42:41","date_gmt":"2013-05-14T15:42:41","guid":{"rendered":"https:\/\/shop.metal-badge.ch\/?product=badge-nominatif-0021"},"modified":"2020-11-08T19:48:30","modified_gmt":"2020-11-08T18:48:30","slug":"badge-nominatif-0021","status":"publish","type":"product","link":"https:\/\/metal-badge.ch\/fr\/product\/22437\/badge-nominatif-0021\/","title":{"rendered":"Badge nominatif 0021"},"content":{"rendered":"<p>Profil: forme l\u00e9g\u00e8rement incurv\u00e9e<br \/> <br \/>\nOn peut faire l\u2019\u00e9criture soi-m\u00eame avec un insert de papier.<br \/> <br \/>\nCouleur: argent mat<br \/> <br \/>\nCouverture frontale : fen\u00eatre en plastique dessous<br \/> <br \/>\nCouverture frontale : dessus plaque en aluminium pour logo \u2013 peut \u00eatre tir\u00e9e et \u00e9chang\u00e9e<br \/> <br \/>\nDimensions : 75 x 32 mm<br \/> <br \/>\nMat\u00e9riel bordures : plastique<br \/> <br \/>\nPoids : env. 10 gr.<br \/> <br \/>\nFixation : \u00c9pingle de nourrice <br \/> <br \/>\n<span class=\"anfrage\">Sur demande, nous r\u00e9alisons \u00e9galement l\u2019inscription, impression et logo. <\/span><br \/>\n<a class=\"fancybox-iframe button\" title=\"Info sur l'impression et logo\" href=\"https:\/\/metal-badge.ch\/wp-content\/themes\/shopkeeper-child\/iFrame\/Datenaufbereitung_fr.php\" id=\"iFrameButton1\" >Info sur l&rsquo;impression et logo<\/a><br \/>\n<a class=\"fancybox-iframe button\" href=\"https:\/\/metal-badge.ch\/wp-content\/themes\/shopkeeper-child\/iFrame\/Uebersicht_fr.pdf\" title=\"Aper\u00e7u plaques nominatives\" id=\"iFrameButton2\">Aper\u00e7u plaques nominatives<\/a><br \/>\n<br class=\"clear\" \/><\/p>\n","protected":false},"excerpt":{"rendered":"<p>Profil: forme l\u00e9g\u00e8rement incurv\u00e9e On peut faire l\u2019\u00e9criture soi-m\u00eame avec un insert de papier. Couleur: argent mat Couverture frontale : fen\u00eatre en plastique dessous Couverture frontale : dessus plaque en aluminium pour logo \u2013 peut \u00eatre tir\u00e9e et \u00e9chang\u00e9e Dimensions : 75 x 32 mm Mat\u00e9riel bordures : plastique Poids : env. 10 gr. Fixation [&hellip;]<\/p>\n","protected":false},"featured_media":75263,"comment_status":"open","ping_status":"closed","template":"","meta":{"inline_featured_image":false},"product_brand":[],"product_cat":[1087],"product_tag":[],"class_list":{"0":"post-22437","1":"product","2":"type-product","3":"status-publish","4":"has-post-thumbnail","6":"product_cat-badges-nominatifs","8":"first","9":"instock","10":"taxable","11":"shipping-taxable","12":"purchasable","13":"product-type-simple"},"_links":{"self":[{"href":"https:\/\/metal-badge.ch\/fr\/wp-json\/wp\/v2\/product\/22437","targetHints":{"allow":["GET"]}}],"collection":[{"href":"https:\/\/metal-badge.ch\/fr\/wp-json\/wp\/v2\/product"}],"about":[{"href":"https:\/\/metal-badge.ch\/fr\/wp-json\/wp\/v2\/types\/product"}],"replies":[{"embeddable":true,"href":"https:\/\/metal-badge.ch\/fr\/wp-json\/wp\/v2\/comments?post=22437"}],"wp:featuredmedia":[{"embeddable":true,"href":"https:\/\/metal-badge.ch\/fr\/wp-json\/wp\/v2\/media\/75263"}],"wp:attachment":[{"href":"https:\/\/metal-badge.ch\/fr\/wp-json\/wp\/v2\/media?parent=22437"}],"wp:term":[{"taxonomy":"product_brand","embeddable":true,"href":"https:\/\/metal-badge.ch\/fr\/wp-json\/wp\/v2\/product_brand?post=22437"},{"taxonomy":"product_cat","embeddable":true,"href":"https:\/\/metal-badge.ch\/fr\/wp-json\/wp\/v2\/product_cat?post=22437"},{"taxonomy":"product_tag","embeddable":true,"href":"https:\/\/metal-badge.ch\/fr\/wp-json\/wp\/v2\/product_tag?post=22437"}],"curies":[{"name":"wp","href":"https:\/\/api.w.org\/{rel}","templated":true}]}}