{"id":22404,"date":"2013-05-14T14:53:18","date_gmt":"2013-05-14T14:53:18","guid":{"rendered":"https:\/\/shop.metal-badge.ch\/?product=badge-nominatif-0018a"},"modified":"2020-11-08T19:57:31","modified_gmt":"2020-11-08T18:57:31","slug":"badge-nominatif-0018a","status":"publish","type":"product","link":"https:\/\/metal-badge.ch\/fr\/product\/22404\/badge-nominatif-0018a\/","title":{"rendered":"Badge nominatif 0018a"},"content":{"rendered":"<p>Profil: plat<br \/>\nOuverture lat\u00e9rale : On peut faire l\u2019\u00e9criture soi-m\u00eame avec un insert de papier.<br \/>\nCouleur: dor\u00e9 mat<br \/>\nCouverture frontale : fen\u00eatre en plastique<br \/>\nDimensions : 80 x 42 mm<br \/>\nMesures pour logo (au dessus) : 80 x 12 mm<br \/>\nMat\u00e9riel: aluminium avec alliage au magn\u00e9sium<br \/>\nPoids : env. 22 gr.<br \/>\nFixation : aimant ou \u00e9pingle<br \/>\nSur demande, nous r\u00e9alisons \u00e9galement l\u2019inscription, impression et logo. <a class=\"fancybox\" href=\"iFrame\/Datenaufbereitung_fr.php\" id=\"iFrameButton1\" title=\"Info sur l'impression et logo\">Info sur l&rsquo;impression et logo<\/a> <a class=\"fancybox\" href=\"iFrame\/Uebersicht_fr.pdf\" id=\"iFrameButton2\" title=\"Aper\u00e7u plaques nominatives\">Aper\u00e7u plaques nominatives<\/a><\/p>\n","protected":false},"excerpt":{"rendered":"<p>Profil: plat Ouverture lat\u00e9rale : On peut faire l\u2019\u00e9criture soi-m\u00eame avec un insert de papier. Couleur: dor\u00e9 mat Couverture frontale : fen\u00eatre en plastique Dimensions : 80 x 42 mm Mesures pour logo (au dessus) : 80 x 12 mm Mat\u00e9riel: aluminium avec alliage au magn\u00e9sium Poids : env. 22 gr. Fixation : aimant ou [&hellip;]<\/p>\n","protected":false},"featured_media":75287,"comment_status":"open","ping_status":"closed","template":"","meta":{"inline_featured_image":false},"product_brand":[],"product_cat":[1087],"product_tag":[],"class_list":{"0":"post-22404","1":"product","2":"type-product","3":"status-publish","4":"has-post-thumbnail","6":"product_cat-badges-nominatifs","8":"first","9":"instock","10":"taxable","11":"shipping-taxable","12":"purchasable","13":"product-type-simple"},"_links":{"self":[{"href":"https:\/\/metal-badge.ch\/fr\/wp-json\/wp\/v2\/product\/22404","targetHints":{"allow":["GET"]}}],"collection":[{"href":"https:\/\/metal-badge.ch\/fr\/wp-json\/wp\/v2\/product"}],"about":[{"href":"https:\/\/metal-badge.ch\/fr\/wp-json\/wp\/v2\/types\/product"}],"replies":[{"embeddable":true,"href":"https:\/\/metal-badge.ch\/fr\/wp-json\/wp\/v2\/comments?post=22404"}],"wp:featuredmedia":[{"embeddable":true,"href":"https:\/\/metal-badge.ch\/fr\/wp-json\/wp\/v2\/media\/75287"}],"wp:attachment":[{"href":"https:\/\/metal-badge.ch\/fr\/wp-json\/wp\/v2\/media?parent=22404"}],"wp:term":[{"taxonomy":"product_brand","embeddable":true,"href":"https:\/\/metal-badge.ch\/fr\/wp-json\/wp\/v2\/product_brand?post=22404"},{"taxonomy":"product_cat","embeddable":true,"href":"https:\/\/metal-badge.ch\/fr\/wp-json\/wp\/v2\/product_cat?post=22404"},{"taxonomy":"product_tag","embeddable":true,"href":"https:\/\/metal-badge.ch\/fr\/wp-json\/wp\/v2\/product_tag?post=22404"}],"curies":[{"name":"wp","href":"https:\/\/api.w.org\/{rel}","templated":true}]}}