{"id":22376,"date":"2013-05-14T11:09:38","date_gmt":"2013-05-14T11:09:38","guid":{"rendered":"https:\/\/shop.metal-badge.ch\/?product=badge-nominatif-0015"},"modified":"2020-11-08T20:03:44","modified_gmt":"2020-11-08T19:03:44","slug":"badge-nominatif-0015","status":"publish","type":"product","link":"https:\/\/metal-badge.ch\/fr\/product\/22376\/badge-nominatif-0015\/","title":{"rendered":"Badge nominatif 0015"},"content":{"rendered":"<p>Profil: l\u00e9g\u00e8rement arqu\u00e9<br \/>\nAvec ces pratiques badges, le nom peut \u00eatre \u00e9chang\u00e9 sans cesse en utilisant des inserts en papier.<br \/>\nOuverture lat\u00e9rale : On peut faire l\u2019\u00e9criture soi-m\u00eame avec un insert de papier.<br \/>\nCouleur: transparent<br \/>\nDimensions : 75 x 33 mm<br \/>\nMat\u00e9riel: plastique<br \/>\nPoids : env. 20 gr.<br \/>\nFixation : aimant<br \/>\n<span class=\"anfrage\">Sur demande, nous r\u00e9alisons \u00e9galement l\u2019inscription, impression et logo. <\/span><br \/>\n<a class=\"fancybox-iframe button\" title=\"Info sur l'impression et logo\" href=\"https:\/\/metal-badge.ch\/wp-content\/themes\/shopkeeper-child\/iFrame\/Datenaufbereitung_fr.php\" id=\"iFrameButton1\" >Info sur l&rsquo;impression et logo<\/a><br \/>\n<a class=\"fancybox-iframe button\" href=\"https:\/\/metal-badge.ch\/wp-content\/themes\/shopkeeper-child\/iFrame\/Uebersicht_fr.pdf\" title=\"Aper\u00e7u plaques nominatives\" id=\"iFrameButton2\">Aper\u00e7u plaques nominatives<\/a><br \/>\n<br class=\"clear\" \/><\/p>\n","protected":false},"excerpt":{"rendered":"<p>Profil: l\u00e9g\u00e8rement arqu\u00e9 Avec ces pratiques badges, le nom peut \u00eatre \u00e9chang\u00e9 sans cesse en utilisant des inserts en papier. Ouverture lat\u00e9rale : On peut faire l\u2019\u00e9criture soi-m\u00eame avec un insert de papier. Couleur: transparent Dimensions : 75 x 33 mm Mat\u00e9riel: plastique Poids : env. 20 gr. Fixation : aimant Sur demande, nous r\u00e9alisons [&hellip;]<\/p>\n","protected":false},"featured_media":75305,"comment_status":"open","ping_status":"closed","template":"","meta":{"inline_featured_image":false},"product_brand":[],"product_cat":[1087],"product_tag":[],"class_list":{"0":"post-22376","1":"product","2":"type-product","3":"status-publish","4":"has-post-thumbnail","6":"product_cat-badges-nominatifs","8":"first","9":"instock","10":"taxable","11":"shipping-taxable","12":"purchasable","13":"product-type-simple"},"_links":{"self":[{"href":"https:\/\/metal-badge.ch\/fr\/wp-json\/wp\/v2\/product\/22376","targetHints":{"allow":["GET"]}}],"collection":[{"href":"https:\/\/metal-badge.ch\/fr\/wp-json\/wp\/v2\/product"}],"about":[{"href":"https:\/\/metal-badge.ch\/fr\/wp-json\/wp\/v2\/types\/product"}],"replies":[{"embeddable":true,"href":"https:\/\/metal-badge.ch\/fr\/wp-json\/wp\/v2\/comments?post=22376"}],"wp:featuredmedia":[{"embeddable":true,"href":"https:\/\/metal-badge.ch\/fr\/wp-json\/wp\/v2\/media\/75305"}],"wp:attachment":[{"href":"https:\/\/metal-badge.ch\/fr\/wp-json\/wp\/v2\/media?parent=22376"}],"wp:term":[{"taxonomy":"product_brand","embeddable":true,"href":"https:\/\/metal-badge.ch\/fr\/wp-json\/wp\/v2\/product_brand?post=22376"},{"taxonomy":"product_cat","embeddable":true,"href":"https:\/\/metal-badge.ch\/fr\/wp-json\/wp\/v2\/product_cat?post=22376"},{"taxonomy":"product_tag","embeddable":true,"href":"https:\/\/metal-badge.ch\/fr\/wp-json\/wp\/v2\/product_tag?post=22376"}],"curies":[{"name":"wp","href":"https:\/\/api.w.org\/{rel}","templated":true}]}}