{"id":22290,"date":"2013-05-11T15:57:58","date_gmt":"2013-05-11T15:57:58","guid":{"rendered":"https:\/\/shop.metal-badge.ch\/?product=badge-nominatif-0004"},"modified":"2020-11-08T20:24:24","modified_gmt":"2020-11-08T19:24:24","slug":"badge-nominatif-0004","status":"publish","type":"product","link":"https:\/\/metal-badge.ch\/fr\/product\/22290\/badge-nominatif-0004\/","title":{"rendered":"Badge nominatif 0004"},"content":{"rendered":"<p>Avec profil ext\u00e9rieur fin et forme plate<br \/>\nCouleur: dor\u00e9 brillant \/ argent brillant<br \/>\nDimensions ext\u00e9rieures : 56 x 17 mm<br \/>\nDimensions int\u00e9rieures : 54 x 14 mm<br \/>\nMat\u00e9riel: fer \/ nickel\u00e9<br \/>\nPoids : env. 12 gr.<br \/>\nFixation : aimant ou \u00e9pingle<br \/>\n<span class=\"anfrage\">Sur demande, nous r\u00e9alisons \u00e9galement l\u2019inscription, impression et logo. <\/span><br \/>\n<a class=\"fancybox-iframe button\" title=\"Info sur l'impression et logo\" href=\"https:\/\/metal-badge.ch\/wp-content\/themes\/shopkeeper-child\/iFrame\/Datenaufbereitung_fr.php\" id=\"iFrameButton1\" >Info sur l&rsquo;impression et logo<\/a><br \/>\n<a class=\"fancybox-iframe button\" href=\"https:\/\/metal-badge.ch\/wp-content\/themes\/shopkeeper-child\/iFrame\/Uebersicht_fr.pdf\" title=\"Aper\u00e7u plaques nominatives\" id=\"iFrameButton2\">Aper\u00e7u plaques nominatives<\/a><br \/>\n<br class=\"clear\" \/><\/p>\n","protected":false},"excerpt":{"rendered":"<p>Avec profil ext\u00e9rieur fin et forme plate Couleur: dor\u00e9 brillant \/ argent brillant Dimensions ext\u00e9rieures : 56 x 17 mm Dimensions int\u00e9rieures : 54 x 14 mm Mat\u00e9riel: fer \/ nickel\u00e9 Poids : env. 12 gr. Fixation : aimant ou \u00e9pingle Sur demande, nous r\u00e9alisons \u00e9galement l\u2019inscription, impression et logo. Info sur l&rsquo;impression et logo [&hellip;]<\/p>\n","protected":false},"featured_media":75345,"comment_status":"open","ping_status":"closed","template":"","meta":{"inline_featured_image":false},"product_brand":[],"product_cat":[1087],"product_tag":[],"class_list":{"0":"post-22290","1":"product","2":"type-product","3":"status-publish","4":"has-post-thumbnail","6":"product_cat-badges-nominatifs","8":"first","9":"instock","10":"taxable","11":"shipping-taxable","12":"purchasable","13":"product-type-simple"},"_links":{"self":[{"href":"https:\/\/metal-badge.ch\/fr\/wp-json\/wp\/v2\/product\/22290","targetHints":{"allow":["GET"]}}],"collection":[{"href":"https:\/\/metal-badge.ch\/fr\/wp-json\/wp\/v2\/product"}],"about":[{"href":"https:\/\/metal-badge.ch\/fr\/wp-json\/wp\/v2\/types\/product"}],"replies":[{"embeddable":true,"href":"https:\/\/metal-badge.ch\/fr\/wp-json\/wp\/v2\/comments?post=22290"}],"wp:featuredmedia":[{"embeddable":true,"href":"https:\/\/metal-badge.ch\/fr\/wp-json\/wp\/v2\/media\/75345"}],"wp:attachment":[{"href":"https:\/\/metal-badge.ch\/fr\/wp-json\/wp\/v2\/media?parent=22290"}],"wp:term":[{"taxonomy":"product_brand","embeddable":true,"href":"https:\/\/metal-badge.ch\/fr\/wp-json\/wp\/v2\/product_brand?post=22290"},{"taxonomy":"product_cat","embeddable":true,"href":"https:\/\/metal-badge.ch\/fr\/wp-json\/wp\/v2\/product_cat?post=22290"},{"taxonomy":"product_tag","embeddable":true,"href":"https:\/\/metal-badge.ch\/fr\/wp-json\/wp\/v2\/product_tag?post=22290"}],"curies":[{"name":"wp","href":"https:\/\/api.w.org\/{rel}","templated":true}]}}