{"id":22247,"date":"2013-05-03T15:01:52","date_gmt":"2013-05-03T15:01:52","guid":{"rendered":"https:\/\/shop.metal-badge.ch\/?product=plaque-de-porte-0004-25-5-x-5-5-cm"},"modified":"2020-11-08T20:37:46","modified_gmt":"2020-11-08T19:37:46","slug":"plaque-de-porte-0004-25-5-x-5-5-cm","status":"publish","type":"product","link":"https:\/\/metal-badge.ch\/fr\/product\/22247\/plaque-de-porte-0004-25-5-x-5-5-cm\/","title":{"rendered":"Plaque de porte 0004, 25.5 x 5.5 cm"},"content":{"rendered":"<p>Profil: plat<br \/>\nCouleur: argent mat \/ dor\u00e9 mat<br \/>\nDimensions : 25.5 x 5.5 cm<br \/>\nMat\u00e9riel: aluminium bross\u00e9<br \/>\nBordures plastique noir<br \/>\nFixation : bande adh\u00e9sive double face et vissage<br \/>\nCette plaque de porte se compose de deux pi\u00e8ces qu&rsquo;on peut glisser \u00e0 droite ou \u00e0 gauche<br \/>\n<span class=\"anfrage\">Sur demande, nous r\u00e9alisons \u00e9galement l\u2019inscription, impression et logo. <\/span><br \/>\n<a class=\"fancybox-iframe button\" title=\"Info sur l'impression et logo\" href=\"https:\/\/metal-badge.ch\/wp-content\/themes\/shopkeeper-child\/iFrame\/Datenaufbereitung_fr.php\" id=\"iFrameButton1\" >Info sur l&rsquo;impression et logo<\/a><br \/>\n<a class=\"fancybox-iframe button\" href=\"https:\/\/metal-badge.ch\/wp-content\/themes\/shopkeeper-child\/iFrame\/Uebersicht_fr.pdf\" title=\"Aper\u00e7u plaques nominatives\" id=\"iFrameButton2\">Aper\u00e7u plaques nominatives<\/a><br \/>\n<br class=\"clear\" \/><\/p>\n","protected":false},"excerpt":{"rendered":"<p>Profil: plat Couleur: argent mat \/ dor\u00e9 mat Dimensions : 25.5 x 5.5 cm Mat\u00e9riel: aluminium bross\u00e9 Bordures plastique noir Fixation : bande adh\u00e9sive double face et vissage Cette plaque de porte se compose de deux pi\u00e8ces qu&rsquo;on peut glisser \u00e0 droite ou \u00e0 gauche Sur demande, nous r\u00e9alisons \u00e9galement l\u2019inscription, impression et logo. Info [&hellip;]<\/p>\n","protected":false},"featured_media":22239,"comment_status":"open","ping_status":"closed","template":"","meta":{"inline_featured_image":false},"product_brand":[],"product_cat":[1083],"product_tag":[],"class_list":{"0":"post-22247","1":"product","2":"type-product","3":"status-publish","4":"has-post-thumbnail","6":"product_cat-plaques-de-porte","8":"first","9":"instock","10":"taxable","11":"shipping-taxable","12":"purchasable","13":"product-type-simple"},"_links":{"self":[{"href":"https:\/\/metal-badge.ch\/fr\/wp-json\/wp\/v2\/product\/22247","targetHints":{"allow":["GET"]}}],"collection":[{"href":"https:\/\/metal-badge.ch\/fr\/wp-json\/wp\/v2\/product"}],"about":[{"href":"https:\/\/metal-badge.ch\/fr\/wp-json\/wp\/v2\/types\/product"}],"replies":[{"embeddable":true,"href":"https:\/\/metal-badge.ch\/fr\/wp-json\/wp\/v2\/comments?post=22247"}],"wp:featuredmedia":[{"embeddable":true,"href":"https:\/\/metal-badge.ch\/fr\/wp-json\/wp\/v2\/media\/22239"}],"wp:attachment":[{"href":"https:\/\/metal-badge.ch\/fr\/wp-json\/wp\/v2\/media?parent=22247"}],"wp:term":[{"taxonomy":"product_brand","embeddable":true,"href":"https:\/\/metal-badge.ch\/fr\/wp-json\/wp\/v2\/product_brand?post=22247"},{"taxonomy":"product_cat","embeddable":true,"href":"https:\/\/metal-badge.ch\/fr\/wp-json\/wp\/v2\/product_cat?post=22247"},{"taxonomy":"product_tag","embeddable":true,"href":"https:\/\/metal-badge.ch\/fr\/wp-json\/wp\/v2\/product_tag?post=22247"}],"curies":[{"name":"wp","href":"https:\/\/api.w.org\/{rel}","templated":true}]}}