{"id":22184,"date":"2013-04-30T15:34:50","date_gmt":"2013-04-30T15:34:50","guid":{"rendered":"https:\/\/shop.metal-badge.ch\/?product=chevalet-de-table-0001-l-form"},"modified":"2023-05-17T00:43:48","modified_gmt":"2023-05-16T22:43:48","slug":"chevalet-de-table-0001-l-form","status":"publish","type":"product","link":"https:\/\/metal-badge.ch\/fr\/product\/22184\/chevalet-de-table-0001-l-form\/","title":{"rendered":"Chevalet de table 0001, L-Form"},"content":{"rendered":"<p>Profil: plat<br \/>\nCouleurs: dor\u00e9 brillant\/ dor\u00e9 mat \/ argent brillant\/ argent mat<br \/>\nDimensions : 150 x 35 mm<br \/>\nMat\u00e9riel: acier, en couleur dor\u00e9 ou argent platin\u00e9<br \/>\nPoids : env. 135 gr.<br \/>\n<span class=\"anfrage\">Sur demande, nous r\u00e9alisons \u00e9galement l\u2019inscription, impression et logo. <\/span><br \/>\n<a class=\"fancybox-iframe button\" title=\"Info sur l'impression et logo\" href=\"https:\/\/metal-badge.ch\/wp-content\/themes\/shopkeeper-child\/iFrame\/Datenaufbereitung_fr.php\" id=\"iFrameButton1\" >Info sur l&rsquo;impression et logo<\/a><br \/>\n<a class=\"fancybox-iframe button\" href=\"https:\/\/metal-badge.ch\/wp-content\/themes\/shopkeeper-child\/iFrame\/Uebersicht_fr.pdf\" title=\"Aper\u00e7u plaques nominatives\" id=\"iFrameButton2\">Aper\u00e7u plaques nominatives<\/a><br \/>\n<br class=\"clear\" \/><\/p>\n","protected":false},"excerpt":{"rendered":"<p>Profil: plat Couleurs: dor\u00e9 brillant\/ dor\u00e9 mat \/ argent brillant\/ argent mat Dimensions : 150 x 35 mm Mat\u00e9riel: acier, en couleur dor\u00e9 ou argent platin\u00e9 Poids : env. 135 gr. Sur demande, nous r\u00e9alisons \u00e9galement l\u2019inscription, impression et logo. Info sur l&rsquo;impression et logo Aper\u00e7u plaques nominatives<\/p>\n","protected":false},"featured_media":22177,"comment_status":"open","ping_status":"closed","template":"","meta":{"inline_featured_image":false},"product_brand":[],"product_cat":[1079],"product_tag":[],"class_list":{"0":"post-22184","1":"product","2":"type-product","3":"status-publish","4":"has-post-thumbnail","6":"product_cat-chevalets-de-table","8":"first","9":"instock","10":"taxable","11":"shipping-taxable","12":"purchasable","13":"product-type-simple"},"_links":{"self":[{"href":"https:\/\/metal-badge.ch\/fr\/wp-json\/wp\/v2\/product\/22184","targetHints":{"allow":["GET"]}}],"collection":[{"href":"https:\/\/metal-badge.ch\/fr\/wp-json\/wp\/v2\/product"}],"about":[{"href":"https:\/\/metal-badge.ch\/fr\/wp-json\/wp\/v2\/types\/product"}],"replies":[{"embeddable":true,"href":"https:\/\/metal-badge.ch\/fr\/wp-json\/wp\/v2\/comments?post=22184"}],"wp:featuredmedia":[{"embeddable":true,"href":"https:\/\/metal-badge.ch\/fr\/wp-json\/wp\/v2\/media\/22177"}],"wp:attachment":[{"href":"https:\/\/metal-badge.ch\/fr\/wp-json\/wp\/v2\/media?parent=22184"}],"wp:term":[{"taxonomy":"product_brand","embeddable":true,"href":"https:\/\/metal-badge.ch\/fr\/wp-json\/wp\/v2\/product_brand?post=22184"},{"taxonomy":"product_cat","embeddable":true,"href":"https:\/\/metal-badge.ch\/fr\/wp-json\/wp\/v2\/product_cat?post=22184"},{"taxonomy":"product_tag","embeddable":true,"href":"https:\/\/metal-badge.ch\/fr\/wp-json\/wp\/v2\/product_tag?post=22184"}],"curies":[{"name":"wp","href":"https:\/\/api.w.org\/{rel}","templated":true}]}}