{"id":22174,"date":"2013-04-30T14:32:38","date_gmt":"2013-04-30T14:32:38","guid":{"rendered":"https:\/\/shop.metal-badge.ch\/?product=badge-nominatif-0001a"},"modified":"2020-08-12T15:18:42","modified_gmt":"2020-08-12T13:18:42","slug":"badge-nominatif-0001a","status":"publish","type":"product","link":"https:\/\/metal-badge.ch\/fr\/product\/22174\/badge-nominatif-0001a\/","title":{"rendered":"Badge nominatif 0001a"},"content":{"rendered":"<p>Profil: forme l\u00e9g\u00e8rement incurv\u00e9e<br \/>\nAvec ces pratiques badges, le nom peut \u00eatre \u00e9chang\u00e9 sans cesse en utilisant des inserts en papier.<br \/>\nCouleur: argent mat<br \/>\nDimensions : 78 x 32 mm<br \/>\nMat\u00e9riel: alliage d\u2019aluminium, plastique ABS<br \/> <br \/>\nPoids : env. 20 gr.<br \/> <br \/>\nCouverture frontale : Fen\u00eatre en plastique dur<br \/> <br \/>\nFixation : \u00e9pingle<br \/>\n<span class=\"anfrage\">Sur demande, nous r\u00e9alisons \u00e9galement l\u2019inscription, impression et logo. <\/span><br \/>\n<a class=\"fancybox-iframe button\" title=\"Info sur l'impression et logo\" href=\"https:\/\/metal-badge.ch\/wp-content\/themes\/shopkeeper-child\/iFrame\/Datenaufbereitung_fr.php\" id=\"iFrameButton1\" >Info sur l&rsquo;impression et logo<\/a><br \/>\n<a class=\"fancybox-iframe button\" href=\"https:\/\/metal-badge.ch\/wp-content\/themes\/shopkeeper-child\/iFrame\/Uebersicht_fr.pdf\" title=\"Aper\u00e7u plaques nominatives\" id=\"iFrameButton2\">Aper\u00e7u plaques nominatives<\/a><br \/>\n<br class=\"clear\" \/><\/p>\n","protected":false},"excerpt":{"rendered":"<p>Profil: forme l\u00e9g\u00e8rement incurv\u00e9e Avec ces pratiques badges, le nom peut \u00eatre \u00e9chang\u00e9 sans cesse en utilisant des inserts en papier. Couleur: argent mat Dimensions : 78 x 32 mm Mat\u00e9riel: alliage d\u2019aluminium, plastique ABS Poids : env. 20 gr. Couverture frontale : Fen\u00eatre en plastique dur Fixation : \u00e9pingle Sur demande, nous r\u00e9alisons \u00e9galement [&hellip;]<\/p>\n","protected":false},"featured_media":22169,"comment_status":"open","ping_status":"closed","template":"","meta":{"inline_featured_image":false},"product_brand":[],"product_cat":[1087],"product_tag":[],"class_list":{"0":"post-22174","1":"product","2":"type-product","3":"status-publish","4":"has-post-thumbnail","6":"product_cat-badges-nominatifs","8":"first","9":"instock","10":"taxable","11":"shipping-taxable","12":"purchasable","13":"product-type-simple"},"_links":{"self":[{"href":"https:\/\/metal-badge.ch\/fr\/wp-json\/wp\/v2\/product\/22174","targetHints":{"allow":["GET"]}}],"collection":[{"href":"https:\/\/metal-badge.ch\/fr\/wp-json\/wp\/v2\/product"}],"about":[{"href":"https:\/\/metal-badge.ch\/fr\/wp-json\/wp\/v2\/types\/product"}],"replies":[{"embeddable":true,"href":"https:\/\/metal-badge.ch\/fr\/wp-json\/wp\/v2\/comments?post=22174"}],"wp:featuredmedia":[{"embeddable":true,"href":"https:\/\/metal-badge.ch\/fr\/wp-json\/wp\/v2\/media\/22169"}],"wp:attachment":[{"href":"https:\/\/metal-badge.ch\/fr\/wp-json\/wp\/v2\/media?parent=22174"}],"wp:term":[{"taxonomy":"product_brand","embeddable":true,"href":"https:\/\/metal-badge.ch\/fr\/wp-json\/wp\/v2\/product_brand?post=22174"},{"taxonomy":"product_cat","embeddable":true,"href":"https:\/\/metal-badge.ch\/fr\/wp-json\/wp\/v2\/product_cat?post=22174"},{"taxonomy":"product_tag","embeddable":true,"href":"https:\/\/metal-badge.ch\/fr\/wp-json\/wp\/v2\/product_tag?post=22174"}],"curies":[{"name":"wp","href":"https:\/\/api.w.org\/{rel}","templated":true}]}}