{"id":22039,"date":"2012-09-11T13:06:53","date_gmt":"2012-09-11T13:06:53","guid":{"rendered":"https:\/\/shop.metal-badge.ch\/?product=briquet-a-essence-wenger-fidis-chrome"},"modified":"2012-09-11T13:10:56","modified_gmt":"2012-09-11T13:10:56","slug":"briquet-a-essence-wenger-fidis-chrome","status":"publish","type":"product","link":"https:\/\/metal-badge.ch\/fr\/product\/22039\/briquet-a-essence-wenger-fidis-chrome\/","title":{"rendered":"Briquet \u00e0 essence Wenger Fidis Chrome"},"content":{"rendered":"<p>Le moderne briquet \u00e0 essence mod\u00e8le Fidis de la maison Wenger est aliment\u00e9 par fusible et silex. Le robuste bo\u00eetier en aluminium, \u00e9quip\u00e9 d\u2019un porte-cl\u00e9s, cordon et mousqueton, se pr\u00e9sente dans une \u00e9l\u00e9gante finition satin\u00e9e.  Dans le capuchon sont log\u00e9s quatre silex de rechange. Le capuchon sert \u00e9galement de point de fixation pour le cordon de s\u00e9curit\u00e9 avec mousqueton. Le briquet temp\u00eate Fidis est un briquet \u00e0 essence classique pour la rude vie \u00e0 l&rsquo;ext\u00e9rieur.  M\u00eame des vents de 100 km\/h n&rsquo;\u00e9teignent pas la flamme.<\/p>\n<p>Donn\u00e9es techniques<br \/>\n\u2022\tPoids : env. 88 g<br \/> <br \/>\n\u2022\tHauteur : env. 8.5 cm<br \/>\n\u2022\tBo\u00eetier en m\u00e9tal chrom\u00e9 \/ chrome satin\u00e9<br \/>\n\u2022\tAlimentation \u00e0 essence (rechargeable)<br \/>\n\u2022\tVolume du r\u00e9servoir 6g \/ R\u00e9serve 4.5g.<\/p>\n","protected":false},"excerpt":{"rendered":"<p>Le moderne briquet \u00e0 essence mod\u00e8le Fidis de la maison Wenger est aliment\u00e9 par fusible et silex. Le robuste bo\u00eetier en aluminium, \u00e9quip\u00e9 d\u2019un porte-cl\u00e9s, cordon et mousqueton, se pr\u00e9sente dans une \u00e9l\u00e9gante finition satin\u00e9e. Dans le capuchon sont log\u00e9s quatre silex de rechange. Le capuchon sert \u00e9galement de point de fixation pour le cordon [&hellip;]<\/p>\n","protected":false},"featured_media":22031,"comment_status":"open","ping_status":"closed","template":"","meta":{"inline_featured_image":false},"product_brand":[],"product_cat":[1279,1347],"product_tag":[1769,1777,1773,1765],"class_list":{"0":"post-22039","1":"product","2":"type-product","3":"status-publish","4":"has-post-thumbnail","6":"product_cat-briquets-au-gaz","7":"product_cat-accessoires-militaires-de-chasse","8":"product_tag-army-survival-fr","9":"product_tag-camping-voyage","10":"product_tag-chasse-peche","11":"product_tag-sport-outdoor-fr","13":"first","14":"outofstock","15":"taxable","16":"shipping-taxable","17":"purchasable","18":"product-type-simple"},"_links":{"self":[{"href":"https:\/\/metal-badge.ch\/fr\/wp-json\/wp\/v2\/product\/22039","targetHints":{"allow":["GET"]}}],"collection":[{"href":"https:\/\/metal-badge.ch\/fr\/wp-json\/wp\/v2\/product"}],"about":[{"href":"https:\/\/metal-badge.ch\/fr\/wp-json\/wp\/v2\/types\/product"}],"replies":[{"embeddable":true,"href":"https:\/\/metal-badge.ch\/fr\/wp-json\/wp\/v2\/comments?post=22039"}],"wp:featuredmedia":[{"embeddable":true,"href":"https:\/\/metal-badge.ch\/fr\/wp-json\/wp\/v2\/media\/22031"}],"wp:attachment":[{"href":"https:\/\/metal-badge.ch\/fr\/wp-json\/wp\/v2\/media?parent=22039"}],"wp:term":[{"taxonomy":"product_brand","embeddable":true,"href":"https:\/\/metal-badge.ch\/fr\/wp-json\/wp\/v2\/product_brand?post=22039"},{"taxonomy":"product_cat","embeddable":true,"href":"https:\/\/metal-badge.ch\/fr\/wp-json\/wp\/v2\/product_cat?post=22039"},{"taxonomy":"product_tag","embeddable":true,"href":"https:\/\/metal-badge.ch\/fr\/wp-json\/wp\/v2\/product_tag?post=22039"}],"curies":[{"name":"wp","href":"https:\/\/api.w.org\/{rel}","templated":true}]}}