{"id":21963,"date":"2012-08-23T16:10:55","date_gmt":"2012-08-23T16:10:55","guid":{"rendered":"https:\/\/shop.metal-badge.ch\/?product=lampe-de-cockpit-allume-cigare-led"},"modified":"2020-08-02T00:00:07","modified_gmt":"2020-08-01T22:00:07","slug":"lampe-de-cockpit-allume-cigare-led","status":"publish","type":"product","link":"https:\/\/metal-badge.ch\/fr\/product\/21963\/lampe-de-cockpit-allume-cigare-led\/","title":{"rendered":"Lampe de cockpit \u2013 Allume-cigare LED"},"content":{"rendered":"<p>Si minuscule avec seuls 5.5 cm et \u00e9claire jusqu&rsquo;\u00e0 20 m\u00e8tres!<\/p>\n<p>On ne sait jamais quand on en aura besoin, mais le moment arrive. En tout cas, on peut toujours compter sur cette maline lampe-torche auto en aluminium d\u2019haute qualit\u00e9.<\/p>\n<p>Elle attend sa mission avec patience et calme dans sa prise \u00e0 12 Volt et puis elle d\u00e9marre comme les pompiers : Avec son LED \u00e0 forte puissance de 0,5 Watt ultra-lumineux, elle illumine jusqu\u2019\u00e0 20 m\u00e8tres de distance. Cependant la mini-lampe n\u2019a que ses minuscules 5 cm de longueur. Avoir encore en si peu d\u2019espace une puissante batterie qui tient jusqu\u2019\u00e0 120 minutes d\u2019illumination, c\u2019est un petit chef-d\u2019\u0153uvre technique. Et cela devrait \u00eatre dans chaque voiture et chaque bateau, etc. La dur\u00e9e d\u2019illumination de cette torche est env. 1:30 h jusqu\u2019\u00e0 2 heures. Pour recharger la lampe, il ne faut que la connecter \u00e0 l\u2019allume-cigare de la voiture ou du bateau.<\/p>\n<p>D\u00e9tecteur de faux billets avec lumi\u00e8re UV. Cette petite torche fournit une double fonction aux caract\u00e9ristiques remarquables. Une lumi\u00e8re UV int\u00e9gr\u00e9e au milieu de la torche pour examiner des billets bancaires, timbres etc. Il ne faut qu&rsquo;appuyer sur une touche pour allumer ou \u00e9teindre la lumi\u00e8re UV. Pour utiliser la lumi\u00e8re UV comme appareil de contr\u00f4le de billets bancaires, timbres. Avec sa lumi\u00e8re UV bleue, la torche fait appara\u00eetre les particules fluorescentes des billets bancaires \u2013 c\u2019est le moyen le plus rapide pour en v\u00e9rifier l\u2019authenticit\u00e9.<\/p>\n<p>Poids : 34 g<br \/>\nDimensions : 5.5 cm x 2 cm<br \/>\nCouleur: dor\u00e9, bleu, noir<\/p>\n<p>\u2022 Mini-torche de haute qualit\u00e9 avec bo\u00eetier en aluminium anodis\u00e9<br \/>\n\u2022 LED \u00e0 0,5 Watt extr\u00eamement puissant : Lumi\u00e8re intense jusqu\u2019\u00e0 20 m\u00e8tres de port\u00e9e<br \/>\n\u2022 Batterie rechargeable (NIMH) : Temps de fonctionnement jusqu\u2019\u00e0 120 minutes<br \/>\n\u2022 Mini-taille : 5.5 x 2cm poids 34 grammes<\/p>\n<p>Applications :<br \/>\n&#8211; Industrie et manufacture<br \/>\n&#8211; M\u00e9decine<br \/>\n&#8211; Monnaies\/ Notes\/ Sceaux<br \/>\n&#8211; G\u00e9ographie<br \/>\n&#8211; Industrie de l\u2019imprimerie<br \/>\n&#8211; Education<br \/>\n&#8211; Bureau<br \/>\n&#8211; Maison et loisirs<\/p>\n","protected":false},"excerpt":{"rendered":"<p>Si minuscule avec seuls 5.5 cm et \u00e9claire jusqu&rsquo;\u00e0 20 m\u00e8tres! On ne sait jamais quand on en aura besoin, mais le moment arrive. En tout cas, on peut toujours compter sur cette maline lampe-torche auto en aluminium d\u2019haute qualit\u00e9. Elle attend sa mission avec patience et calme dans sa prise \u00e0 12 Volt et [&hellip;]<\/p>\n","protected":false},"featured_media":87520,"comment_status":"open","ping_status":"closed","template":"","meta":{"inline_featured_image":false},"product_brand":[],"product_cat":[1347,1343],"product_tag":[1769,1777,1773,1765],"class_list":{"0":"post-21963","1":"product","2":"type-product","3":"status-publish","4":"has-post-thumbnail","6":"product_cat-accessoires-militaires-de-chasse","7":"product_cat-lampes-lampes-de-poche","8":"product_tag-army-survival-fr","9":"product_tag-camping-voyage","10":"product_tag-chasse-peche","11":"product_tag-sport-outdoor-fr","13":"first","14":"outofstock","15":"sale","16":"taxable","17":"shipping-taxable","18":"purchasable","19":"product-type-simple"},"_links":{"self":[{"href":"https:\/\/metal-badge.ch\/fr\/wp-json\/wp\/v2\/product\/21963","targetHints":{"allow":["GET"]}}],"collection":[{"href":"https:\/\/metal-badge.ch\/fr\/wp-json\/wp\/v2\/product"}],"about":[{"href":"https:\/\/metal-badge.ch\/fr\/wp-json\/wp\/v2\/types\/product"}],"replies":[{"embeddable":true,"href":"https:\/\/metal-badge.ch\/fr\/wp-json\/wp\/v2\/comments?post=21963"}],"wp:featuredmedia":[{"embeddable":true,"href":"https:\/\/metal-badge.ch\/fr\/wp-json\/wp\/v2\/media\/87520"}],"wp:attachment":[{"href":"https:\/\/metal-badge.ch\/fr\/wp-json\/wp\/v2\/media?parent=21963"}],"wp:term":[{"taxonomy":"product_brand","embeddable":true,"href":"https:\/\/metal-badge.ch\/fr\/wp-json\/wp\/v2\/product_brand?post=21963"},{"taxonomy":"product_cat","embeddable":true,"href":"https:\/\/metal-badge.ch\/fr\/wp-json\/wp\/v2\/product_cat?post=21963"},{"taxonomy":"product_tag","embeddable":true,"href":"https:\/\/metal-badge.ch\/fr\/wp-json\/wp\/v2\/product_tag?post=21963"}],"curies":[{"name":"wp","href":"https:\/\/api.w.org\/{rel}","templated":true}]}}