{"id":21952,"date":"2012-08-23T14:06:17","date_gmt":"2012-08-23T14:06:17","guid":{"rendered":"https:\/\/shop.metal-badge.ch\/?product=set-de-2-cadenas-avec-combinaison"},"modified":"2023-01-10T04:18:20","modified_gmt":"2023-01-10T03:18:20","slug":"set-de-2-cadenas-avec-combinaison","status":"publish","type":"product","link":"https:\/\/metal-badge.ch\/fr\/product\/21952\/set-de-2-cadenas-avec-combinaison\/","title":{"rendered":"Set de 2 cadenas avec combinaison"},"content":{"rendered":"<p>S\u00e9curisez vos bagages avec ce cadenas \u00e0 combinaison 3 chiffres personnalisable.<br \/>\nSet \u00e0 2 cadenas bagage avec combinaison, cadenas valise, s\u00e9curit\u00e9 bagage, serrure poche, cadenas.<br \/>\nEn m\u00e9tal \u2013 stable, robuste, s\u00fbr.<br \/>\nCouleur: gris argent\u00e9<\/p>\n<p>\nCaract\u00e9ristiques techniques:<\/p>\n<p>Set de 2 cadenas avec combinaison. Livr\u00e9 en design compact avec finition m\u00e9tallique.<br \/>\nUn outil tr\u00e8s utile pour les voyageurs fr\u00e9quents.<br \/>\nMat\u00e9riel \u2013 alliage de m\u00e9tal<\/p>\n<p>\nProc\u00e9dure pour changer la combinaison :<\/p>\n<p>Ce cadenas est livr\u00e9 avec la combinaison par d\u00e9faut 000. Pour changer la combinaison, appuyez sur le bouton RESET au bas de la serrure.<br \/>\nMaintenez la touche enfonc\u00e9e et changez la combinaison selon votre choix.<br \/>\nUne fois termin\u00e9, rel\u00e2chez la touche RESET. Votre cadenas s\u2019ouvrira maintenant avec la nouvelle combinaison que vous avez programm\u00e9e.<\/p>\n","protected":false},"excerpt":{"rendered":"<p>S\u00e9curisez vos bagages avec ce cadenas \u00e0 combinaison 3 chiffres personnalisable. Set \u00e0 2 cadenas bagage avec combinaison, cadenas valise, s\u00e9curit\u00e9 bagage, serrure poche, cadenas. En m\u00e9tal \u2013 stable, robuste, s\u00fbr. Couleur: gris argent\u00e9 Caract\u00e9ristiques techniques: Set de 2 cadenas avec combinaison. Livr\u00e9 en design compact avec finition m\u00e9tallique. Un outil tr\u00e8s utile pour les [&hellip;]<\/p>\n","protected":false},"featured_media":87530,"comment_status":"open","ping_status":"closed","template":"","meta":{"inline_featured_image":false},"product_brand":[],"product_cat":[887],"product_tag":[1890],"class_list":{"0":"post-21952","1":"product","2":"type-product","3":"status-publish","4":"has-post-thumbnail","6":"product_cat-accessoires","7":"product_tag-cadeaux","9":"first","10":"instock","11":"sale","12":"taxable","13":"shipping-taxable","14":"purchasable","15":"product-type-simple"},"_links":{"self":[{"href":"https:\/\/metal-badge.ch\/fr\/wp-json\/wp\/v2\/product\/21952","targetHints":{"allow":["GET"]}}],"collection":[{"href":"https:\/\/metal-badge.ch\/fr\/wp-json\/wp\/v2\/product"}],"about":[{"href":"https:\/\/metal-badge.ch\/fr\/wp-json\/wp\/v2\/types\/product"}],"replies":[{"embeddable":true,"href":"https:\/\/metal-badge.ch\/fr\/wp-json\/wp\/v2\/comments?post=21952"}],"wp:featuredmedia":[{"embeddable":true,"href":"https:\/\/metal-badge.ch\/fr\/wp-json\/wp\/v2\/media\/87530"}],"wp:attachment":[{"href":"https:\/\/metal-badge.ch\/fr\/wp-json\/wp\/v2\/media?parent=21952"}],"wp:term":[{"taxonomy":"product_brand","embeddable":true,"href":"https:\/\/metal-badge.ch\/fr\/wp-json\/wp\/v2\/product_brand?post=21952"},{"taxonomy":"product_cat","embeddable":true,"href":"https:\/\/metal-badge.ch\/fr\/wp-json\/wp\/v2\/product_cat?post=21952"},{"taxonomy":"product_tag","embeddable":true,"href":"https:\/\/metal-badge.ch\/fr\/wp-json\/wp\/v2\/product_tag?post=21952"}],"curies":[{"name":"wp","href":"https:\/\/api.w.org\/{rel}","templated":true}]}}