{"id":21746,"date":"2012-07-23T08:46:18","date_gmt":"2012-07-23T08:46:18","guid":{"rendered":"https:\/\/shop.metal-badge.ch\/?product=victorinox-swisstool-plus"},"modified":"2017-05-23T20:25:59","modified_gmt":"2017-05-23T20:25:59","slug":"victorinox-swisstool-plus","status":"publish","type":"product","link":"https:\/\/metal-badge.ch\/fr\/product\/21746\/victorinox-swisstool-plus\/","title":{"rendered":"Victorinox SwissTool Plus"},"content":{"rendered":"<p>Le multitalent parmi les SwissTools : avec pince pointue multi-usages et 39 fonctions, notamment un bo\u00eetier pratique avec 6 embouts usuels. Dans un \u00e9tui en cuir \u00e9l\u00e9gant. La bo\u00eete \u00e0 outils maline en format de poche.<\/p>\n<p>Avec ce tool on peut vraiment tout faire et remplacer presque toute la bo\u00eete \u00e0 outils. Equip\u00e9 avec tous les outils essentiels pour la vie quotidienne et du travail et un porte-embouts additionnel, presque rien ne peut l\u2019arr\u00eater, pas le v\u00e9lo en panne, ni la porte bloqu\u00e9e, la chaise qui vacille ou les paquets trop bien emball\u00e9s \u2013 le SwissTool est d\u2019une solidit\u00e9 \u00e0 toute \u00e9preuve!<\/p>\n<p>\n1. Tire-bouchons<br \/>\n2. Scie \u00e0 bois<br \/>\n3. Lime \u00e0 m\u00e9taux<br \/>\n4. Scie \u00e0 m\u00e9taux<br \/>\n5. Ciseau \u00e0 bois<br \/>\n6. Mini-tournevis<br \/>\n7. Bo\u00eetier bit<br \/>\n8. Tournevis 2mm<br \/>\n9. Tournevis 3mm<br \/>\n10. Tournevis Phillips pour PH1 et PH2<br \/>\n11. Lame<br \/>\n12. Ciseaux<br \/>\n13. Mesure (230 mm)<br \/>\n14. Mesure (9 pouces)<br \/>\n15. Etui-ceinture en cuir<br \/>\n16. Coupe fil pour fils fin jusqu&rsquo;\u00e0 une duret\u00e9 de 40 HRc<br \/>\n17. Outil levier<br \/>\n18. Plieur de c\u00e2ble<br \/>\n19. Coupe fil dur<br \/>\n20. Point d&rsquo;attache<br \/>\n21. Poussoir pour d\u00e9blocage<br \/>\n22. Ressort individuel<br \/>\n23. Poin\u00e7on al\u00e9soir<br \/>\n24. Racloir de fil \u00e9lectrique<br \/>\n25. D\u00e9capsuleur<br \/>\n26. Ouvre-bo\u00eetes<br \/>\n27. Clef porte-outils avec<br \/>\n28. -embout Hex 3 (Inbus)<br \/>\n29. -embout Hex 4 (Inbus)<br \/>\n30. -embout Phillips 0<br \/>\n31. -embout Phillips 3<br \/>\n32. -embout Torx 10<br \/>\n33. -embout Torx 15<br \/>\n34. Emplacement pour embouts suppl\u00e9mentaires<br \/>\n35. Tournevis 5 mm<br \/>\n36. Tournevis 7.5 mm<br \/>\n37. Serre-cosses (\u00e9lectr.)<br \/>\n38. Pince combi<br \/>\n39. D\u00e9nudeur de fil \u00e9lectrique<\/p>\n<p>\nCouleur: gris argent\u00e9<br \/>\nLongueur: 115 mm<br \/>\nLargeur: 35 mm<br \/>\nHauteur: 18 mm<br \/>\nPoids netto: 438 g<\/p>\n","protected":false},"excerpt":{"rendered":"<p>Le multitalent parmi les SwissTools : avec pince pointue multi-usages et 39 fonctions, notamment un bo\u00eetier pratique avec 6 embouts usuels. Dans un \u00e9tui en cuir \u00e9l\u00e9gant. La bo\u00eete \u00e0 outils maline en format de poche. Avec ce tool on peut vraiment tout faire et remplacer presque toute la bo\u00eete \u00e0 outils. Equip\u00e9 avec tous [&hellip;]<\/p>\n","protected":false},"featured_media":92887,"comment_status":"open","ping_status":"closed","template":"","meta":{"inline_featured_image":false},"product_brand":[],"product_cat":[1347,1035],"product_tag":[1769,1773,1765,1838],"class_list":{"0":"post-21746","1":"product","2":"type-product","3":"status-publish","4":"has-post-thumbnail","6":"product_cat-accessoires-militaires-de-chasse","7":"product_cat-couteaux-machettes","8":"product_tag-army-survival-fr","9":"product_tag-chasse-peche","10":"product_tag-sport-outdoor-fr","11":"product_tag-victorinox-fr","13":"first","14":"instock","15":"taxable","16":"shipping-taxable","17":"purchasable","18":"product-type-simple"},"_links":{"self":[{"href":"https:\/\/metal-badge.ch\/fr\/wp-json\/wp\/v2\/product\/21746","targetHints":{"allow":["GET"]}}],"collection":[{"href":"https:\/\/metal-badge.ch\/fr\/wp-json\/wp\/v2\/product"}],"about":[{"href":"https:\/\/metal-badge.ch\/fr\/wp-json\/wp\/v2\/types\/product"}],"replies":[{"embeddable":true,"href":"https:\/\/metal-badge.ch\/fr\/wp-json\/wp\/v2\/comments?post=21746"}],"wp:featuredmedia":[{"embeddable":true,"href":"https:\/\/metal-badge.ch\/fr\/wp-json\/wp\/v2\/media\/92887"}],"wp:attachment":[{"href":"https:\/\/metal-badge.ch\/fr\/wp-json\/wp\/v2\/media?parent=21746"}],"wp:term":[{"taxonomy":"product_brand","embeddable":true,"href":"https:\/\/metal-badge.ch\/fr\/wp-json\/wp\/v2\/product_brand?post=21746"},{"taxonomy":"product_cat","embeddable":true,"href":"https:\/\/metal-badge.ch\/fr\/wp-json\/wp\/v2\/product_cat?post=21746"},{"taxonomy":"product_tag","embeddable":true,"href":"https:\/\/metal-badge.ch\/fr\/wp-json\/wp\/v2\/product_tag?post=21746"}],"curies":[{"name":"wp","href":"https:\/\/api.w.org\/{rel}","templated":true}]}}