{"id":21741,"date":"2012-07-22T18:09:10","date_gmt":"2012-07-22T18:09:10","guid":{"rendered":"https:\/\/shop.metal-badge.ch\/?product=victorinox-swisstool-spirit-plus"},"modified":"2015-05-11T14:52:40","modified_gmt":"2015-05-11T14:52:40","slug":"victorinox-swisstool-spirit-plus","status":"publish","type":"product","link":"https:\/\/metal-badge.ch\/fr\/product\/21741\/victorinox-swisstool-spirit-plus\/","title":{"rendered":"Victorinox SwissTool Spirit Plus"},"content":{"rendered":"<p>Le multi-tool pour le 21e si\u00e8cle.<\/p>\n<p>La meilleure preuve qu\u2019un multi-tool avec pince peut \u00e0 la fois \u00eatre \u00e9l\u00e9gant et ergonomique. Avec 27 fonctions, extension et bo\u00eetier avec 6 embouts usuels. Dans un \u00e9tui en cuir \u00e9l\u00e9gant.<\/p>\n<p>\nContenu :<br \/>\nVictorinox SwissTool Spirit Plus<br \/>\nEtui-ceinture en nylon<\/p>\n<p>\nSPECIFICATIONS<br \/>\n1.\tTire-bouchons<br \/> <br \/>\n2.\tScie \u00e0 bois<br \/> <br \/>\n3.\tLime \u00e0 m\u00e9taux<br \/> <br \/>\n4.\tScie \u00e0 m\u00e9taux<br \/> <br \/>\n5.\tCiseau \u00e0 bois<br \/> <br \/>\n6.\tMini-tournevis<br \/> <br \/>\n7.\tBo\u00eetier bit<br \/> <br \/>\n8.\tLame Spirit, lisse et dent\u00e9e<br \/> <br \/>\n9.\tTournevis 2mm<br \/> <br \/>\n10.\tTournevis 3mm<br \/> <br \/>\n11.\tTournevis Phillips pour PH1 et PH2<br \/> <br \/>\n12.\tCiseaux<br \/> <br \/>\n13.\tEtui en nylon<br \/> <br \/>\n14.\tCoupe fil pour fils fin jusqu&rsquo;\u00e0 une duret\u00e9 de 40 HRc<br \/> <br \/>\n15.\tOutil levier<br \/> <br \/>\n16.\tCoupe gaine dans la longueur<br \/> <br \/>\n17.\tPlieur de c\u00e2ble<br \/> <br \/>\n18.\tD\u00e9nudeur \/ racloir de fil \u00e9lectrique<br \/> <br \/>\n19.\tCoupe gaine circulaire<br \/> <br \/>\n20.\tCoupe fil dur<br \/> <br \/>\n21.\tPoint d&rsquo;attache<br \/> <br \/>\n22.\tPoussoir pour d\u00e9blocage<br \/> <br \/>\n23.\tClef \u00e0 cliquet (30 Nm)<br \/> <br \/>\n24.\tExtension pour bit<br \/> <br \/>\n25.\tRessort individuel<br \/> <br \/>\n26.\tPince pointu combi<br \/> <br \/>\n27.\tPoin\u00e7on al\u00e9soir<br \/> <br \/>\n28.\tD\u00e9capsuleur<br \/> <br \/>\n29.\tOuvre-bo\u00eetes<br \/> <br \/>\n30.\tCrochet<br \/> <br \/>\n31.\tTournevis 6 mm<br \/> <br \/>\n32.\tClef porte-outils avec<br \/>\n33.\t-embout Hex 3 (Inbus)<br \/>\n34.\t-embout Hex 4 (Inbus)<br \/>\n35.\t-embout Phillips 0<br \/>\n36.\t-embout Phillips 3<br \/>\n37.\t-embout Torx 10<br \/>\n38.\t-embout Torx 15<br \/>\n39.\tEncoche pour tire-bouchons<br \/> <br \/>\n40.\tEmplacement pour embouts suppl\u00e9mentaires<\/p>\n<p> <br \/>\nCouleur: gris argent\u00e9<br \/> <br \/>\nLongueur 105 mm<br \/> <br \/>\nLargeur 35 mm<br \/> <br \/>\nHauteur 16 mm<br \/> <br \/>\nPoids netto 364 g<\/p>\n","protected":false},"excerpt":{"rendered":"<p>Le multi-tool pour le 21e si\u00e8cle. La meilleure preuve qu\u2019un multi-tool avec pince peut \u00e0 la fois \u00eatre \u00e9l\u00e9gant et ergonomique. Avec 27 fonctions, extension et bo\u00eetier avec 6 embouts usuels. Dans un \u00e9tui en cuir \u00e9l\u00e9gant. Contenu : Victorinox SwissTool Spirit Plus Etui-ceinture en nylon SPECIFICATIONS 1. Tire-bouchons 2. Scie \u00e0 bois 3. Lime [&hellip;]<\/p>\n","protected":false},"featured_media":92889,"comment_status":"open","ping_status":"closed","template":"","meta":{"inline_featured_image":false},"product_brand":[],"product_cat":[1347,1035],"product_tag":[1769,1773,1765,1838],"class_list":{"0":"post-21741","1":"product","2":"type-product","3":"status-publish","4":"has-post-thumbnail","6":"product_cat-accessoires-militaires-de-chasse","7":"product_cat-couteaux-machettes","8":"product_tag-army-survival-fr","9":"product_tag-chasse-peche","10":"product_tag-sport-outdoor-fr","11":"product_tag-victorinox-fr","13":"first","14":"instock","15":"taxable","16":"shipping-taxable","17":"purchasable","18":"product-type-simple"},"_links":{"self":[{"href":"https:\/\/metal-badge.ch\/fr\/wp-json\/wp\/v2\/product\/21741","targetHints":{"allow":["GET"]}}],"collection":[{"href":"https:\/\/metal-badge.ch\/fr\/wp-json\/wp\/v2\/product"}],"about":[{"href":"https:\/\/metal-badge.ch\/fr\/wp-json\/wp\/v2\/types\/product"}],"replies":[{"embeddable":true,"href":"https:\/\/metal-badge.ch\/fr\/wp-json\/wp\/v2\/comments?post=21741"}],"wp:featuredmedia":[{"embeddable":true,"href":"https:\/\/metal-badge.ch\/fr\/wp-json\/wp\/v2\/media\/92889"}],"wp:attachment":[{"href":"https:\/\/metal-badge.ch\/fr\/wp-json\/wp\/v2\/media?parent=21741"}],"wp:term":[{"taxonomy":"product_brand","embeddable":true,"href":"https:\/\/metal-badge.ch\/fr\/wp-json\/wp\/v2\/product_brand?post=21741"},{"taxonomy":"product_cat","embeddable":true,"href":"https:\/\/metal-badge.ch\/fr\/wp-json\/wp\/v2\/product_cat?post=21741"},{"taxonomy":"product_tag","embeddable":true,"href":"https:\/\/metal-badge.ch\/fr\/wp-json\/wp\/v2\/product_tag?post=21741"}],"curies":[{"name":"wp","href":"https:\/\/api.w.org\/{rel}","templated":true}]}}