{"id":21734,"date":"2012-07-21T10:01:37","date_gmt":"2012-07-21T10:01:37","guid":{"rendered":"https:\/\/shop.metal-badge.ch\/?product=victorinox-hunter-xt"},"modified":"2021-07-11T01:09:17","modified_gmt":"2021-07-10T23:09:17","slug":"victorinox-hunter-xt","status":"publish","type":"product","link":"https:\/\/metal-badge.ch\/fr\/product\/21734\/victorinox-hunter-xt\/","title":{"rendered":"Victorinox Hunter XT"},"content":{"rendered":"<p>Un couteau de poche innovant d\u00e9di\u00e9 aux chasseurs et aux amateurs de plein air \u00e0 la recherche de s\u00e9curit\u00e9, fiabilit\u00e9 et fonctionnalit\u00e9.<\/p>\n<p>Deux lames \u2013 une plus ac\u00e9r\u00e9e que l\u2019autre \u2013 sont log\u00e9es dans le solide corps constitu\u00e9 par le manche. Les deux lames s&rsquo;ouvrent d&rsquo;une seule main gr\u00e2ce \u00e0 un trou ovale pour le pouce, ce qui pr\u00e9sente un avantage immense. Le HUNTER est imm\u00e9diatement op\u00e9rationnel, sans m\u00eame d\u00e9tourner le regard de l\u2019ouvrage ou avoir recours \u00e0 sa deuxi\u00e8me main.<\/p>\n<p>Avec sa forme \u00e0 pointe tombante (drop point) et son tranchant lisse aff\u00fbt\u00e9, la lame principale est un v\u00e9ritable outil \u00e0 tout faire et convient tout aussi bien pour les activit\u00e9s li\u00e9es \u00e0 la chasse, que pour le travail du bois ou pour la pr\u00e9paration d\u2019un casse-cro\u00fbte. La seconde lame pourvue d&rsquo;un tranchant dent\u00e9 est parfaite pour le d\u00e9pe\u00e7age de gibier, notamment gr\u00e2ce \u00e0 sa forme incurv\u00e9e tr\u00e8s efficace et son extr\u00e9mit\u00e9 arrondie. Ainsi, le gibier abattu peut \u00eatre trait\u00e9 directement sur le terrain de chasse, et ce de mani\u00e8re r\u00e9active et pratique. Bon \u00e0 savoir : cette lame de forme sp\u00e9ciale, capable de couper de fa\u00e7on rapide et fiable sangles et cordes, a \u00e9galement fait ses preuves en situation d\u2019urgence (op\u00e9rations de sauvetage).<\/p>\n<p>Le blocage des deux lames s\u2019effectue par l&rsquo;interm\u00e9diaire d&rsquo;une platine Linerlock, laquelle fait ressort et se d\u00e9cale &#8211; lame ouverte &#8211; derri\u00e8re la base de la lame. Ceci \u00e9vite toute fermeture intempestive de la lame &#8211; un syst\u00e8me \u00e9prouv\u00e9 des millions de fois. L\u2019acier d\u2019entretien simplifi\u00e9\/inoxydable et r\u00e9sistant \u00e0 l\u2019usure utilis\u00e9 pour les lames a \u00e9galement fait ses preuves. Un couteau de chasse moderne, qui pose de nouveaux jalons.<\/p>\n<p><strong>SPECIFICATIONS<\/strong><\/p>\n<ul>\n<li>Tire-bouchons<\/li>\n<li>Anneau, inox<\/li>\n<li>Lame \u00e0 ouverture une main<\/li>\n<li>Scie \u00e0 bois<\/li>\n<li>Lame \u00e0 d\u00e9pecer<\/li>\n<li>Cordon nylon<\/li>\n<li>Couleur: orange \/ noir<\/li>\n<li>Longueur: 111 mm<\/li>\n<li>Largeur: 34.5 mm<\/li>\n<li>Hauteur: 20 mm<\/li>\n<li>Poids netto: 152 g<\/li>\n<\/ul>\n","protected":false},"excerpt":{"rendered":"<p>Un couteau de poche innovant d\u00e9di\u00e9 aux chasseurs et aux amateurs de plein air \u00e0 la recherche de s\u00e9curit\u00e9, fiabilit\u00e9 et fonctionnalit\u00e9.<\/p>\n<p>Deux lames \u2013 une plus ac\u00e9r\u00e9e que l\u2019autre \u2013 sont log\u00e9es dans le solide corps constitu\u00e9 par le manche. Les deux lames s&rsquo;ouvrent d&rsquo;une seule main gr\u00e2ce \u00e0 un trou ovale pour le pouce, ce qui pr\u00e9sente un avantage immense. Le HUNTER est imm\u00e9diatement op\u00e9rationnel, sans m\u00eame d\u00e9tourner le regard de l\u2019ouvrage ou avoir recours \u00e0 sa deuxi\u00e8me main.<\/p>\n","protected":false},"featured_media":109815,"comment_status":"open","ping_status":"closed","template":"","meta":{"inline_featured_image":false},"product_brand":[],"product_cat":[1347,1035],"product_tag":[1769,1773,1765,1838],"class_list":{"0":"post-21734","1":"product","2":"type-product","3":"status-publish","4":"has-post-thumbnail","6":"product_cat-accessoires-militaires-de-chasse","7":"product_cat-couteaux-machettes","8":"product_tag-army-survival-fr","9":"product_tag-chasse-peche","10":"product_tag-sport-outdoor-fr","11":"product_tag-victorinox-fr","13":"first","14":"instock","15":"taxable","16":"shipping-taxable","17":"purchasable","18":"product-type-simple"},"_links":{"self":[{"href":"https:\/\/metal-badge.ch\/fr\/wp-json\/wp\/v2\/product\/21734","targetHints":{"allow":["GET"]}}],"collection":[{"href":"https:\/\/metal-badge.ch\/fr\/wp-json\/wp\/v2\/product"}],"about":[{"href":"https:\/\/metal-badge.ch\/fr\/wp-json\/wp\/v2\/types\/product"}],"replies":[{"embeddable":true,"href":"https:\/\/metal-badge.ch\/fr\/wp-json\/wp\/v2\/comments?post=21734"}],"wp:featuredmedia":[{"embeddable":true,"href":"https:\/\/metal-badge.ch\/fr\/wp-json\/wp\/v2\/media\/109815"}],"wp:attachment":[{"href":"https:\/\/metal-badge.ch\/fr\/wp-json\/wp\/v2\/media?parent=21734"}],"wp:term":[{"taxonomy":"product_brand","embeddable":true,"href":"https:\/\/metal-badge.ch\/fr\/wp-json\/wp\/v2\/product_brand?post=21734"},{"taxonomy":"product_cat","embeddable":true,"href":"https:\/\/metal-badge.ch\/fr\/wp-json\/wp\/v2\/product_cat?post=21734"},{"taxonomy":"product_tag","embeddable":true,"href":"https:\/\/metal-badge.ch\/fr\/wp-json\/wp\/v2\/product_tag?post=21734"}],"curies":[{"name":"wp","href":"https:\/\/api.w.org\/{rel}","templated":true}]}}