{"id":21567,"date":"2012-04-23T17:27:04","date_gmt":"2012-04-23T17:27:04","guid":{"rendered":"https:\/\/shop.metal-badge.ch\/?product=offroad-sac-de-sport-voyage-metal-badge-petit-blu"},"modified":"2019-04-16T08:57:09","modified_gmt":"2019-04-16T08:57:09","slug":"offroad-sac-de-sport-voyage-metal-badge-petit-blu","status":"publish","type":"product","link":"https:\/\/metal-badge.ch\/fr\/product\/21567\/offroad-sac-de-sport-voyage-metal-badge-petit-blu\/","title":{"rendered":"Offroad: Sac de sport &#038; voyage Metal Badge \/ Petit  blu"},"content":{"rendered":"<p><strong>Offroad: Sac de sport &#038; voyage Metal Badge \/ Petit <\/strong><\/p>\n<p>Capacit\u00e9\u00a0: 30 Litres<br \/>\nNom: Offroad<br \/>\nCouleur: blu<br \/>\nPoids\u00a0: 650g<br \/>\nMat\u00e9riel PVC tarp<\/p>\n<p>Bandouli\u00e8re r\u00e9glable, poign\u00e9es rotatives antid\u00e9chirure sur les deux c\u00f4t\u00e9s avec double couture suppl\u00e9mentaire aux bouts pour une majeure stabilit\u00e9, deux compartiments int\u00e9rieurs avec fermeture \u00e9clair, poche filet \u00e0 l&rsquo;int\u00e9rieur et compartiment ID dans le dessus. Double fermeture \u00e9clair verrouillable. Plusieurs passants tout autour. Fond ext\u00e9rieur en cordura avec arr\u00eats renforc\u00e9s.<\/p>\n<p>Ce n\u2019est pas un sac de voyage ordinaire. Le sac imperm\u00e9able Offroad en mat\u00e9riel PVC tarp r\u00e9sistant est un vrai champion parmi les sacs de voyage et sport, et assez robuste pour survivre \u00e0 la manipulation brutale de bagages par les agents de l&rsquo;a\u00e9roport, ou par les yaks, chameaux et mulets r\u00e9calcitrants.<\/p>\n<p>\n\u00a0\u00a0\u00a0<br \/>\nDimensions\u00a0: Petit\u00a0: 30 Litres\u00a0: longueur 51 cm x largeur 31 cm x 28 cm<\/p>\n","protected":false},"excerpt":{"rendered":"<p>Offroad: Sac de sport &#038; voyage Metal Badge \/ Petit Capacit\u00e9\u00a0: 30 Litres Nom: Offroad Couleur: blu Poids\u00a0: 650g Mat\u00e9riel PVC tarp Bandouli\u00e8re r\u00e9glable, poign\u00e9es rotatives antid\u00e9chirure sur les deux c\u00f4t\u00e9s avec double couture suppl\u00e9mentaire aux bouts pour une majeure stabilit\u00e9, deux compartiments int\u00e9rieurs avec fermeture \u00e9clair, poche filet \u00e0 l&rsquo;int\u00e9rieur et compartiment ID dans [&hellip;]<\/p>\n","protected":false},"featured_media":71095,"comment_status":"open","ping_status":"closed","template":"","meta":{"inline_featured_image":false},"product_brand":[],"product_cat":[1059,1650,1815],"product_tag":[1777,1773,1765],"class_list":{"0":"post-21567","1":"product","2":"type-product","3":"status-publish","4":"has-post-thumbnail","6":"product_cat-sacs","7":"product_cat-sacs-dintervention","8":"product_cat-sacs-de-transport-de-voyage","9":"product_tag-camping-voyage","10":"product_tag-chasse-peche","11":"product_tag-sport-outdoor-fr","13":"first","14":"instock","15":"taxable","16":"shipping-taxable","17":"purchasable","18":"product-type-simple"},"_links":{"self":[{"href":"https:\/\/metal-badge.ch\/fr\/wp-json\/wp\/v2\/product\/21567","targetHints":{"allow":["GET"]}}],"collection":[{"href":"https:\/\/metal-badge.ch\/fr\/wp-json\/wp\/v2\/product"}],"about":[{"href":"https:\/\/metal-badge.ch\/fr\/wp-json\/wp\/v2\/types\/product"}],"replies":[{"embeddable":true,"href":"https:\/\/metal-badge.ch\/fr\/wp-json\/wp\/v2\/comments?post=21567"}],"wp:featuredmedia":[{"embeddable":true,"href":"https:\/\/metal-badge.ch\/fr\/wp-json\/wp\/v2\/media\/71095"}],"wp:attachment":[{"href":"https:\/\/metal-badge.ch\/fr\/wp-json\/wp\/v2\/media?parent=21567"}],"wp:term":[{"taxonomy":"product_brand","embeddable":true,"href":"https:\/\/metal-badge.ch\/fr\/wp-json\/wp\/v2\/product_brand?post=21567"},{"taxonomy":"product_cat","embeddable":true,"href":"https:\/\/metal-badge.ch\/fr\/wp-json\/wp\/v2\/product_cat?post=21567"},{"taxonomy":"product_tag","embeddable":true,"href":"https:\/\/metal-badge.ch\/fr\/wp-json\/wp\/v2\/product_tag?post=21567"}],"curies":[{"name":"wp","href":"https:\/\/api.w.org\/{rel}","templated":true}]}}