{"id":21550,"date":"2012-02-25T12:25:48","date_gmt":"2012-02-25T12:25:48","guid":{"rendered":"https:\/\/shop.metal-badge.ch\/?product=wenger-zoom"},"modified":"2015-06-04T09:32:21","modified_gmt":"2015-06-04T09:32:21","slug":"wenger-zoom","status":"publish","type":"product","link":"https:\/\/metal-badge.ch\/fr\/product\/21550\/wenger-zoom\/","title":{"rendered":"Wenger Zoom"},"content":{"rendered":"<p><img decoding=\"async\" src=\"https:\/\/metal-badge.ch\/wp-content\/uploads\/content\/wenger_logo_2nd.jpg\" title=\"Wenger\" aligne=\"left\" alt=\"\"><\/p>\n<p>Sac \u00e0 dos l\u00e9ger et pratique fabriqu\u00e9 en polyester et l\u2019int\u00e9rieur en nylon. <br \/>\nSyst\u00e8me de soutien anatomique pour les activit\u00e9s en plein air avec ceintures de poitrine et de hanches ajustables. <\/p>\n<p>Elastique bungee comme soutien suppl\u00e9mentaire pour le casque v\u00e9lo, bouteille, etc. <br \/>\nInt\u00e9rieur pratique avec poches de rangement. <br \/>\nPorte-cl\u00e9s, porte-stylo, compartiment rembourr\u00e9 pour ordinateur portable. Anneau D en m\u00e9tal. <br \/>\nPartie dorsale rembourr\u00e9e et respirante Airflow. <br \/>\nPoche ext\u00e9rieure pour bouteille ainsi que deux poches lat\u00e9rales avec fermeture \u00e9clair. <br \/>Confortable poign\u00e9e de transport.<\/p>\n<p>Couleur: gris \/ argent <br \/>\nDimensions : 33 x 22 x 47 cm \/ 18 Litres de capacit\u00e9<\/p>\n<p><center><br \/>\n<strong>Acheter sans risque. Nous sommes partenaire et agent agr\u00e9\u00e9 de WENGER!<\/strong><\/p>\n<p><img decoding=\"async\" src=\"https:\/\/metal-badge.ch\/wp-content\/uploads\/content\/wengerwerbung.gif\" alt=\"Wenger authorized retailer\" title=\"Wenger authorized retailer\" \/><\/p>\n<p><\/center><\/p>\n","protected":false},"excerpt":{"rendered":"<p>Sac \u00e0 dos l\u00e9ger et pratique fabriqu\u00e9 en polyester et l\u2019int\u00e9rieur en nylon. Syst\u00e8me de soutien anatomique pour les activit\u00e9s en plein air avec ceintures de poitrine et de hanches ajustables. Elastique bungee comme soutien suppl\u00e9mentaire pour le casque v\u00e9lo, bouteille, etc. Int\u00e9rieur pratique avec poches de rangement. Porte-cl\u00e9s, porte-stylo, compartiment rembourr\u00e9 pour ordinateur portable. [&hellip;]<\/p>\n","protected":false},"featured_media":93005,"comment_status":"open","ping_status":"closed","template":"","meta":{"inline_featured_image":false},"product_brand":[1485],"product_cat":[1255],"product_tag":[1769,1777,1773,1765],"class_list":{"0":"post-21550","1":"product","2":"type-product","3":"status-publish","4":"has-post-thumbnail","6":"product_brand-wenger","7":"product_cat-sacs-a-dos-et-systemes-de-boisson","8":"product_tag-army-survival-fr","9":"product_tag-camping-voyage","10":"product_tag-chasse-peche","11":"product_tag-sport-outdoor-fr","13":"first","14":"instock","15":"taxable","16":"shipping-taxable","17":"purchasable","18":"product-type-simple"},"_links":{"self":[{"href":"https:\/\/metal-badge.ch\/fr\/wp-json\/wp\/v2\/product\/21550","targetHints":{"allow":["GET"]}}],"collection":[{"href":"https:\/\/metal-badge.ch\/fr\/wp-json\/wp\/v2\/product"}],"about":[{"href":"https:\/\/metal-badge.ch\/fr\/wp-json\/wp\/v2\/types\/product"}],"replies":[{"embeddable":true,"href":"https:\/\/metal-badge.ch\/fr\/wp-json\/wp\/v2\/comments?post=21550"}],"wp:featuredmedia":[{"embeddable":true,"href":"https:\/\/metal-badge.ch\/fr\/wp-json\/wp\/v2\/media\/93005"}],"wp:attachment":[{"href":"https:\/\/metal-badge.ch\/fr\/wp-json\/wp\/v2\/media?parent=21550"}],"wp:term":[{"taxonomy":"product_brand","embeddable":true,"href":"https:\/\/metal-badge.ch\/fr\/wp-json\/wp\/v2\/product_brand?post=21550"},{"taxonomy":"product_cat","embeddable":true,"href":"https:\/\/metal-badge.ch\/fr\/wp-json\/wp\/v2\/product_cat?post=21550"},{"taxonomy":"product_tag","embeddable":true,"href":"https:\/\/metal-badge.ch\/fr\/wp-json\/wp\/v2\/product_tag?post=21550"}],"curies":[{"name":"wp","href":"https:\/\/api.w.org\/{rel}","templated":true}]}}