{"id":21533,"date":"2012-02-22T22:00:27","date_gmt":"2012-02-22T22:00:27","guid":{"rendered":"https:\/\/shop.metal-badge.ch\/?product=wenger-lancy-24"},"modified":"2015-06-04T09:29:34","modified_gmt":"2015-06-04T09:29:34","slug":"wenger-lancy-24","status":"publish","type":"product","link":"https:\/\/metal-badge.ch\/fr\/product\/21533\/wenger-lancy-24\/","title":{"rendered":"Wenger Lancy 24"},"content":{"rendered":"<p>Sac de sport extr\u00eamement robuste pour toutes les activit\u00e9s, tr\u00e8s appropri\u00e9 come sac de voyage. <\/p>\n<p>Le sac dispose d\u2019une fermeture \u00e0 glissi\u00e8re avec un dispositif de verrouillage. <br \/>Le grand compartiment principal offre beaucoup d\u2019espace de stockage. <br \/>Egalement disponible est une poche filet zipp\u00e9e sur le c\u00f4t\u00e9 int\u00e9rieur pour les petites choses. <br \/>Le sac est \u00e9quip\u00e9 d\u2019une commode bandouli\u00e8re, r\u00e9glable et amovible, ainsi que de poign\u00e9es de transport en haut et sur le devant. <br \/>Le fond rembourr\u00e9 et imperm\u00e9able est un compagnon fiable sous la pluie. <br \/>Sur la poche ext\u00e9rieure est un petit compartiment suppl\u00e9mentaire zipp\u00e9 et sur le devant un grand compartiment \u00e0 chaussures \u00e9tanche avec fermeture \u00e9clair. <\/p>\n<p>Un autre compartiment zipp\u00e9 plus petit avec poche int\u00e9rieure est \u00e9galement attach\u00e9 \u00e0 l\u2019avant. <\/p>\n<p>Ce sac magnifiquement con\u00e7u est fabriqu\u00e9 en polyester 1200 D et nylon. <\/p>\n<p>Le sac est disponible en deux tailles : Lancy 21 le plus petit et Lancy 24, la version plus grande avec 42 L.  <\/p>\n<p>Couleur: gris argent\u00e9 \/ rouge<br \/>\nDimensions : hauteur 37cm \/ longueur 61cm \/ profondeur 27cm \/ 42 Litres de capacit\u00e9<br \/>\nPoids : 850 g<\/p>\n<p><center><br \/>\n<strong>Acheter sans risque. Nous sommes partenaire et agent agr\u00e9\u00e9 de WENGER!<\/strong><\/p>\n<p><img decoding=\"async\" src=\"https:\/\/metal-badge.ch\/wp-content\/uploads\/content\/wengerwerbung.gif\" alt=\"Wenger authorized retailer\" title=\"Wenger authorized retailer\" \/><\/p>\n<p><\/center><\/p>\n","protected":false},"excerpt":{"rendered":"<p>Sac de sport extr\u00eamement robuste pour toutes les activit\u00e9s, tr\u00e8s appropri\u00e9 come sac de voyage. Le sac dispose d\u2019une fermeture \u00e0 glissi\u00e8re avec un dispositif de verrouillage. Le grand compartiment principal offre beaucoup d\u2019espace de stockage. Egalement disponible est une poche filet zipp\u00e9e sur le c\u00f4t\u00e9 int\u00e9rieur pour les petites choses. Le sac est \u00e9quip\u00e9 [&hellip;]<\/p>\n","protected":false},"featured_media":93009,"comment_status":"open","ping_status":"closed","template":"","meta":{"inline_featured_image":false},"product_brand":[1485],"product_cat":[1059,1815],"product_tag":[1777,1773,1765],"class_list":{"0":"post-21533","1":"product","2":"type-product","3":"status-publish","4":"has-post-thumbnail","6":"product_brand-wenger","7":"product_cat-sacs","8":"product_cat-sacs-de-transport-de-voyage","9":"product_tag-camping-voyage","10":"product_tag-chasse-peche","11":"product_tag-sport-outdoor-fr","13":"first","14":"instock","15":"taxable","16":"shipping-taxable","17":"purchasable","18":"product-type-simple"},"_links":{"self":[{"href":"https:\/\/metal-badge.ch\/fr\/wp-json\/wp\/v2\/product\/21533","targetHints":{"allow":["GET"]}}],"collection":[{"href":"https:\/\/metal-badge.ch\/fr\/wp-json\/wp\/v2\/product"}],"about":[{"href":"https:\/\/metal-badge.ch\/fr\/wp-json\/wp\/v2\/types\/product"}],"replies":[{"embeddable":true,"href":"https:\/\/metal-badge.ch\/fr\/wp-json\/wp\/v2\/comments?post=21533"}],"wp:featuredmedia":[{"embeddable":true,"href":"https:\/\/metal-badge.ch\/fr\/wp-json\/wp\/v2\/media\/93009"}],"wp:attachment":[{"href":"https:\/\/metal-badge.ch\/fr\/wp-json\/wp\/v2\/media?parent=21533"}],"wp:term":[{"taxonomy":"product_brand","embeddable":true,"href":"https:\/\/metal-badge.ch\/fr\/wp-json\/wp\/v2\/product_brand?post=21533"},{"taxonomy":"product_cat","embeddable":true,"href":"https:\/\/metal-badge.ch\/fr\/wp-json\/wp\/v2\/product_cat?post=21533"},{"taxonomy":"product_tag","embeddable":true,"href":"https:\/\/metal-badge.ch\/fr\/wp-json\/wp\/v2\/product_tag?post=21533"}],"curies":[{"name":"wp","href":"https:\/\/api.w.org\/{rel}","templated":true}]}}