{"id":21521,"date":"2012-02-22T21:29:56","date_gmt":"2012-02-22T21:29:56","guid":{"rendered":"https:\/\/shop.metal-badge.ch\/?product=wenger-lyss-1-5"},"modified":"2015-06-04T09:29:54","modified_gmt":"2015-06-04T09:29:54","slug":"wenger-lyss-1-5","status":"publish","type":"product","link":"https:\/\/metal-badge.ch\/fr\/product\/21521\/wenger-lyss-1-5\/","title":{"rendered":"Wenger Lyss 1.5"},"content":{"rendered":"<p><img decoding=\"async\" src=\"https:\/\/metal-badge.ch\/wp-content\/uploads\/content\/wenger_logo_2nd.jpg\" title=\"Wenger\" aligne=\"left\" alt=\"\"><\/p>\n<p>Ce petit sac bandouli\u00e8re pratique est le compagnon de voyage id\u00e9al pour les documents et les choses les plus importantes en route. <br \/>\nUn grand compartiment principal avec fermeture \u00e0 glissi\u00e8re, divis\u00e9 en plusieurs compartiments. <br \/>\nUn autre compartiment se trouve sur l\u2019ext\u00e9rieur avec fermeture \u00e9clair. <\/p>\n<p>Le sac Wenger en polyester \/ nylon, avec bandouli\u00e8re r\u00e9glable et poign\u00e9e de transport, s\u00e9duit par son insouciance. <\/p>\n<p>Couleur: gris \/ argent \/ noir <br \/>\nDimensions : 16 x 4.5 de profondeur x 23.5 cm \/ 1.5 Litres de capacit\u00e9<\/p>\n<p><center><br \/>\n<strong>Acheter sans risque. Nous sommes partenaire et agent agr\u00e9\u00e9 de WENGER!<\/strong><\/p>\n<p><img decoding=\"async\" src=\"https:\/\/metal-badge.ch\/wp-content\/uploads\/content\/wengerwerbung.gif\" alt=\"Wenger authorized retailer\" title=\"Wenger authorized retailer\" \/><\/p>\n<p><\/center><\/p>\n","protected":false},"excerpt":{"rendered":"<p>Ce petit sac bandouli\u00e8re pratique est le compagnon de voyage id\u00e9al pour les documents et les choses les plus importantes en route. Un grand compartiment principal avec fermeture \u00e0 glissi\u00e8re, divis\u00e9 en plusieurs compartiments. Un autre compartiment se trouve sur l\u2019ext\u00e9rieur avec fermeture \u00e9clair. Le sac Wenger en polyester \/ nylon, avec bandouli\u00e8re r\u00e9glable et [&hellip;]<\/p>\n","protected":false},"featured_media":93011,"comment_status":"open","ping_status":"closed","template":"","meta":{"inline_featured_image":false},"product_brand":[1485],"product_cat":[1059,1815],"product_tag":[1777,1773,1765],"class_list":{"0":"post-21521","1":"product","2":"type-product","3":"status-publish","4":"has-post-thumbnail","6":"product_brand-wenger","7":"product_cat-sacs","8":"product_cat-sacs-de-transport-de-voyage","9":"product_tag-camping-voyage","10":"product_tag-chasse-peche","11":"product_tag-sport-outdoor-fr","13":"first","14":"instock","15":"taxable","16":"shipping-taxable","17":"purchasable","18":"product-type-simple"},"_links":{"self":[{"href":"https:\/\/metal-badge.ch\/fr\/wp-json\/wp\/v2\/product\/21521","targetHints":{"allow":["GET"]}}],"collection":[{"href":"https:\/\/metal-badge.ch\/fr\/wp-json\/wp\/v2\/product"}],"about":[{"href":"https:\/\/metal-badge.ch\/fr\/wp-json\/wp\/v2\/types\/product"}],"replies":[{"embeddable":true,"href":"https:\/\/metal-badge.ch\/fr\/wp-json\/wp\/v2\/comments?post=21521"}],"wp:featuredmedia":[{"embeddable":true,"href":"https:\/\/metal-badge.ch\/fr\/wp-json\/wp\/v2\/media\/93011"}],"wp:attachment":[{"href":"https:\/\/metal-badge.ch\/fr\/wp-json\/wp\/v2\/media?parent=21521"}],"wp:term":[{"taxonomy":"product_brand","embeddable":true,"href":"https:\/\/metal-badge.ch\/fr\/wp-json\/wp\/v2\/product_brand?post=21521"},{"taxonomy":"product_cat","embeddable":true,"href":"https:\/\/metal-badge.ch\/fr\/wp-json\/wp\/v2\/product_cat?post=21521"},{"taxonomy":"product_tag","embeddable":true,"href":"https:\/\/metal-badge.ch\/fr\/wp-json\/wp\/v2\/product_tag?post=21521"}],"curies":[{"name":"wp","href":"https:\/\/api.w.org\/{rel}","templated":true}]}}