{"id":21513,"date":"2012-02-22T21:21:15","date_gmt":"2012-02-22T21:21:15","guid":{"rendered":"https:\/\/shop.metal-badge.ch\/?product=wenger-lyss11"},"modified":"2015-06-04T09:30:14","modified_gmt":"2015-06-04T09:30:14","slug":"wenger-lyss11","status":"publish","type":"product","link":"https:\/\/metal-badge.ch\/fr\/product\/21513\/wenger-lyss11\/","title":{"rendered":"Wenger Lyss11"},"content":{"rendered":"<p><img decoding=\"async\" src=\"https:\/\/metal-badge.ch\/wp-content\/uploads\/content\/wenger_logo_2nd.jpg\" title=\"Wenger\" aligne=\"left\" alt=\"\"><\/p>\n<p>Sac \u00e0 bandouli\u00e8re dynamique avec organiseur et d\u2019autres compartiments int\u00e9rieurs. <br \/>\nAvec bandouli\u00e8re r\u00e9glable et une poign\u00e9e de transport. <br \/>Une grande poche ext\u00e9rieure avec fermeture \u00e9clair et deux porte-bouteilles mont\u00e9s sur les c\u00f4t\u00e9s. <\/p>\n<p>Le sac est fabriqu\u00e9 en polyester 600D. <\/p>\n<p>Couleur: gris \/ argent \/ noir <br \/>\nDimensions : 43 x 9 x 34 cm \/ 11 Litres de capacit\u00e9<\/p>\n<p><center><br \/>\n<strong>Acheter sans risque. Nous sommes partenaire et agent agr\u00e9\u00e9 de WENGER!<\/strong><\/p>\n<p><img decoding=\"async\" src=\"https:\/\/metal-badge.ch\/wp-content\/uploads\/content\/wengerwerbung.gif\" alt=\"Wenger authorized retailer\" title=\"Wenger authorized retailer\" \/><\/p>\n<p><\/center><\/p>\n","protected":false},"excerpt":{"rendered":"<p>Sac \u00e0 bandouli\u00e8re dynamique avec organiseur et d\u2019autres compartiments int\u00e9rieurs. Avec bandouli\u00e8re r\u00e9glable et une poign\u00e9e de transport. Une grande poche ext\u00e9rieure avec fermeture \u00e9clair et deux porte-bouteilles mont\u00e9s sur les c\u00f4t\u00e9s. Le sac est fabriqu\u00e9 en polyester 600D. Couleur: gris \/ argent \/ noir Dimensions : 43 x 9 x 34 cm \/ 11 [&hellip;]<\/p>\n","protected":false},"featured_media":93013,"comment_status":"open","ping_status":"closed","template":"","meta":{"inline_featured_image":false},"product_brand":[1485],"product_cat":[1059,1650,1815],"product_tag":[1777,1773,1765],"class_list":{"0":"post-21513","1":"product","2":"type-product","3":"status-publish","4":"has-post-thumbnail","6":"product_brand-wenger","7":"product_cat-sacs","8":"product_cat-sacs-dintervention","9":"product_cat-sacs-de-transport-de-voyage","10":"product_tag-camping-voyage","11":"product_tag-chasse-peche","12":"product_tag-sport-outdoor-fr","14":"first","15":"instock","16":"taxable","17":"shipping-taxable","18":"purchasable","19":"product-type-simple"},"_links":{"self":[{"href":"https:\/\/metal-badge.ch\/fr\/wp-json\/wp\/v2\/product\/21513","targetHints":{"allow":["GET"]}}],"collection":[{"href":"https:\/\/metal-badge.ch\/fr\/wp-json\/wp\/v2\/product"}],"about":[{"href":"https:\/\/metal-badge.ch\/fr\/wp-json\/wp\/v2\/types\/product"}],"replies":[{"embeddable":true,"href":"https:\/\/metal-badge.ch\/fr\/wp-json\/wp\/v2\/comments?post=21513"}],"wp:featuredmedia":[{"embeddable":true,"href":"https:\/\/metal-badge.ch\/fr\/wp-json\/wp\/v2\/media\/93013"}],"wp:attachment":[{"href":"https:\/\/metal-badge.ch\/fr\/wp-json\/wp\/v2\/media?parent=21513"}],"wp:term":[{"taxonomy":"product_brand","embeddable":true,"href":"https:\/\/metal-badge.ch\/fr\/wp-json\/wp\/v2\/product_brand?post=21513"},{"taxonomy":"product_cat","embeddable":true,"href":"https:\/\/metal-badge.ch\/fr\/wp-json\/wp\/v2\/product_cat?post=21513"},{"taxonomy":"product_tag","embeddable":true,"href":"https:\/\/metal-badge.ch\/fr\/wp-json\/wp\/v2\/product_tag?post=21513"}],"curies":[{"name":"wp","href":"https:\/\/api.w.org\/{rel}","templated":true}]}}