{"id":21496,"date":"2012-02-22T20:06:53","date_gmt":"2012-02-22T20:06:53","guid":{"rendered":"https:\/\/shop.metal-badge.ch\/?product=wenger-ibex"},"modified":"2015-06-04T09:28:36","modified_gmt":"2015-06-04T09:28:36","slug":"wenger-ibex","status":"publish","type":"product","link":"https:\/\/metal-badge.ch\/fr\/product\/21496\/wenger-ibex\/","title":{"rendered":"Wenger IBEX"},"content":{"rendered":"<p><img decoding=\"async\" src=\"https:\/\/metal-badge.ch\/wp-content\/uploads\/content\/wenger_logo_2nd.jpg\" title=\"Wenger\" aligne=\"left\" alt=\"\"><\/p>\n<p>Sac \u00e0 dos business polyvalent, avec le fond stabile et bretelles confortables, et du renforcement int\u00e9rieur ergonomique m\u00eame avec de grosses charges. <br \/>\nCe sac \u00e0 dos en polyester \/ nylon est \u00e9galement appropri\u00e9 pour les activit\u00e9s en plein air. <\/p>\n<p>Il est \u00e9quip\u00e9 avec un total de 5 grands compartiments zipp\u00e9s. <br \/>\nGr\u00e2ce \u00e0 ses propri\u00e9t\u00e9s hydrofuges, on reste sec m\u00eame sous mauvais temps. <br \/>\nLe grand compartiment principal avec fermeture \u00e0 glissi\u00e8re est \u00e9quip\u00e9 d\u2019un emplacement rembourr\u00e9 pour ordinateur portable et d\u2019une petite poche en filet zipp\u00e9e pour documents. <br \/>\nUne autre poche divis\u00e9e en compartiments pour bloc-notes et sortie casque. <br \/>\nEn plus, au dessus du sac, un compartiment zipp\u00e9 parfait pour une trousse de premiers secours et d\u2019autres choses qu\u2019il faut tenir \u00e0 port\u00e9e de main. <br \/>\nL&rsquo;autre grande poche ext\u00e9rieure avec fermeture \u00e9clair est aussi divis\u00e9e et offre beaucoup d\u2019espace de stockage. <br \/>\nIl y a encore deux compartiments avec fermeture \u00e0 glissi\u00e8re. <br \/>\nCelui le plus petit, sur le devant avec organiseur, plusieurs poches de rangement, poche filet et porte-stylo. <\/p>\n<p>A l\u2019ext\u00e9rieur on trouve deux porte-bouteilles lat\u00e9raux et deux petites poches lat\u00e9rales zipp\u00e9es. <br \/>Ce sac \u00e0 dos est aussi \u00e9quip\u00e9 d\u2019une commode poign\u00e9e de transport avec renforcement suppl\u00e9mentaire. <br \/>\nLe fond de ce sac \u00e0 dos est lui aussi sp\u00e9cialement renforc\u00e9 et plastifi\u00e9. <\/p>\n<p>Couleur: noir \/ bleu fonc\u00e9<br \/>\nDimensions : hauteur 48 \/ largeur 37 \/ profondeur 26 cm \/ 23 Litres de capacit\u00e9<br \/>\nPoids : 1.6 Kg<\/p>\n<p><center><br \/>\n<strong>Acheter sans risque. Nous sommes partenaire et agent agr\u00e9\u00e9 de WENGER!<\/strong><\/p>\n<p><img decoding=\"async\" src=\"https:\/\/metal-badge.ch\/wp-content\/uploads\/content\/wengerwerbung.gif\" alt=\"Wenger authorized retailer\" title=\"Wenger authorized retailer\" \/><\/p>\n<p><\/center><\/p>\n","protected":false},"excerpt":{"rendered":"<p>Sac \u00e0 dos business polyvalent, avec le fond stabile et bretelles confortables, et du renforcement int\u00e9rieur ergonomique m\u00eame avec de grosses charges. Ce sac \u00e0 dos en polyester \/ nylon est \u00e9galement appropri\u00e9 pour les activit\u00e9s en plein air. Il est \u00e9quip\u00e9 avec un total de 5 grands compartiments zipp\u00e9s. Gr\u00e2ce \u00e0 ses propri\u00e9t\u00e9s hydrofuges, [&hellip;]<\/p>\n","protected":false},"featured_media":93017,"comment_status":"open","ping_status":"closed","template":"","meta":{"inline_featured_image":false},"product_brand":[1485],"product_cat":[1255],"product_tag":[1769,1777,1773,1765],"class_list":{"0":"post-21496","1":"product","2":"type-product","3":"status-publish","4":"has-post-thumbnail","6":"product_brand-wenger","7":"product_cat-sacs-a-dos-et-systemes-de-boisson","8":"product_tag-army-survival-fr","9":"product_tag-camping-voyage","10":"product_tag-chasse-peche","11":"product_tag-sport-outdoor-fr","13":"first","14":"instock","15":"taxable","16":"shipping-taxable","17":"purchasable","18":"product-type-simple"},"_links":{"self":[{"href":"https:\/\/metal-badge.ch\/fr\/wp-json\/wp\/v2\/product\/21496","targetHints":{"allow":["GET"]}}],"collection":[{"href":"https:\/\/metal-badge.ch\/fr\/wp-json\/wp\/v2\/product"}],"about":[{"href":"https:\/\/metal-badge.ch\/fr\/wp-json\/wp\/v2\/types\/product"}],"replies":[{"embeddable":true,"href":"https:\/\/metal-badge.ch\/fr\/wp-json\/wp\/v2\/comments?post=21496"}],"wp:featuredmedia":[{"embeddable":true,"href":"https:\/\/metal-badge.ch\/fr\/wp-json\/wp\/v2\/media\/93017"}],"wp:attachment":[{"href":"https:\/\/metal-badge.ch\/fr\/wp-json\/wp\/v2\/media?parent=21496"}],"wp:term":[{"taxonomy":"product_brand","embeddable":true,"href":"https:\/\/metal-badge.ch\/fr\/wp-json\/wp\/v2\/product_brand?post=21496"},{"taxonomy":"product_cat","embeddable":true,"href":"https:\/\/metal-badge.ch\/fr\/wp-json\/wp\/v2\/product_cat?post=21496"},{"taxonomy":"product_tag","embeddable":true,"href":"https:\/\/metal-badge.ch\/fr\/wp-json\/wp\/v2\/product_tag?post=21496"}],"curies":[{"name":"wp","href":"https:\/\/api.w.org\/{rel}","templated":true}]}}