{"id":21487,"date":"2012-02-22T19:52:05","date_gmt":"2012-02-22T19:52:05","guid":{"rendered":"https:\/\/shop.metal-badge.ch\/?product=wenger-ultra"},"modified":"2019-08-12T09:27:23","modified_gmt":"2019-08-12T09:27:23","slug":"wenger-ultra","status":"publish","type":"product","link":"https:\/\/metal-badge.ch\/fr\/product\/21487\/wenger-ultra\/","title":{"rendered":"Wenger Ultra"},"content":{"rendered":"<p><img decoding=\"async\" src=\"https:\/\/metal-badge.ch\/wp-content\/uploads\/content\/wenger_logo_2nd.jpg\" title=\"Wenger\" alt=\"\"><br \/>\nPour les activit\u00e9s en plein air ou pour aller \u00e0 l\u2019\u00e9cole, <strong>ULTRA<\/strong> maitrise avec ses caract\u00e9ristiques n\u2019importe quelle mission.<br \/>\nA l\u2019int\u00e9rieur de ce spacieux sac \u00e0 dos, on trouve deux grands compartiments principaux avec fermeture \u00e9clair et un emplacement pour ordinateur portable, ainsi qu&rsquo;une poche pour t\u00e9l\u00e9phone portable et un compartiment pour lecteur de CD-ROM \/ DVD \/ MP3 avec sortie casque.<\/p>\n<p>Dans un autre compartiment zipp\u00e9 est un compartiment organiseur avec plusieurs poches, diviseur, porte-cl\u00e9s, porte-stylo et encore une petite poche zipp\u00e9e additionnelle.<br \/>\nA l\u2019ext\u00e9rieur il y a un mousqueton et sur le c\u00f4t\u00e9 un porte-bouteille et une petite poche lat\u00e9rale avec fermeture \u00e0 glissi\u00e8re.<br \/>\nUn autre petit compartiment avec fermeture \u00e9clair \u00e0 l\u2019ext\u00e9rieur loge les petites choses quotidiennes.<\/p>\n<p>Ce sac \u00e0 dos est \u00e9quip\u00e9 d\u2019une partie dorsale rembourr\u00e9e et respirante Airflow.<br \/>\nLes ceintures de poitrine et de hanches sont r\u00e9glables pour plus de confort.<br \/>\nLe sac \u00e0 dos est aussi \u00e9quip\u00e9 d\u2019une commode poign\u00e9e de transport avec renfor\u00e7age suppl\u00e9mentaire.<br \/>\nFabriqu\u00e9 en polyester et l\u2019int\u00e9rieur en nylon, ce sac \u00e0 dos est imperm\u00e9able et se pr\u00eate m\u00eame pour les randonn\u00e9es plus longues par tous les temps.<\/p>\n<p>Couleur: noir<br \/>\nDimensions : hauteur 48 \/ largeur 34 \/ profondeur 23 cm \/ 29 Litres de capacit\u00e9<br \/>\nPoids : 1.5 Kg<\/p>\n<p>\n<strong>Acheter sans risque. Nous sommes partenaire et agent agr\u00e9\u00e9 de WENGER!<\/strong><\/p>\n<p><img decoding=\"async\" alt=\"Wenger authorized retailer\" src=\"https:\/\/metal-badge.ch\/wp-content\/uploads\/content\/wengerwerbung.gif\" title=\"Wenger authorized retailer\" \/><\/p>\n","protected":false},"excerpt":{"rendered":"<p>Pour les activit\u00e9s en plein air ou pour aller \u00e0 l\u2019\u00e9cole, ULTRA maitrise avec ses caract\u00e9ristiques n\u2019importe quelle mission. A l\u2019int\u00e9rieur de ce spacieux sac \u00e0 dos, on trouve deux grands compartiments principaux avec fermeture \u00e9clair et un emplacement pour ordinateur portable, ainsi qu&rsquo;une poche pour t\u00e9l\u00e9phone portable et un compartiment pour lecteur de CD-ROM [&hellip;]<\/p>\n","protected":false},"featured_media":93019,"comment_status":"open","ping_status":"closed","template":"","meta":{"inline_featured_image":false},"product_brand":[1485],"product_cat":[1255],"product_tag":[1769,1777,1773,1765],"class_list":{"0":"post-21487","1":"product","2":"type-product","3":"status-publish","4":"has-post-thumbnail","6":"product_brand-wenger","7":"product_cat-sacs-a-dos-et-systemes-de-boisson","8":"product_tag-army-survival-fr","9":"product_tag-camping-voyage","10":"product_tag-chasse-peche","11":"product_tag-sport-outdoor-fr","13":"first","14":"outofstock","15":"taxable","16":"shipping-taxable","17":"purchasable","18":"product-type-simple"},"_links":{"self":[{"href":"https:\/\/metal-badge.ch\/fr\/wp-json\/wp\/v2\/product\/21487","targetHints":{"allow":["GET"]}}],"collection":[{"href":"https:\/\/metal-badge.ch\/fr\/wp-json\/wp\/v2\/product"}],"about":[{"href":"https:\/\/metal-badge.ch\/fr\/wp-json\/wp\/v2\/types\/product"}],"replies":[{"embeddable":true,"href":"https:\/\/metal-badge.ch\/fr\/wp-json\/wp\/v2\/comments?post=21487"}],"wp:featuredmedia":[{"embeddable":true,"href":"https:\/\/metal-badge.ch\/fr\/wp-json\/wp\/v2\/media\/93019"}],"wp:attachment":[{"href":"https:\/\/metal-badge.ch\/fr\/wp-json\/wp\/v2\/media?parent=21487"}],"wp:term":[{"taxonomy":"product_brand","embeddable":true,"href":"https:\/\/metal-badge.ch\/fr\/wp-json\/wp\/v2\/product_brand?post=21487"},{"taxonomy":"product_cat","embeddable":true,"href":"https:\/\/metal-badge.ch\/fr\/wp-json\/wp\/v2\/product_cat?post=21487"},{"taxonomy":"product_tag","embeddable":true,"href":"https:\/\/metal-badge.ch\/fr\/wp-json\/wp\/v2\/product_tag?post=21487"}],"curies":[{"name":"wp","href":"https:\/\/api.w.org\/{rel}","templated":true}]}}