{"id":21478,"date":"2012-02-22T19:41:10","date_gmt":"2012-02-22T19:41:10","guid":{"rendered":"https:\/\/shop.metal-badge.ch\/?product=wenger-lajoux"},"modified":"2025-09-03T04:52:26","modified_gmt":"2025-09-03T02:52:26","slug":"wenger-lajoux","status":"publish","type":"product","link":"https:\/\/metal-badge.ch\/fr\/product\/21478\/wenger-lajoux\/","title":{"rendered":"Wenger Lajoux"},"content":{"rendered":"<p><img decoding=\"async\" src=\"https:\/\/metal-badge.ch\/wp-content\/uploads\/content\/wenger_logo_2nd.jpg\" title=\"Wenger\" aligne=\"left\" alt=\"\"><\/p>\n<p>Sac \u00e0 dos robuste et compact pour une large gamme d&rsquo;applications, fabriqu\u00e9 en polyester 1200D noir. <br \/>\nSyst\u00e8me de soutien et partie dorsale rembourr\u00e9s. <br \/>\nA l\u2019ext\u00e9rieur, un mousqueton et deux poches lat\u00e9rales pour bouteilles. <br \/>\nPoche ext\u00e9rieure imperm\u00e9able avec fermeture \u00e0 glissi\u00e8re \u00e9tanche. <br \/>\nDeux grands compartiments principaux et emplacement pour ordinateur portable de 15\u2019\u2019, poche audio pour MP3 et poche pour t\u00e9l\u00e9phone. <br \/>\nPlusieurs poches \u00e0 l\u2019int\u00e9rieur et compartiment organiseur. <br \/>\nConfortable poign\u00e9e de transport et sangles de compression. <br \/>\nCe sac \u00e0 dos offre beaucoup d&rsquo;espace de stockage. <\/p>\n<p>Couleur: noir <br \/>\nDimensions : 38 x 19 x 46 cm \/ 23 Litres de capacit\u00e9<\/p>\n<p><center><br \/>\n<strong>Acheter sans risque. Nous sommes partenaire et agent agr\u00e9\u00e9 de WENGER!<\/strong><\/p>\n<p><img decoding=\"async\" src=\"https:\/\/metal-badge.ch\/wp-content\/uploads\/content\/wengerwerbung.gif\" alt=\"Wenger authorized retailer\" title=\"Wenger authorized retailer\" \/><\/p>\n<p><\/center><\/p>\n","protected":false},"excerpt":{"rendered":"<p>Sac \u00e0 dos robuste et compact pour une large gamme d&rsquo;applications, fabriqu\u00e9 en polyester 1200D noir. Syst\u00e8me de soutien et partie dorsale rembourr\u00e9s. A l\u2019ext\u00e9rieur, un mousqueton et deux poches lat\u00e9rales pour bouteilles. Poche ext\u00e9rieure imperm\u00e9able avec fermeture \u00e0 glissi\u00e8re \u00e9tanche. Deux grands compartiments principaux et emplacement pour ordinateur portable de 15\u2019\u2019, poche audio pour [&hellip;]<\/p>\n","protected":false},"featured_media":93021,"comment_status":"open","ping_status":"closed","template":"","meta":{"inline_featured_image":false},"product_brand":[1485],"product_cat":[1255],"product_tag":[1769,1777,1773,1765],"class_list":{"0":"post-21478","1":"product","2":"type-product","3":"status-publish","4":"has-post-thumbnail","6":"product_brand-wenger","7":"product_cat-sacs-a-dos-et-systemes-de-boisson","8":"product_tag-army-survival-fr","9":"product_tag-camping-voyage","10":"product_tag-chasse-peche","11":"product_tag-sport-outdoor-fr","13":"first","14":"outofstock","15":"taxable","16":"shipping-taxable","17":"purchasable","18":"product-type-simple"},"_links":{"self":[{"href":"https:\/\/metal-badge.ch\/fr\/wp-json\/wp\/v2\/product\/21478","targetHints":{"allow":["GET"]}}],"collection":[{"href":"https:\/\/metal-badge.ch\/fr\/wp-json\/wp\/v2\/product"}],"about":[{"href":"https:\/\/metal-badge.ch\/fr\/wp-json\/wp\/v2\/types\/product"}],"replies":[{"embeddable":true,"href":"https:\/\/metal-badge.ch\/fr\/wp-json\/wp\/v2\/comments?post=21478"}],"wp:featuredmedia":[{"embeddable":true,"href":"https:\/\/metal-badge.ch\/fr\/wp-json\/wp\/v2\/media\/93021"}],"wp:attachment":[{"href":"https:\/\/metal-badge.ch\/fr\/wp-json\/wp\/v2\/media?parent=21478"}],"wp:term":[{"taxonomy":"product_brand","embeddable":true,"href":"https:\/\/metal-badge.ch\/fr\/wp-json\/wp\/v2\/product_brand?post=21478"},{"taxonomy":"product_cat","embeddable":true,"href":"https:\/\/metal-badge.ch\/fr\/wp-json\/wp\/v2\/product_cat?post=21478"},{"taxonomy":"product_tag","embeddable":true,"href":"https:\/\/metal-badge.ch\/fr\/wp-json\/wp\/v2\/product_tag?post=21478"}],"curies":[{"name":"wp","href":"https:\/\/api.w.org\/{rel}","templated":true}]}}