{"id":21460,"date":"2012-01-17T21:51:12","date_gmt":"2012-01-17T21:51:12","guid":{"rendered":"https:\/\/shop.metal-badge.ch\/?product=etui-sans-inscription-fenetre-id-des-deux-cotes"},"modified":"2024-01-04T10:00:48","modified_gmt":"2024-01-04T09:00:48","slug":"etui-sans-inscription-fenetre-id-des-deux-cotes","status":"publish","type":"product","link":"https:\/\/metal-badge.ch\/fr\/product\/21460\/etui-sans-inscription-fenetre-id-des-deux-cotes\/","title":{"rendered":"Etui sans inscription, fen\u00eatre ID des deux c\u00f4t\u00e9s"},"content":{"rendered":"<p>Etui neutre avec cha\u00eene, avec poche pour deux cartes d\u2019identit\u00e9 format ID. Sans inscription.<\/p>\n","protected":false},"excerpt":{"rendered":"<p>Etui neutre avec cha\u00eene, avec poche pour deux cartes d\u2019identit\u00e9 format ID. Sans inscription.<\/p>\n","protected":false},"featured_media":93029,"comment_status":"open","ping_status":"closed","template":"","meta":{"inline_featured_image":false},"product_brand":[],"product_cat":[907,887,1883,947],"product_tag":[],"class_list":{"0":"post-21460","1":"product","2":"type-product","3":"status-publish","4":"has-post-thumbnail","6":"product_cat-etuis-en-cuir-sans-badge","7":"product_cat-accessoires","8":"product_cat-equipement","9":"product_cat-portemonnaies-etuis-en-cuir","11":"first","12":"instock","13":"taxable","14":"shipping-taxable","15":"purchasable","16":"product-type-simple"},"_links":{"self":[{"href":"https:\/\/metal-badge.ch\/fr\/wp-json\/wp\/v2\/product\/21460","targetHints":{"allow":["GET"]}}],"collection":[{"href":"https:\/\/metal-badge.ch\/fr\/wp-json\/wp\/v2\/product"}],"about":[{"href":"https:\/\/metal-badge.ch\/fr\/wp-json\/wp\/v2\/types\/product"}],"replies":[{"embeddable":true,"href":"https:\/\/metal-badge.ch\/fr\/wp-json\/wp\/v2\/comments?post=21460"}],"wp:featuredmedia":[{"embeddable":true,"href":"https:\/\/metal-badge.ch\/fr\/wp-json\/wp\/v2\/media\/93029"}],"wp:attachment":[{"href":"https:\/\/metal-badge.ch\/fr\/wp-json\/wp\/v2\/media?parent=21460"}],"wp:term":[{"taxonomy":"product_brand","embeddable":true,"href":"https:\/\/metal-badge.ch\/fr\/wp-json\/wp\/v2\/product_brand?post=21460"},{"taxonomy":"product_cat","embeddable":true,"href":"https:\/\/metal-badge.ch\/fr\/wp-json\/wp\/v2\/product_cat?post=21460"},{"taxonomy":"product_tag","embeddable":true,"href":"https:\/\/metal-badge.ch\/fr\/wp-json\/wp\/v2\/product_tag?post=21460"}],"curies":[{"name":"wp","href":"https:\/\/api.w.org\/{rel}","templated":true}]}}