{"id":20839,"date":"2011-12-27T13:51:18","date_gmt":"2011-12-27T13:51:18","guid":{"rendered":"https:\/\/shop.metal-badge.ch\/?product=pochette-de-poitrine-pour-billet-documents-de-voyage"},"modified":"2012-01-07T13:28:20","modified_gmt":"2012-01-07T13:28:20","slug":"pochette-de-poitrine-pour-billet-documents-de-voyage","status":"publish","type":"product","link":"https:\/\/metal-badge.ch\/fr\/product\/20839\/pochette-de-poitrine-pour-billet-documents-de-voyage\/","title":{"rendered":"Pochette de poitrine pour billet \/ documents de voyage"},"content":{"rendered":"<p>Cette pochette de poitrine de <b>Metal Badge<\/b> garde tous les documents de voyage importants, du billet au passeport. <\/p>\n<p>La sangle \u00e0 taille r\u00e9glable est \u00e9quip\u00e9e d\u2019une fermeture par bouton de pression. <\/p>\n<p>\u00c0 l&rsquo;ext\u00e9rieur du sac on trouve deux compartiments d\u2019insertion ainsi qu\u2019une poche filet. <br \/>Sur le devant du sac on trouve un porte-cl\u00e9s comme atout suppl\u00e9mentaire.<br \/>\n<br \/>Sur le dos de ce sac est un grand compartiment en filet et un compartiment plus petit avec fermeture \u00e9clair. <br \/>Ce sac \u00e0 poitrine est extr\u00eamement plat et peut aussi bien \u00eatre port\u00e9 sous une chemise ou un pull. <\/p>\n<p>Cette pochette imperm\u00e9able est disponible en couleur bleu fonc\u00e9.  <\/p>\n<p><b>Caract\u00e9ristiques :<\/b><br \/>\nsangle r\u00e9glable de diam\u00e8tre 2 cm avec fermeture \u00e0 pression<br \/>\nPoids : 60 g<br \/>\nDimensions : Largeur 14.5 cm \/ hauteur 21 cm <br \/>\nMat\u00e9riel: nylon \/ polyester<br \/>\n<img decoding=\"async\" align=\"right\" src=\"https:\/\/metal-badge.ch\/wp-content\/uploads\/content\/taschen_icons.png\" alt=\"\"><br \/>\n<br \/>\nMetal Badge Logo Front<br \/>\nCouleur: bleu fonc\u00e9<\/p>\n","protected":false},"excerpt":{"rendered":"<p>Cette pochette de poitrine de Metal Badge garde tous les documents de voyage importants, du billet au passeport. La sangle \u00e0 taille r\u00e9glable est \u00e9quip\u00e9e d\u2019une fermeture par bouton de pression. \u00c0 l&rsquo;ext\u00e9rieur du sac on trouve deux compartiments d\u2019insertion ainsi qu\u2019une poche filet. Sur le devant du sac on trouve un porte-cl\u00e9s comme atout [&hellip;]<\/p>\n","protected":false},"featured_media":71108,"comment_status":"open","ping_status":"closed","template":"","meta":{"inline_featured_image":false},"product_brand":[],"product_cat":[1834,1059,1815],"product_tag":[1773,1765],"class_list":{"0":"post-20839","1":"product","2":"type-product","3":"status-publish","4":"has-post-thumbnail","6":"product_cat-pochettes","7":"product_cat-sacs","8":"product_cat-sacs-de-transport-de-voyage","9":"product_tag-chasse-peche","10":"product_tag-sport-outdoor-fr","12":"first","13":"instock","14":"taxable","15":"shipping-taxable","16":"purchasable","17":"product-type-simple"},"_links":{"self":[{"href":"https:\/\/metal-badge.ch\/fr\/wp-json\/wp\/v2\/product\/20839","targetHints":{"allow":["GET"]}}],"collection":[{"href":"https:\/\/metal-badge.ch\/fr\/wp-json\/wp\/v2\/product"}],"about":[{"href":"https:\/\/metal-badge.ch\/fr\/wp-json\/wp\/v2\/types\/product"}],"replies":[{"embeddable":true,"href":"https:\/\/metal-badge.ch\/fr\/wp-json\/wp\/v2\/comments?post=20839"}],"wp:featuredmedia":[{"embeddable":true,"href":"https:\/\/metal-badge.ch\/fr\/wp-json\/wp\/v2\/media\/71108"}],"wp:attachment":[{"href":"https:\/\/metal-badge.ch\/fr\/wp-json\/wp\/v2\/media?parent=20839"}],"wp:term":[{"taxonomy":"product_brand","embeddable":true,"href":"https:\/\/metal-badge.ch\/fr\/wp-json\/wp\/v2\/product_brand?post=20839"},{"taxonomy":"product_cat","embeddable":true,"href":"https:\/\/metal-badge.ch\/fr\/wp-json\/wp\/v2\/product_cat?post=20839"},{"taxonomy":"product_tag","embeddable":true,"href":"https:\/\/metal-badge.ch\/fr\/wp-json\/wp\/v2\/product_tag?post=20839"}],"curies":[{"name":"wp","href":"https:\/\/api.w.org\/{rel}","templated":true}]}}