{"id":20829,"date":"2011-12-27T13:34:28","date_gmt":"2011-12-27T13:34:28","guid":{"rendered":"https:\/\/shop.metal-badge.ch\/?product=pochette-de-poitrine-pour-billet-documents-de-voyage"},"modified":"2020-09-29T14:28:36","modified_gmt":"2020-09-29T12:28:36","slug":"pochette-de-poitrine-pour-billet-documents-de-voyage-2","status":"publish","type":"product","link":"https:\/\/metal-badge.ch\/fr\/product\/20829\/pochette-de-poitrine-pour-billet-documents-de-voyage-2\/","title":{"rendered":"Pochette de poitrine pour billet \/ documents de voyage"},"content":{"rendered":"<p>Cette pochette de poitrine de <strong>Metal Badge<\/strong> garde tous les documents de voyage importants, du billet au passeport.<\/p>\n<p>\u00c9galement utilis\u00e9 \u00e0 la ceinture, cette pochette est doublement s\u00e9curis\u00e9e \u00e0 la ceinture avec velcro et boutons \u00e0 pression.<br \/>\nLa sangle \u00e0 taille r\u00e9glable est fix\u00e9e aux supports avec mousqueton et peut \u00eatre \u00e0 tout moment enlev\u00e9e.<\/p>\n<p>La poche ext\u00e9rieure zipp\u00e9e est id\u00e9ale comme compartiment portemonnaie.<br \/>\nA l\u2019int\u00e9rieur sont deux grands compartiments d\u2019insertion pour billets et passeport.<br \/>\nEncore une grande poche zipp\u00e9e qui offre de la place pour les ult\u00e9rieurs documents de voyage, certificats de vaccination, permis de conduire, etc.<\/p>\n<p>Ce sac \u00e0 poitrine est extr\u00eamement plat et peut aussi bien \u00eatre port\u00e9 sous une chemise ou un pull.<\/p>\n<p>Ce sac imperm\u00e9able est fourni en couleur noir uni.<\/p>\n<p><strong>Caract\u00e9ristiques :<\/strong><br \/>\nsangle r\u00e9glable avec mousqueton<br \/>\nPoids : 70 g<br \/>\nDimensions : Largeur 13 cm \/ hauteur 21 cm<br \/>\nMat\u00e9riel: nylon \/ polyester <img decoding=\"async\" src=\"https:\/\/metal-badge.ch\/wp-content\/uploads\/content\/taschen_icons.png\" style=\"float:right\" alt=\"\"><br \/>\nMetal Badge Logo Front<br \/>\nCouleur: noir<\/p>\n","protected":false},"excerpt":{"rendered":"<p>Cette pochette de poitrine de Metal Badge garde tous les documents de voyage importants, du billet au passeport. \u00c9galement utilis\u00e9 \u00e0 la ceinture, cette pochette est doublement s\u00e9curis\u00e9e \u00e0 la ceinture avec velcro et boutons \u00e0 pression. La sangle \u00e0 taille r\u00e9glable est fix\u00e9e aux supports avec mousqueton et peut \u00eatre \u00e0 tout moment enlev\u00e9e. [&hellip;]<\/p>\n","protected":false},"featured_media":20823,"comment_status":"open","ping_status":"closed","template":"","meta":{"inline_featured_image":false},"product_brand":[],"product_cat":[1834,1059,1815],"product_tag":[1777,1773,1765],"class_list":{"0":"post-20829","1":"product","2":"type-product","3":"status-publish","4":"has-post-thumbnail","6":"product_cat-pochettes","7":"product_cat-sacs","8":"product_cat-sacs-de-transport-de-voyage","9":"product_tag-camping-voyage","10":"product_tag-chasse-peche","11":"product_tag-sport-outdoor-fr","13":"first","14":"instock","15":"sale","16":"taxable","17":"shipping-taxable","18":"purchasable","19":"product-type-simple"},"_links":{"self":[{"href":"https:\/\/metal-badge.ch\/fr\/wp-json\/wp\/v2\/product\/20829","targetHints":{"allow":["GET"]}}],"collection":[{"href":"https:\/\/metal-badge.ch\/fr\/wp-json\/wp\/v2\/product"}],"about":[{"href":"https:\/\/metal-badge.ch\/fr\/wp-json\/wp\/v2\/types\/product"}],"replies":[{"embeddable":true,"href":"https:\/\/metal-badge.ch\/fr\/wp-json\/wp\/v2\/comments?post=20829"}],"wp:featuredmedia":[{"embeddable":true,"href":"https:\/\/metal-badge.ch\/fr\/wp-json\/wp\/v2\/media\/20823"}],"wp:attachment":[{"href":"https:\/\/metal-badge.ch\/fr\/wp-json\/wp\/v2\/media?parent=20829"}],"wp:term":[{"taxonomy":"product_brand","embeddable":true,"href":"https:\/\/metal-badge.ch\/fr\/wp-json\/wp\/v2\/product_brand?post=20829"},{"taxonomy":"product_cat","embeddable":true,"href":"https:\/\/metal-badge.ch\/fr\/wp-json\/wp\/v2\/product_cat?post=20829"},{"taxonomy":"product_tag","embeddable":true,"href":"https:\/\/metal-badge.ch\/fr\/wp-json\/wp\/v2\/product_tag?post=20829"}],"curies":[{"name":"wp","href":"https:\/\/api.w.org\/{rel}","templated":true}]}}