{"id":20643,"date":"2011-12-21T19:47:57","date_gmt":"2011-12-21T19:47:57","guid":{"rendered":"https:\/\/shop.metal-badge.ch\/?product=etui-en-cuir-official-ipa-suisse"},"modified":"2016-04-16T21:41:24","modified_gmt":"2016-04-16T21:41:24","slug":"etui-en-cuir-official-ipa-suisse","status":"publish","type":"product","link":"https:\/\/metal-badge.ch\/fr\/product\/20643\/etui-en-cuir-official-ipa-suisse\/","title":{"rendered":"Etui en cuir \u00ab\u00a0Official\u00a0\u00bb IPA Suisse"},"content":{"rendered":"<p>Etui en cuir de b\u0153uf noir de premi\u00e8re qualit\u00e9 en format vertical \u00e0 l\u2019ouverture lat\u00e9rale.<br \/>\nA l\u2019int\u00e9rieur on trouve un compartiment transparent pour la carte d&rsquo;identit\u00e9 et 4 compartiments pour au moins 8 \u00e0 12 cartes de cr\u00e9dit. Un compartiment additionnel range vos notes, re\u00e7us, etc. Cet \u00e9tui est fourni aussi d\u2019un compartiment pour les billets. Le porte-badge se trouve \u00e0 l\u2019int\u00e9rieur et peut \u00eatre pli\u00e9 verticalement afin qu&rsquo;il soit visible lors que vous le portez dans la poche frontale de la chemise, \u00e0 la ceinture, etc. Voir photos.<\/p>\n<p>Dimensions \/ mesures : Largeur 8.5 cm \/ hauteur 10.5 cm<\/p>\n<p>\u00a0<\/p>\n<p>Attention: badge uniquement disponible pour les membres IPA!<\/p>\n","protected":false},"excerpt":{"rendered":"<p>Etui en cuir de b\u0153uf noir de premi\u00e8re qualit\u00e9 en format vertical \u00e0 l\u2019ouverture lat\u00e9rale. A l\u2019int\u00e9rieur on trouve un compartiment transparent pour la carte d&rsquo;identit\u00e9 et 4 compartiments pour au moins 8 \u00e0 12 cartes de cr\u00e9dit. Un compartiment additionnel range vos notes, re\u00e7us, etc. Cet \u00e9tui est fourni aussi d\u2019un compartiment pour les [&hellip;]<\/p>\n","protected":false},"featured_media":93249,"comment_status":"open","ping_status":"closed","template":"","meta":{"inline_featured_image":false},"product_brand":[],"product_cat":[839],"product_tag":[],"class_list":{"0":"post-20643","1":"product","2":"type-product","3":"status-publish","4":"has-post-thumbnail","6":"product_cat-suisse","8":"first","9":"instock","10":"taxable","11":"shipping-taxable","12":"purchasable","13":"product-type-simple"},"_links":{"self":[{"href":"https:\/\/metal-badge.ch\/fr\/wp-json\/wp\/v2\/product\/20643","targetHints":{"allow":["GET"]}}],"collection":[{"href":"https:\/\/metal-badge.ch\/fr\/wp-json\/wp\/v2\/product"}],"about":[{"href":"https:\/\/metal-badge.ch\/fr\/wp-json\/wp\/v2\/types\/product"}],"replies":[{"embeddable":true,"href":"https:\/\/metal-badge.ch\/fr\/wp-json\/wp\/v2\/comments?post=20643"}],"wp:featuredmedia":[{"embeddable":true,"href":"https:\/\/metal-badge.ch\/fr\/wp-json\/wp\/v2\/media\/93249"}],"wp:attachment":[{"href":"https:\/\/metal-badge.ch\/fr\/wp-json\/wp\/v2\/media?parent=20643"}],"wp:term":[{"taxonomy":"product_brand","embeddable":true,"href":"https:\/\/metal-badge.ch\/fr\/wp-json\/wp\/v2\/product_brand?post=20643"},{"taxonomy":"product_cat","embeddable":true,"href":"https:\/\/metal-badge.ch\/fr\/wp-json\/wp\/v2\/product_cat?post=20643"},{"taxonomy":"product_tag","embeddable":true,"href":"https:\/\/metal-badge.ch\/fr\/wp-json\/wp\/v2\/product_tag?post=20643"}],"curies":[{"name":"wp","href":"https:\/\/api.w.org\/{rel}","templated":true}]}}