{"id":20485,"date":"2011-12-07T21:43:52","date_gmt":"2011-12-07T21:43:52","guid":{"rendered":"https:\/\/shop.metal-badge.ch\/?product=tunkasila"},"modified":"2020-08-02T00:00:07","modified_gmt":"2020-08-01T22:00:07","slug":"tunkasila","status":"publish","type":"product","link":"https:\/\/metal-badge.ch\/fr\/product\/20485\/tunkasila\/","title":{"rendered":"Tunkasila"},"content":{"rendered":"<p>Avec notre nouveau sac bandouli\u00e8re de la s\u00e9rie \u00ab\u00a0Lakota\u00a0\u00bb de <strong>Metal Badge<\/strong> vous serez \u00e0 la mode et aurez tout le n\u00e9cessaire \u00e0 port\u00e9e de main.<\/p>\n<p>Haute qualit\u00e9 de fabrication \u00e0 un prix abordable.<br \/>\nCe sac est fabriqu\u00e9 en tissu polyester durable et hydrofuge.<br \/>\n<img decoding=\"async\" src=\"https:\/\/metal-badge.ch\/wp-content\/uploads\/content\/tasche_grafik_2_tp.png\" style=\"float:right\" alt=\"\"><br \/>\nCe sac est fourni avec un grand <strong>compartiment principal<\/strong> avec fermeture \u00e0 glissi\u00e8re, et dans ce compartiment principal une poche pour le mobile ainsi qu\u2019un compartiment zipp\u00e9 pour des petits objets.<\/p>\n<p>Une autre grande poche suppl\u00e9mentaire est \u00e0 l&rsquo;ext\u00e9rieur du compartiment principal Ces deux grands compartiments sont s\u00e9curis\u00e9s par le rabat ainsi que par la fermeture \u00e0 glissi\u00e8re.<br \/>\nLe rabat est ferm\u00e9 par un bouton pression magn\u00e9tique.<\/p>\n<p>A l\u2019ext\u00e9rieur du rabat est un petit compartiment pour les pi\u00e8ces de monnaie, stylos, notes, etc.<\/p>\n<p>A l&rsquo;arri\u00e8re du sac on trouve encore une grande poche zipp\u00e9e.<br \/>\nLe sac est fourni avec une bandouli\u00e8re r\u00e9glable.<\/p>\n<p>Gr\u00e2ce \u00e0 son design simple et moderne, ce sac bandouli\u00e8re va aussi bien aux dames qu&rsquo;aux hommes.<\/p>\n<p><strong>Caract\u00e9ristiques :<\/strong><br \/>\nBandouli\u00e8re r\u00e9glable<br \/>\nPoids : 390 g<br \/>\nDimensions : largeur 26 cm \/ hauteur 26 cm \/ profondeur du compartiment principal 7 cm<br \/>\nMat\u00e9riel: tissu de nylon \/ polyester<br \/>\nMetal Badge Logo Front<br \/>\nCouleur: noir<\/p>\n","protected":false},"excerpt":{"rendered":"<p>Avec notre nouveau sac bandouli\u00e8re de la s\u00e9rie \u00ab\u00a0Lakota\u00a0\u00bb de Metal Badge vous serez \u00e0 la mode et aurez tout le n\u00e9cessaire \u00e0 port\u00e9e de main. Haute qualit\u00e9 de fabrication \u00e0 un prix abordable. Ce sac est fabriqu\u00e9 en tissu polyester durable et hydrofuge. Ce sac est fourni avec un grand compartiment principal avec fermeture [&hellip;]<\/p>\n","protected":false},"featured_media":87534,"comment_status":"open","ping_status":"closed","template":"","meta":{"inline_featured_image":false},"product_brand":[],"product_cat":[1059,1815],"product_tag":[1777,1773,1765],"class_list":{"0":"post-20485","1":"product","2":"type-product","3":"status-publish","4":"has-post-thumbnail","6":"product_cat-sacs","7":"product_cat-sacs-de-transport-de-voyage","8":"product_tag-camping-voyage","9":"product_tag-chasse-peche","10":"product_tag-sport-outdoor-fr","12":"first","13":"instock","14":"sale","15":"taxable","16":"shipping-taxable","17":"purchasable","18":"product-type-simple"},"_links":{"self":[{"href":"https:\/\/metal-badge.ch\/fr\/wp-json\/wp\/v2\/product\/20485","targetHints":{"allow":["GET"]}}],"collection":[{"href":"https:\/\/metal-badge.ch\/fr\/wp-json\/wp\/v2\/product"}],"about":[{"href":"https:\/\/metal-badge.ch\/fr\/wp-json\/wp\/v2\/types\/product"}],"replies":[{"embeddable":true,"href":"https:\/\/metal-badge.ch\/fr\/wp-json\/wp\/v2\/comments?post=20485"}],"wp:featuredmedia":[{"embeddable":true,"href":"https:\/\/metal-badge.ch\/fr\/wp-json\/wp\/v2\/media\/87534"}],"wp:attachment":[{"href":"https:\/\/metal-badge.ch\/fr\/wp-json\/wp\/v2\/media?parent=20485"}],"wp:term":[{"taxonomy":"product_brand","embeddable":true,"href":"https:\/\/metal-badge.ch\/fr\/wp-json\/wp\/v2\/product_brand?post=20485"},{"taxonomy":"product_cat","embeddable":true,"href":"https:\/\/metal-badge.ch\/fr\/wp-json\/wp\/v2\/product_cat?post=20485"},{"taxonomy":"product_tag","embeddable":true,"href":"https:\/\/metal-badge.ch\/fr\/wp-json\/wp\/v2\/product_tag?post=20485"}],"curies":[{"name":"wp","href":"https:\/\/api.w.org\/{rel}","templated":true}]}}