{"id":20441,"date":"2011-12-06T00:30:21","date_gmt":"2011-12-06T00:30:21","guid":{"rendered":"https:\/\/shop.metal-badge.ch\/?product=miniwatu"},"modified":"2012-01-07T13:29:55","modified_gmt":"2012-01-07T13:29:55","slug":"miniwatu","status":"publish","type":"product","link":"https:\/\/metal-badge.ch\/fr\/product\/20441\/miniwatu\/","title":{"rendered":"Miniwatu"},"content":{"rendered":"<p><img decoding=\"async\" src=\"https:\/\/metal-badge.ch\/wp-content\/uploads\/content\/tasche_grafik_3_tp.png\" align=\"right\" alt=\"\"><br \/>\nModerne sac \u00e0 bandouli\u00e8re de la s\u00e9rie \u00ab\u00a0Lakota\u00a0\u00bb au style distinctif de <b>Metal Badge<\/b>. <\/p>\n<p>La s\u00e9rie Lakota est sportive et robuste, id\u00e9ale pour un voyage aventureux. <br \/>\nLe sac est fourni avec un grand <b>compartiment principal<\/b> zipp\u00e9 qui offre beaucoup de place de stockage. <\/p>\n<p>Un compartiment additionnel \u00e0 fermeture \u00e9clair int\u00e9gr\u00e9 dans le compartiment principal permet de ranger les ustensiles plus petits.<br \/>\n<br \/>Une deuxi\u00e8me grande poche suppl\u00e9mentaire avec fermeture \u00e0 glissi\u00e8re et un autre compartiment d\u2019insertion dedans compl\u00e8tent ce sac fonctionnel. <\/p>\n<p>Sur l\u2019ext\u00e9rieur on trouve encore deux compartiments avec fermeture \u00e9clair et rabat au velcro. <\/p>\n<p>Sur le rabat gauche, un compartiment zipp\u00e9 pour les pi\u00e8ces de monnaie, notes, etc. <br \/>\nA l&rsquo;arri\u00e8re du sac on trouve encore une poche avec fermeture \u00e0 glissi\u00e8re.<\/p>\n<p>Ce sac est fabriqu\u00e9 en tissu nylon\/ polyester noir uni durable et hydrofuge. <\/p>\n<p>Le sac est fourni avec une bandouli\u00e8re r\u00e9glable.<\/p>\n<p><b>Caract\u00e9ristiques :<\/b><br \/>\nBandouli\u00e8re r\u00e9glable <br \/>\nPoids : 350 g<br \/>\nDimensions : largeur 27 cm \/ hauteur 24 cm \/ profondeur du compartiment principal 8 cm<br \/>\nMat\u00e9riel: Nylon \/ polyester \/ cuir synth\u00e9tique<br \/>\nMetal Badge Logo Front<br \/>\nCouleur: noir<\/p>\n","protected":false},"excerpt":{"rendered":"<p>Moderne sac \u00e0 bandouli\u00e8re de la s\u00e9rie \u00ab\u00a0Lakota\u00a0\u00bb au style distinctif de Metal Badge. La s\u00e9rie Lakota est sportive et robuste, id\u00e9ale pour un voyage aventureux. Le sac est fourni avec un grand compartiment principal zipp\u00e9 qui offre beaucoup de place de stockage. Un compartiment additionnel \u00e0 fermeture \u00e9clair int\u00e9gr\u00e9 dans le compartiment principal permet [&hellip;]<\/p>\n","protected":false},"featured_media":93299,"comment_status":"open","ping_status":"closed","template":"","meta":{"inline_featured_image":false},"product_brand":[],"product_cat":[1059,1650,1815],"product_tag":[1777,1773,1765],"class_list":{"0":"post-20441","1":"product","2":"type-product","3":"status-publish","4":"has-post-thumbnail","6":"product_cat-sacs","7":"product_cat-sacs-dintervention","8":"product_cat-sacs-de-transport-de-voyage","9":"product_tag-camping-voyage","10":"product_tag-chasse-peche","11":"product_tag-sport-outdoor-fr","13":"first","14":"instock","15":"taxable","16":"shipping-taxable","17":"purchasable","18":"product-type-simple"},"_links":{"self":[{"href":"https:\/\/metal-badge.ch\/fr\/wp-json\/wp\/v2\/product\/20441","targetHints":{"allow":["GET"]}}],"collection":[{"href":"https:\/\/metal-badge.ch\/fr\/wp-json\/wp\/v2\/product"}],"about":[{"href":"https:\/\/metal-badge.ch\/fr\/wp-json\/wp\/v2\/types\/product"}],"replies":[{"embeddable":true,"href":"https:\/\/metal-badge.ch\/fr\/wp-json\/wp\/v2\/comments?post=20441"}],"wp:featuredmedia":[{"embeddable":true,"href":"https:\/\/metal-badge.ch\/fr\/wp-json\/wp\/v2\/media\/93299"}],"wp:attachment":[{"href":"https:\/\/metal-badge.ch\/fr\/wp-json\/wp\/v2\/media?parent=20441"}],"wp:term":[{"taxonomy":"product_brand","embeddable":true,"href":"https:\/\/metal-badge.ch\/fr\/wp-json\/wp\/v2\/product_brand?post=20441"},{"taxonomy":"product_cat","embeddable":true,"href":"https:\/\/metal-badge.ch\/fr\/wp-json\/wp\/v2\/product_cat?post=20441"},{"taxonomy":"product_tag","embeddable":true,"href":"https:\/\/metal-badge.ch\/fr\/wp-json\/wp\/v2\/product_tag?post=20441"}],"curies":[{"name":"wp","href":"https:\/\/api.w.org\/{rel}","templated":true}]}}