{"id":20430,"date":"2011-12-06T00:16:05","date_gmt":"2011-12-06T00:16:05","guid":{"rendered":"https:\/\/shop.metal-badge.ch\/?product=kehala"},"modified":"2012-01-07T13:29:27","modified_gmt":"2012-01-07T13:29:27","slug":"kehala","status":"publish","type":"product","link":"https:\/\/metal-badge.ch\/fr\/product\/20430\/kehala\/","title":{"rendered":"Kehala"},"content":{"rendered":"<p><img decoding=\"async\" src=\"https:\/\/metal-badge.ch\/wp-content\/uploads\/content\/tasche_grafik_3_tp.png\" align=\"right\" alt=\"\">Sac \u00e0 bandouli\u00e8re d\u00e9contract\u00e9 de la maison <b>Metal Badge<\/b>. <\/p>\n<p>Avec ses nombreux compartiments, ce messenger bag offre assez de place pour les petits et grands ustensiles.<br \/>\n<br \/>\nC\u2019est un sac pratique ainsi que joli. <\/p>\n<p>Fourni avec un grand et spacieux compartiment principal zipp\u00e9, une petite poche int\u00e9rieure additionnelle avec fermeture \u00e0 glissi\u00e8re ainsi qu\u2019un compartiment s\u00e9par\u00e9 pour le mobile, il ne manque rien \u00e0 ce sac.  <\/p>\n<p>Le <b>compartiment principal<\/b> a encore un compartiment s\u00e9par\u00e9 avec fermeture velcro. <br \/>Le rabat se ferme avec un bouton pression magn\u00e9tique. <br \/>A l\u2019ext\u00e9rieur du rabat on trouve encore un grand compartiment zipp\u00e9. Sur le dos du sac un autre compartiment avec fermeture \u00e0 glissi\u00e8re. <\/p>\n<p>Ce sac vous accompagnera en ville et dans le jour-\u00e0-jour universitaire.<\/p>\n<p><b>Caract\u00e9ristiques :<b\/><br \/>\nBandouli\u00e8re r\u00e9glable <br \/>\nPoids : 565 g<br \/>\nDimensions : largeur 35 cm \/ hauteur 29 cm \/ profondeur du compartiment principal 10 cm<br \/>\nMat\u00e9riel: tissu de nylon \/ polyester <br \/>\nMetal Badge Logo Front<br \/>\nCouleur: noir<\/p>\n","protected":false},"excerpt":{"rendered":"<p>Sac \u00e0 bandouli\u00e8re d\u00e9contract\u00e9 de la maison Metal Badge. Avec ses nombreux compartiments, ce messenger bag offre assez de place pour les petits et grands ustensiles. C\u2019est un sac pratique ainsi que joli. Fourni avec un grand et spacieux compartiment principal zipp\u00e9, une petite poche int\u00e9rieure additionnelle avec fermeture \u00e0 glissi\u00e8re ainsi qu\u2019un compartiment s\u00e9par\u00e9 [&hellip;]<\/p>\n","protected":false},"featured_media":93301,"comment_status":"open","ping_status":"closed","template":"","meta":{"inline_featured_image":false},"product_brand":[],"product_cat":[1059,1815],"product_tag":[1777,1773,1765],"class_list":{"0":"post-20430","1":"product","2":"type-product","3":"status-publish","4":"has-post-thumbnail","6":"product_cat-sacs","7":"product_cat-sacs-de-transport-de-voyage","8":"product_tag-camping-voyage","9":"product_tag-chasse-peche","10":"product_tag-sport-outdoor-fr","12":"first","13":"instock","14":"taxable","15":"shipping-taxable","16":"purchasable","17":"product-type-simple"},"_links":{"self":[{"href":"https:\/\/metal-badge.ch\/fr\/wp-json\/wp\/v2\/product\/20430","targetHints":{"allow":["GET"]}}],"collection":[{"href":"https:\/\/metal-badge.ch\/fr\/wp-json\/wp\/v2\/product"}],"about":[{"href":"https:\/\/metal-badge.ch\/fr\/wp-json\/wp\/v2\/types\/product"}],"replies":[{"embeddable":true,"href":"https:\/\/metal-badge.ch\/fr\/wp-json\/wp\/v2\/comments?post=20430"}],"wp:featuredmedia":[{"embeddable":true,"href":"https:\/\/metal-badge.ch\/fr\/wp-json\/wp\/v2\/media\/93301"}],"wp:attachment":[{"href":"https:\/\/metal-badge.ch\/fr\/wp-json\/wp\/v2\/media?parent=20430"}],"wp:term":[{"taxonomy":"product_brand","embeddable":true,"href":"https:\/\/metal-badge.ch\/fr\/wp-json\/wp\/v2\/product_brand?post=20430"},{"taxonomy":"product_cat","embeddable":true,"href":"https:\/\/metal-badge.ch\/fr\/wp-json\/wp\/v2\/product_cat?post=20430"},{"taxonomy":"product_tag","embeddable":true,"href":"https:\/\/metal-badge.ch\/fr\/wp-json\/wp\/v2\/product_tag?post=20430"}],"curies":[{"name":"wp","href":"https:\/\/api.w.org\/{rel}","templated":true}]}}