{"id":20419,"date":"2011-12-05T23:53:12","date_gmt":"2011-12-05T23:53:12","guid":{"rendered":"https:\/\/shop.metal-badge.ch\/?product=wahapi"},"modified":"2015-02-05T15:05:56","modified_gmt":"2015-02-05T15:05:56","slug":"wahapi","status":"publish","type":"product","link":"https:\/\/metal-badge.ch\/fr\/product\/20419\/wahapi\/","title":{"rendered":"Wahapi"},"content":{"rendered":"<h2>Ligne Lakota de Metal-Badge <\/h2>\n<p>\nCe sac en bandouli\u00e8re format vertical de Metal Badge est le compagnon id\u00e9al pour les loisirs et tient tout le n\u00e9cessaire \u00e0 port\u00e9e de main.<br \/>\n<br \/>\nAvec Wahapi, m\u00eame sous la pluie, vous ferez bonne impression. <\/p>\n<p>Tissu de nylon \/ polyester robuste et hydrofuge.<br \/>\n<br \/>\n<img decoding=\"async\" src=\"https:\/\/metal-badge.ch\/wp-content\/uploads\/content\/tasche_grafik_1_tp.png\" align=\"right\" alt=\"\"><br \/>\n<br \/>\nCe sac est fourni avec un crochet sur le dos et peut donc aussi \u00eatre port\u00e9 \u00e0 la ceinture. <br \/>\nLa sangle d&rsquo;\u00e9paule r\u00e9glable peut \u00eatre facilement enlev\u00e9e. <\/p>\n<p>A l&rsquo;int\u00e9rieur du sac, un grand compartiment principal avec un deuxi\u00e8me compartiment s\u00e9par\u00e9 plus petit avec fermeture \u00e0 glissi\u00e8re. <\/p>\n<p>A l&rsquo;ext\u00e9rieur de cette pratique sacoche on trouve encore un compartiment \u00e0 fermeture \u00e9clair et velcro pour le t\u00e9l\u00e9phone portable. <br \/>Une autre petite poche zipp\u00e9e pour les notes, cl\u00e9s, pi\u00e8ces de monnaie, etc. se trouve \u00e0 l&rsquo;ext\u00e9rieur de la poche.<br \/>\n<br \/>\n<img decoding=\"async\" src=\"https:\/\/metal-badge.ch\/wp-content\/uploads\/content\/tasche_grafik_1_tp.png\" align=\"right\" alt=\"\"><br \/>\n<br \/>\nCe joli sac imperm\u00e9able est fourni en couleur noir uni.<\/p>\n<p><b>Caract\u00e9ristiques :<\/b><br \/>\nBandouli\u00e8re r\u00e9glable<br \/>\nPoids : 120 g<br \/>\nDimensions : largeur 14 cm \/ hauteur 18 cm \/ profondeur du compartiment principal 7 cm<br \/>\nMat\u00e9riel: tissu de nylon \/ polyester<br \/>\nMetal Badge Logo Front<br \/>\nCouleur: noir<\/p>\n","protected":false},"excerpt":{"rendered":"<p>Ligne Lakota de Metal-Badge Ce sac en bandouli\u00e8re format vertical de Metal Badge est le compagnon id\u00e9al pour les loisirs et tient tout le n\u00e9cessaire \u00e0 port\u00e9e de main. Avec Wahapi, m\u00eame sous la pluie, vous ferez bonne impression. Tissu de nylon \/ polyester robuste et hydrofuge. Ce sac est fourni avec un crochet sur [&hellip;]<\/p>\n","protected":false},"featured_media":93303,"comment_status":"open","ping_status":"closed","template":"","meta":{"inline_featured_image":false},"product_brand":[],"product_cat":[1059,1815],"product_tag":[1777,1773,1765],"class_list":{"0":"post-20419","1":"product","2":"type-product","3":"status-publish","4":"has-post-thumbnail","6":"product_cat-sacs","7":"product_cat-sacs-de-transport-de-voyage","8":"product_tag-camping-voyage","9":"product_tag-chasse-peche","10":"product_tag-sport-outdoor-fr","12":"first","13":"instock","14":"taxable","15":"shipping-taxable","16":"purchasable","17":"product-type-simple"},"_links":{"self":[{"href":"https:\/\/metal-badge.ch\/fr\/wp-json\/wp\/v2\/product\/20419","targetHints":{"allow":["GET"]}}],"collection":[{"href":"https:\/\/metal-badge.ch\/fr\/wp-json\/wp\/v2\/product"}],"about":[{"href":"https:\/\/metal-badge.ch\/fr\/wp-json\/wp\/v2\/types\/product"}],"replies":[{"embeddable":true,"href":"https:\/\/metal-badge.ch\/fr\/wp-json\/wp\/v2\/comments?post=20419"}],"wp:featuredmedia":[{"embeddable":true,"href":"https:\/\/metal-badge.ch\/fr\/wp-json\/wp\/v2\/media\/93303"}],"wp:attachment":[{"href":"https:\/\/metal-badge.ch\/fr\/wp-json\/wp\/v2\/media?parent=20419"}],"wp:term":[{"taxonomy":"product_brand","embeddable":true,"href":"https:\/\/metal-badge.ch\/fr\/wp-json\/wp\/v2\/product_brand?post=20419"},{"taxonomy":"product_cat","embeddable":true,"href":"https:\/\/metal-badge.ch\/fr\/wp-json\/wp\/v2\/product_cat?post=20419"},{"taxonomy":"product_tag","embeddable":true,"href":"https:\/\/metal-badge.ch\/fr\/wp-json\/wp\/v2\/product_tag?post=20419"}],"curies":[{"name":"wp","href":"https:\/\/api.w.org\/{rel}","templated":true}]}}