{"id":20408,"date":"2011-12-05T23:35:44","date_gmt":"2011-12-05T23:35:44","guid":{"rendered":"https:\/\/shop.metal-badge.ch\/?product=arikara"},"modified":"2022-10-08T18:10:07","modified_gmt":"2022-10-08T16:10:07","slug":"arikara","status":"publish","type":"product","link":"https:\/\/metal-badge.ch\/fr\/product\/20408\/arikara\/","title":{"rendered":"Arikara"},"content":{"rendered":"<p>Pas sans la sacoche \u00e0 bandouli\u00e8re de <b>Metal Badge!<\/b><\/p>\n<p>Pratique sacoche en format horizontal de tissu nylon\/ polyester hydrofuge. Ce sac est fourni avec un crochet et peut donc aussi \u00eatre port\u00e9 \u00e0 la ceinture. <br \/><img decoding=\"async\" src=\"https:\/\/metal-badge.ch\/wp-content\/uploads\/content\/tasche_grafik_1_tp.png\" align=\"right\" alt=\"\"><br \/>\nLa sangle d&rsquo;\u00e9paule r\u00e9glable peut \u00eatre facilement enlev\u00e9e. <br \/>\nDans le <b>compartiment principal<\/b> \u00e0 fermeture \u00e9clair, vous trouverez beaucoup de place pour le portefeuille, appareil photo et tout ce que vous portez en route. <\/p>\n<p>Un compartiment s\u00e9par\u00e9 avec fermeture \u00e0 glissi\u00e8re est aussi int\u00e9gr\u00e9 dans le compartiment principal du sac. <br \/>\nLa petite poche ext\u00e9rieure sous le rabat, \u00e9galement \u00e9quip\u00e9e d&rsquo;une fermeture \u00e0 glissi\u00e8re robuste peut \u00eatre utilis\u00e9e pour le mobile, carte d&rsquo;identit\u00e9, cl\u00e9s, etc. <\/p>\n<p>Sur le rabat on trouve un petit compartiment zipp\u00e9 pour les pi\u00e8ces de monnaie, cl\u00e9s ou notes. Ce joli sac imperm\u00e9able est disponible en couleur noir uni.<\/p>\n<p><b>Caract\u00e9ristiques :<\/b><br \/>\nBandouli\u00e8re r\u00e9glable<br \/>\nPoids : 130 g<br \/>\nDimensions : largeur 13 cm \/ hauteur 14 cm \/  profondeur du compartiment principal 5 cm<br \/>\nMat\u00e9riel: tissu de nylon \/ polyester<br \/>\nMetal Badge Logo Front<br \/>\nCouleur: noir<\/p>\n","protected":false},"excerpt":{"rendered":"<p>Pas sans la sacoche \u00e0 bandouli\u00e8re de Metal Badge! Pratique sacoche en format horizontal de tissu nylon\/ polyester hydrofuge. Ce sac est fourni avec un crochet et peut donc aussi \u00eatre port\u00e9 \u00e0 la ceinture. La sangle d&rsquo;\u00e9paule r\u00e9glable peut \u00eatre facilement enlev\u00e9e. Dans le compartiment principal \u00e0 fermeture \u00e9clair, vous trouverez beaucoup de place [&hellip;]<\/p>\n","protected":false},"featured_media":93305,"comment_status":"open","ping_status":"closed","template":"","meta":{"inline_featured_image":false},"product_brand":[],"product_cat":[1059,1815],"product_tag":[1777,1773,1765],"class_list":{"0":"post-20408","1":"product","2":"type-product","3":"status-publish","4":"has-post-thumbnail","6":"product_cat-sacs","7":"product_cat-sacs-de-transport-de-voyage","8":"product_tag-camping-voyage","9":"product_tag-chasse-peche","10":"product_tag-sport-outdoor-fr","12":"first","13":"instock","14":"taxable","15":"shipping-taxable","16":"purchasable","17":"product-type-simple"},"_links":{"self":[{"href":"https:\/\/metal-badge.ch\/fr\/wp-json\/wp\/v2\/product\/20408","targetHints":{"allow":["GET"]}}],"collection":[{"href":"https:\/\/metal-badge.ch\/fr\/wp-json\/wp\/v2\/product"}],"about":[{"href":"https:\/\/metal-badge.ch\/fr\/wp-json\/wp\/v2\/types\/product"}],"replies":[{"embeddable":true,"href":"https:\/\/metal-badge.ch\/fr\/wp-json\/wp\/v2\/comments?post=20408"}],"wp:featuredmedia":[{"embeddable":true,"href":"https:\/\/metal-badge.ch\/fr\/wp-json\/wp\/v2\/media\/93305"}],"wp:attachment":[{"href":"https:\/\/metal-badge.ch\/fr\/wp-json\/wp\/v2\/media?parent=20408"}],"wp:term":[{"taxonomy":"product_brand","embeddable":true,"href":"https:\/\/metal-badge.ch\/fr\/wp-json\/wp\/v2\/product_brand?post=20408"},{"taxonomy":"product_cat","embeddable":true,"href":"https:\/\/metal-badge.ch\/fr\/wp-json\/wp\/v2\/product_cat?post=20408"},{"taxonomy":"product_tag","embeddable":true,"href":"https:\/\/metal-badge.ch\/fr\/wp-json\/wp\/v2\/product_tag?post=20408"}],"curies":[{"name":"wp","href":"https:\/\/api.w.org\/{rel}","templated":true}]}}