{"id":20397,"date":"2011-12-05T23:14:26","date_gmt":"2011-12-05T23:14:26","guid":{"rendered":"https:\/\/shop.metal-badge.ch\/?product=algoma"},"modified":"2020-12-30T09:18:28","modified_gmt":"2020-12-30T08:18:28","slug":"algoma","status":"publish","type":"product","link":"https:\/\/metal-badge.ch\/fr\/product\/20397\/algoma\/","title":{"rendered":"Algoma"},"content":{"rendered":"<p>El\u00e9gant petit sac \u00e0 bandouli\u00e8re de <strong>Metal Badge!<\/strong><br \/>\nFabriqu\u00e9 en tissu nylon\/ polyester durable et imperm\u00e9able, cette sacoche verticale est le compagnon id\u00e9al en route.<br \/>\nCe sac est fourni avec un crochet sur le dos et peut donc aussi \u00eatre port\u00e9 \u00e0 la ceinture.<\/p>\n<p>La sangle d&rsquo;\u00e9paule r\u00e9glable peut \u00eatre facilement enlev\u00e9e.<br \/>\n<img decoding=\"async\" src=\"https:\/\/metal-badge.ch\/wp-content\/uploads\/content\/tasche_grafik_1_tp.png\" style=\"float:right\" alt=\"\"><br \/>\nA l&rsquo;int\u00e9rieur du sac, un grand <strong>compartiment principal<\/strong> avec un deuxi\u00e8me compartiment s\u00e9par\u00e9 plus petit avec fermeture \u00e0 glissi\u00e8re.<br \/>\nEn plus, on trouve \u00e0 l\u2019ext\u00e9rieur de cette pratique sacoche un compartiment \u00e0 fermeture \u00e9clair et velcro pour les accessoires suppl\u00e9mentaires tels que lunettes de soleil, mobile, etc.<\/p>\n<p>Une autre petite poche zipp\u00e9e pour les notes, cl\u00e9s, pi\u00e8ces de monnaie, etc. se trouve \u00e0 l&rsquo;ext\u00e9rieur sur le rabat de la poche. Un deuxi\u00e8me mini-compartiment d\u2019insertion sur le rabat compl\u00e8te ce sac. Ce sac est fourni en couleur noir uni.<\/p>\n<p><strong>Caract\u00e9ristiques :<\/strong><br \/>\nBandouli\u00e8re r\u00e9glable<br \/>\nPoids : 150 g<br \/>\nDimensions : largeur 16 cm \/ hauteur 18 cm \/ profondeur du compartiment principal 7 cm<br \/>\nMat\u00e9riel: tissu de nylon \/ polyester<br \/>\nMetal Badge Logo Front<br \/>\nCouleur: noir<\/p>\n","protected":false},"excerpt":{"rendered":"<p>El\u00e9gant petit sac \u00e0 bandouli\u00e8re de Metal Badge! Fabriqu\u00e9 en tissu nylon\/ polyester durable et imperm\u00e9able, cette sacoche verticale est le compagnon id\u00e9al en route. Ce sac est fourni avec un crochet sur le dos et peut donc aussi \u00eatre port\u00e9 \u00e0 la ceinture. La sangle d&rsquo;\u00e9paule r\u00e9glable peut \u00eatre facilement enlev\u00e9e. A l&rsquo;int\u00e9rieur du [&hellip;]<\/p>\n","protected":false},"featured_media":54750,"comment_status":"open","ping_status":"closed","template":"","meta":{"inline_featured_image":false},"product_brand":[],"product_cat":[1059,1815],"product_tag":[1777,1773,1765],"class_list":{"0":"post-20397","1":"product","2":"type-product","3":"status-publish","4":"has-post-thumbnail","6":"product_cat-sacs","7":"product_cat-sacs-de-transport-de-voyage","8":"product_tag-camping-voyage","9":"product_tag-chasse-peche","10":"product_tag-sport-outdoor-fr","12":"first","13":"instock","14":"sale","15":"taxable","16":"shipping-taxable","17":"purchasable","18":"product-type-simple"},"_links":{"self":[{"href":"https:\/\/metal-badge.ch\/fr\/wp-json\/wp\/v2\/product\/20397","targetHints":{"allow":["GET"]}}],"collection":[{"href":"https:\/\/metal-badge.ch\/fr\/wp-json\/wp\/v2\/product"}],"about":[{"href":"https:\/\/metal-badge.ch\/fr\/wp-json\/wp\/v2\/types\/product"}],"replies":[{"embeddable":true,"href":"https:\/\/metal-badge.ch\/fr\/wp-json\/wp\/v2\/comments?post=20397"}],"wp:featuredmedia":[{"embeddable":true,"href":"https:\/\/metal-badge.ch\/fr\/wp-json\/wp\/v2\/media\/54750"}],"wp:attachment":[{"href":"https:\/\/metal-badge.ch\/fr\/wp-json\/wp\/v2\/media?parent=20397"}],"wp:term":[{"taxonomy":"product_brand","embeddable":true,"href":"https:\/\/metal-badge.ch\/fr\/wp-json\/wp\/v2\/product_brand?post=20397"},{"taxonomy":"product_cat","embeddable":true,"href":"https:\/\/metal-badge.ch\/fr\/wp-json\/wp\/v2\/product_cat?post=20397"},{"taxonomy":"product_tag","embeddable":true,"href":"https:\/\/metal-badge.ch\/fr\/wp-json\/wp\/v2\/product_tag?post=20397"}],"curies":[{"name":"wp","href":"https:\/\/api.w.org\/{rel}","templated":true}]}}