{"id":20345,"date":"2011-12-01T20:12:40","date_gmt":"2011-12-01T20:12:40","guid":{"rendered":"https:\/\/shop.metal-badge.ch\/?product=etui-en-cuir-smart-agent-de-securite-suisse-gravure"},"modified":"2020-11-22T04:31:05","modified_gmt":"2020-11-22T03:31:05","slug":"etui-en-cuir-smart-agent-de-securite-suisse-gravure","status":"publish","type":"product","link":"https:\/\/metal-badge.ch\/fr\/product\/20345\/etui-en-cuir-smart-agent-de-securite-suisse-gravure\/","title":{"rendered":"Etui en cuir \u00ab\u00a0Smart\u00a0\u00bb Agent de S\u00e9curit\u00e9 Suisse, gravure"},"content":{"rendered":"<p>Porte-badge en cuir de b\u0153uf noir de premi\u00e8re qualit\u00e9 avec porte-cl\u00e9 et mousqueton.<br \/>\nPeut \u00eatre fix\u00e9 et utilis\u00e9 de plusieurs fa\u00e7ons. Le mousqueton et le porte-cl\u00e9s peuvent \u00eatre enlev\u00e9s et utilis\u00e9s individuellement. La boucle de connexion, \u00e9galement faite de cuir, est aussi \u00e9quip\u00e9e d&rsquo;une fente pour attacher au bouton de la chemise \/ poche frontale.<\/p>\n<p>La boucle de connexion a encore deux forts boutons-pression devant et derri\u00e8re. Ainsi, ce porte-badge peut \u00eatre fix\u00e9 avec le porte-cl\u00e9s, mousqueton ou bouton. Le badge est simplement ins\u00e9r\u00e9 dans le support par la fente.<\/p>\n<p>Taille \/ Dimensions: hauteur 12,5 cm, largeur 7,0 cm<\/p>\n<p class=\"GravurAnmerkung\">S&rsquo;il vous pla\u00eet entrez le texte de votre gravure dans commentaires \u00e0 l&rsquo;ordre (voir troisi\u00e8me photo). La longueur maximale du texte est de 10 caract\u00e8res.<\/p>\n<p class=\"GravurZahlung\">Attention: les badges avec gravure sont envoy\u00e9s seulement contre paiement d&rsquo;avance (pas contre-remboursement).<\/p>\n<p class=\"GravurPreise\">Prix gravure : 1 badge = CHF 30.-<\/p>\n<p>Prix gravure : 2 &#8211; 5 badges = CHF 25.-<\/p>\n<p>Prix gravure : 6 &#8211; 10 badges = CHF 20.-<\/p>\n<p>Prix gravure : d\u00e8s 10 pi\u00e8ces = CHF 15.-<\/p>\n<p class=\"GravurBestellungen\">Pour les commandes de \u201ebadges avec gravure\u201c, le d\u00e9lai de livraison est de 3 \u00e0 4 semaines.<\/p>\n","protected":false},"excerpt":{"rendered":"<p>Porte-badge en cuir de b\u0153uf noir de premi\u00e8re qualit\u00e9 avec porte-cl\u00e9 et mousqueton. Peut \u00eatre fix\u00e9 et utilis\u00e9 de plusieurs fa\u00e7ons. Le mousqueton et le porte-cl\u00e9s peuvent \u00eatre enlev\u00e9s et utilis\u00e9s individuellement. La boucle de connexion, \u00e9galement faite de cuir, est aussi \u00e9quip\u00e9e d&rsquo;une fente pour attacher au bouton de la chemise \/ poche frontale. [&hellip;]<\/p>\n","protected":false},"featured_media":20341,"comment_status":"open","ping_status":"closed","template":"","meta":{"inline_featured_image":false},"product_brand":[],"product_cat":[1015],"product_tag":[],"class_list":{"0":"post-20345","1":"product","2":"type-product","3":"status-publish","4":"has-post-thumbnail","6":"product_cat-agent-de-securite-suisse-gravure","8":"first","9":"instock","10":"taxable","11":"shipping-taxable","12":"purchasable","13":"product-type-simple"},"_links":{"self":[{"href":"https:\/\/metal-badge.ch\/fr\/wp-json\/wp\/v2\/product\/20345","targetHints":{"allow":["GET"]}}],"collection":[{"href":"https:\/\/metal-badge.ch\/fr\/wp-json\/wp\/v2\/product"}],"about":[{"href":"https:\/\/metal-badge.ch\/fr\/wp-json\/wp\/v2\/types\/product"}],"replies":[{"embeddable":true,"href":"https:\/\/metal-badge.ch\/fr\/wp-json\/wp\/v2\/comments?post=20345"}],"wp:featuredmedia":[{"embeddable":true,"href":"https:\/\/metal-badge.ch\/fr\/wp-json\/wp\/v2\/media\/20341"}],"wp:attachment":[{"href":"https:\/\/metal-badge.ch\/fr\/wp-json\/wp\/v2\/media?parent=20345"}],"wp:term":[{"taxonomy":"product_brand","embeddable":true,"href":"https:\/\/metal-badge.ch\/fr\/wp-json\/wp\/v2\/product_brand?post=20345"},{"taxonomy":"product_cat","embeddable":true,"href":"https:\/\/metal-badge.ch\/fr\/wp-json\/wp\/v2\/product_cat?post=20345"},{"taxonomy":"product_tag","embeddable":true,"href":"https:\/\/metal-badge.ch\/fr\/wp-json\/wp\/v2\/product_tag?post=20345"}],"curies":[{"name":"wp","href":"https:\/\/api.w.org\/{rel}","templated":true}]}}